{"id":21852,"date":"2020-02-19T14:39:32","date_gmt":"2020-02-19T13:39:32","guid":{"rendered":"http:\/\/www.funidelia.dk\/blog\/?page_id=21852"},"modified":"2024-06-24T10:02:51","modified_gmt":"2024-06-24T08:02:51","slug":"halloween-pynt-dekorationer","status":"publish","type":"page","link":"http:\/\/www.funidelia.dk\/blog\/halloween-pynt-dekorationer\/","title":{"rendered":"Halloween Dekoration"},"content":{"rendered":"<p>I dette indl\u00e6g finder du de klassiske <strong>Halloween dekorationsideer,<\/strong> men du finder ogs\u00e5 de mest skr\u00e6mmende og uhyggelige dekorationsideer, der ville skr\u00e6mme selv de modigste g\u00e6ster.<\/p>\n<h2>Det skr\u00e6mmende, fortryllede hus<\/h2>\n<p>Giv dine g\u00e6ster friheden til at kl\u00e6de sig ud som de vil, og lad alle v\u00e6lge det <a href=\"https:\/\/www.funidelia.dk\/kostumer\/halloween\/3532\">Halloween kostume<\/a> de bedst kan lide (s\u00e5 l\u00e6nge det er noget m\u00f8rkt og uhyggeligt &#8230;) denne Halloween: hekse, vampyrer, zombier, tryllekunstnere og troldm\u00e6nd&#8230;Men det vigtigste for at din fest bliver en succes, er <a href=\"https:\/\/www.funidelia.dk\/dekorationer\/halloween\/3732\">Halloween dekorationer<\/a> i dit hus, s\u00e5 alle har en uhyggelig aften: spindelv\u00e6v, gr\u00e6skar, m\u00f8rke dekorationer p\u00e5 v\u00e6ggene, falskt blod&#8230;<\/p>\n<p>Du kan fuldende omgivelserne med cocktails der ligner magiske brygge, ved hj\u00e6lp af farvede drikkevarer, som gr\u00f8nne, bl\u00e5 og r\u00f8de blandinger&#8230; eller brug t\u00f8ris, s\u00e5 der kommer r\u00f8g ud og giver en uhyggelig fornemmelse. Du kan ogs\u00e5 bruge uhyggelige glas og service til at dekorere til festen.<\/p>\n<p align=\"center\"><img decoding=\"async\" class=\"aligncenter\" src=\"https:\/\/static1.funidelia.com\/img\/blog\/s-halloween-decorations\/p-deco-halloween.jpg\" \/><\/p>\n<p align=\"center\"><img decoding=\"async\" class=\"aligncenter\" src=\"https:\/\/static1.funidelia.com\/img\/blog\/s-halloween-decorations\/p-halloween-deco3.jpg\" \/><\/p>\n<p align=\"center\"><img decoding=\"async\" src=\"https:\/\/static1.funidelia.com\/52523-f6_list\/pegatina-de-cervezas.jpg\" \/><\/p>\n<p align=\"center\"><img decoding=\"async\" src=\"https:\/\/static1.funidelia.com\/236849-f6_list\/set-de-4-etiquetas-de-halloween-para-botellas-basic-halloween.jpg\" \/><\/p>\n<p align=\"center\"><img decoding=\"async\" src=\"https:\/\/static1.funidelia.com\/13219-f6_list\/vasos-chupito-jason-viernes-13.jpg\" \/><\/p>\n<p>Et meget brugt tip er at tilskynde dine g\u00e6ster til at kl\u00e6de sig ud som hovedpersoner i gyserfilm og b\u00e6re Freddy Kruegers t\u00f8j, eller Jason&#8217;s fra fredag den 13., Pennywise&#8217;s (det er klovnen)&#8230; eller et andet kostume, der passer til et \u00abfamilievenligt\u201d milj\u00f8, som The Addams Family kostumer.<\/p>\n<p align=\"center\"><img decoding=\"async\" src=\"https:\/\/static1.funidelia.com\/img\/blog\/s-halloween-decorations\/p-addams.jpg\" \/><\/p>\n<h2>Grev Dracula og hans trofaste hold af vampyrer<\/h2>\n<p>Til denne fest kan dit tema v\u00e6re vampyrer. Alle ved noget om blodsugerne, og derfor kan du g\u00f8re dit hus til et \u00e6gte vampyr palads. Ved denne lejlighed er r\u00f8de og sorte dekorationer, gravsten og grave som p\u00e5 en kirkeg\u00e5rd og dyster belysning det vigtigste. Selv om nogle af dem lyser i sollys, holder vi os til dem, der br\u00e6nder i solen..<\/p>\n<p align=\"center\"><img decoding=\"async\" src=\"https:\/\/static1.funidelia.com\/img\/blog\/s-halloween-decorations\/p-halloween-deco5.jpg\" \/><\/p>\n<p>Du skal ogs\u00e5 huske at placere stearinlys, spindelv\u00e6v, h\u00e6nder og vampyrt\u00e6nder og blod (falsk) overalt. Du kan ogs\u00e5 invitere dine venner til at forkl\u00e6de sig som ofre, s\u00e5 de selv kan v\u00e6lge hvilken rolle de vil v\u00e6re, og komme med bidem\u00e6rker p\u00e5 halsen.<\/p>\n<p align=\"center\"><img decoding=\"async\" src=\"https:\/\/static1.funidelia.com\/20138-f6_list\/herida-de-mordedura-de-vampiro.jpg\" \/><\/p>\n<p>Som en id\u00e9 til denne fest anbefaler vi at lave nogle velsmagende cocktails med en r\u00f8dlig farve, da vampyrer selvf\u00f8lgelig kun drikker blod. Til det kan du bruge madsikre farvestoffer eller r\u00f8de frugtekstrakter&#8230; alt dette serveres i dystre Halloween kopper og glas som disse.<\/p>\n<p align=\"center\"><img decoding=\"async\" src=\"https:\/\/static1.funidelia.com\/63923-f6_list\/copa-esqueleto.jpg\" \/><\/p>\n<p align=\"center\"><img decoding=\"async\" src=\"https:\/\/static1.funidelia.com\/16574-f6_list\/copa-de-vino-gotica.jpg\" \/><\/p>\n<h2>Velkommen til Zombieland<\/h2>\n<p>Efter den anerkendte serie \u201cThe Walking Dead\u201d er de levende d\u00f8de ikke l\u00e6ngere hvad de plejede at v\u00e6re. Zombie-territoriet er en trend, s\u00e5 du vil ikke skuffe, hvis du holder en fest med zombier som tema, b\u00e5de hvis det er inspireret af The Walking Dead eller andre zombier.<\/p>\n<p align=\"center\"><img decoding=\"async\" src=\"https:\/\/static1.funidelia.com\/img\/blog\/s-halloween-decorations\/p-zombie-deco.jpg\" \/><\/p>\n<p>Til Halloween dekorationer i dit hus, foresl\u00e5r vi at beskytte det mod et zombieangreb med nogle \u00abkropsrester\u00bb, som om zombierne fors\u00f8gte at bryde ind.<\/p>\n<p>Hvis du har en have, kan du pynte den ligesom det var en grav, med kranier, lig der kommer ud af jorden, gravsten og andre elementer, der kunne f\u00e5 nogen i deres respektive roller.<\/p>\n<p align=\"center\"><img decoding=\"async\" src=\"https:\/\/static1.funidelia.com\/img\/blog\/s-halloween-decorations\/p-zombie.jpg\" \/><\/p>\n<p align=\"center\"><img decoding=\"async\" src=\"https:\/\/static1.funidelia.com\/img\/blog\/s-halloween-decorations\/p-halloween-deco2.jpg\" \/><\/p>\n<p>Nu hvor vi har d\u00e6kket klassikerne, foresl\u00e5r vi nogle nye ideer, noget rimelig groteske, som er anderledes og kan f\u00e5 os ud af rutinen.<\/p>\n<h2>Det var engang\u2026 et diabolisk cirkus<\/h2>\n<p>Cirkuset, med s\u00e5 meget farve og mangfoldighed, giver os masser af m\u00e5der at kl\u00e6de os ud p\u00e5, men hvis du er som os&#8230; er der intet mere skr\u00e6mmende end en blodt\u00f8rstig klovn.<\/p>\n<p>Men vi foresl\u00e5r at omdanne dine fester til et stort, diabolisk cirkus, med uhyggelige klovne, perverse t\u00e6mmere, onde dansere, uhyggelige akrobater og en uendelig k\u00f8 af demoniserede kunstnere.<\/p>\n<p align=\"center\"><img decoding=\"async\" src=\"https:\/\/static1.funidelia.com\/img\/blog\/s-halloween-decorations\/p-horror-is-fun.jpg\" \/><\/p>\n<p>Vi foresl\u00e5r disse klovnemasker til at fuldende et hjemmelavet kostume og terrorisere g\u00e6sterne.<\/p>\n<p align=\"center\"><img decoding=\"async\" src=\"https:\/\/static1.funidelia.com\/img\/blog\/s-halloween-decorations\/p-pennywise2.jpg\" \/><\/p>\n<p align=\"center\"><img decoding=\"async\" src=\"https:\/\/static1.funidelia.com\/img\/blog\/s-halloween-decorations\/p-pennywise-mask.jpg\" \/><\/p>\n<p align=\"center\"><img decoding=\"async\" src=\"https:\/\/static1.funidelia.com\/145513-f6_list\/media-mascara-de-it-para-hombre-it-the-movie.jpg\" \/><\/p>\n<h2>Rumv\u00e6sener: en fest fra en anden verden<\/h2>\n<p>Hvis vi virkelig er alene i universet&#8230; er det et spild af plads!<\/p>\n<p>For at begynde at udfylde det foresl\u00e5r vi en overjordisk fest.<\/p>\n<p>Til det skal du f\u00e5 dine g\u00e6ster til at kl\u00e6de sig ud som rumv\u00e6sener, hvilket kan blive rigtig sjovt, og du kan l\u00e6re, hvor fantasifuld hver enkelt af dem er. Tro mig, som ekspert p\u00e5 kostumer, at dette kan blive mindev\u00e6rdigt.<\/p>\n<p align=\"center\"><img decoding=\"async\" src=\"https:\/\/static1.funidelia.com\/242884-f6_list\/disfraz-de-alien-morphsuits-infantil.jpg\" \/><\/p>\n<p align=\"center\"><img decoding=\"async\" src=\"https:\/\/static1.funidelia.com\/57028-f6_list\/disfraz-a-hombros-de-marciano-para-adulto.jpg\" \/><\/p>\n<p align=\"center\"><img decoding=\"async\" src=\"https:\/\/static1.funidelia.com\/53351-f6_list\/disfraz-de-alienigena-poderoso-para-nino.jpg\" \/><\/p>\n<p align=\"center\"><img decoding=\"async\" src=\"https:\/\/static1.funidelia.com\/9096-f6_list\/mascara-de-alien-de-alien-vs-predator.jpg\" \/><\/p>\n<p align=\"center\"><img decoding=\"async\" src=\"https:\/\/static1.funidelia.com\/54705-f6_list\/disfraz-de-ripley-mata-aliens-para-mujer.jpg\" \/><\/p>\n<p>Og hvis du vil give rumv\u00e6sen festen en mere kinematografisk fornemmelse, er f\u00e5 ting bedre end at huske filmen Alien og dens hovedperson Ellen Ripley, der st\u00e5r over for dette grimme, skr\u00e6mmende v\u00e6sen fra en anden planet.<\/p>\n<p>Og dette var vores sk\u00f8re ideer til din Halloween fest. Du kan ogs\u00e5 g\u00f8re temaet friere og lade alle kl\u00e6de sig ud som deres foretrukne karakter (selv hvis de ikke er skr\u00e6mmende). Den vigtige ting at huske p\u00e5 er at nyde denne tid med dine venner.<\/p>\n<h2 style=\"text-align: center;\">Horror is fun!<\/h2>\n<div class=\"box-videoLight\">\n<div class=\"video-player\" data-id=\"gSowKxLQ1dc\"><\/div>\n<\/div>\n","protected":false},"excerpt":{"rendered":"<p>I dette indl\u00e6g finder du de klassiske Halloween dekorationsideer, men du finder ogs\u00e5 de mest skr\u00e6mmende og uhyggelige dekorationsideer, der ville skr\u00e6mme selv de modigste g\u00e6ster. Det skr\u00e6mmende, fortryllede hus Giv dine g\u00e6ster friheden til at kl\u00e6de sig ud som de vil, og lad alle v\u00e6lge det Halloween kostume de&#8230;<\/p>\n","protected":false},"author":11,"featured_media":21907,"parent":0,"menu_order":0,"comment_status":"closed","ping_status":"closed","template":"","meta":{"footnotes":""},"yoast_head":"<!-- This site is optimized with the Yoast SEO plugin v23.0 - https:\/\/yoast.com\/wordpress\/plugins\/seo\/ -->\n<title>Halloween-dekorationer\ud83d\udd78Forsyning til en Gyserfest<\/title>\n<meta name=\"description\" content=\"Halloween dekorationer til en d\u00f8deligt sjov fest. Gennemse de bedste ideer til gyserdekoration til din Halloweenfest.\" \/>\n<meta name=\"robots\" content=\"index, follow, max-snippet:-1, max-image-preview:large, max-video-preview:-1\" \/>\n<link rel=\"canonical\" href=\"http:\/\/www.funidelia.dk\/blog\/halloween-pynt-dekorationer\/\" \/>\n<meta property=\"og:locale\" content=\"es_ES\" \/>\n<meta property=\"og:type\" content=\"article\" \/>\n<meta property=\"og:title\" content=\"Halloween-dekorationer\ud83d\udd78Forsyning til en Gyserfest\" \/>\n<meta property=\"og:description\" content=\"Halloween dekorationer til en d\u00f8deligt sjov fest. Gennemse de bedste ideer til gyserdekoration til din Halloweenfest.\" \/>\n<meta property=\"og:url\" content=\"http:\/\/www.funidelia.dk\/blog\/halloween-pynt-dekorationer\/\" \/>\n<meta property=\"og:site_name\" content=\"Funidelia Blog\" \/>\n<meta property=\"article:publisher\" content=\"https:\/\/www.facebook.com\/funidelia\" \/>\n<meta property=\"article:modified_time\" content=\"2024-06-24T08:02:51+00:00\" \/>\n<meta property=\"og:image\" content=\"http:\/\/www.funidelia.dk\/blog\/wp-content\/uploads\/2019\/10\/halloween-deco.jpg\" \/>\n\t<meta property=\"og:image:width\" content=\"1194\" \/>\n\t<meta property=\"og:image:height\" content=\"796\" \/>\n\t<meta property=\"og:image:type\" content=\"image\/jpeg\" \/>\n<meta name=\"twitter:card\" content=\"summary_large_image\" \/>\n<meta name=\"twitter:site\" content=\"@funidelia\" \/>\n<meta name=\"twitter:label1\" content=\"Tiempo de lectura\" \/>\n\t<meta name=\"twitter:data1\" content=\"4 minutos\" \/>\n<script type=\"application\/ld+json\" class=\"yoast-schema-graph\">{\"@context\":\"https:\/\/schema.org\",\"@graph\":[{\"@type\":\"WebPage\",\"@id\":\"http:\/\/www.funidelia.dk\/blog\/halloween-pynt-dekorationer\/\",\"url\":\"http:\/\/www.funidelia.dk\/blog\/halloween-pynt-dekorationer\/\",\"name\":\"Halloween-dekorationer\ud83d\udd78Forsyning til en Gyserfest\",\"isPartOf\":{\"@id\":\"http:\/\/www.funidelia.dk\/blog\/#website\"},\"primaryImageOfPage\":{\"@id\":\"http:\/\/www.funidelia.dk\/blog\/halloween-pynt-dekorationer\/#primaryimage\"},\"image\":{\"@id\":\"http:\/\/www.funidelia.dk\/blog\/halloween-pynt-dekorationer\/#primaryimage\"},\"thumbnailUrl\":\"http:\/\/www.funidelia.dk\/blog\/wp-content\/uploads\/2019\/10\/halloween-deco.jpg\",\"datePublished\":\"2020-02-19T13:39:32+00:00\",\"dateModified\":\"2024-06-24T08:02:51+00:00\",\"description\":\"Halloween dekorationer til en d\u00f8deligt sjov fest. Gennemse de bedste ideer til gyserdekoration til din Halloweenfest.\",\"breadcrumb\":{\"@id\":\"http:\/\/www.funidelia.dk\/blog\/halloween-pynt-dekorationer\/#breadcrumb\"},\"inLanguage\":\"es\",\"potentialAction\":[{\"@type\":\"ReadAction\",\"target\":[\"http:\/\/www.funidelia.dk\/blog\/halloween-pynt-dekorationer\/\"]}]},{\"@type\":\"ImageObject\",\"inLanguage\":\"es\",\"@id\":\"http:\/\/www.funidelia.dk\/blog\/halloween-pynt-dekorationer\/#primaryimage\",\"url\":\"http:\/\/www.funidelia.dk\/blog\/wp-content\/uploads\/2019\/10\/halloween-deco.jpg\",\"contentUrl\":\"http:\/\/www.funidelia.dk\/blog\/wp-content\/uploads\/2019\/10\/halloween-deco.jpg\",\"width\":1194,\"height\":796},{\"@type\":\"BreadcrumbList\",\"@id\":\"http:\/\/www.funidelia.dk\/blog\/halloween-pynt-dekorationer\/#breadcrumb\",\"itemListElement\":[{\"@type\":\"ListItem\",\"position\":1,\"name\":\"Portada\",\"item\":\"http:\/\/www.funidelia.dk\/blog\/\"},{\"@type\":\"ListItem\",\"position\":2,\"name\":\"Halloween Dekoration\"}]},{\"@type\":\"WebSite\",\"@id\":\"http:\/\/www.funidelia.dk\/blog\/#website\",\"url\":\"http:\/\/www.funidelia.dk\/blog\/\",\"name\":\"Funidelia Blog\",\"description\":\"\",\"publisher\":{\"@id\":\"http:\/\/www.funidelia.dk\/blog\/#organization\"},\"potentialAction\":[{\"@type\":\"SearchAction\",\"target\":{\"@type\":\"EntryPoint\",\"urlTemplate\":\"http:\/\/www.funidelia.dk\/blog\/?s={search_term_string}\"},\"query-input\":\"required name=search_term_string\"}],\"inLanguage\":\"es\"},{\"@type\":\"Organization\",\"@id\":\"http:\/\/www.funidelia.dk\/blog\/#organization\",\"name\":\"Funidelia\",\"url\":\"http:\/\/www.funidelia.dk\/blog\/\",\"logo\":{\"@type\":\"ImageObject\",\"inLanguage\":\"es\",\"@id\":\"http:\/\/www.funidelia.dk\/blog\/#\/schema\/logo\/image\/\",\"url\":\"\",\"contentUrl\":\"\",\"caption\":\"Funidelia\"},\"image\":{\"@id\":\"http:\/\/www.funidelia.dk\/blog\/#\/schema\/logo\/image\/\"},\"sameAs\":[\"https:\/\/www.facebook.com\/funidelia\",\"https:\/\/x.com\/funidelia\",\"https:\/\/www.instagram.com\/funidelia\/\",\"https:\/\/linkedin.com\/company\/funidelia\",\"https:\/\/es.pinterest.com\/funidelia\/\",\"https:\/\/www.youtube.com\/user\/FunideliaEs\/\"]}]}<\/script>\n<!-- \/ Yoast SEO plugin. -->","yoast_head_json":{"title":"Halloween-dekorationer\ud83d\udd78Forsyning til en Gyserfest","description":"Halloween dekorationer til en d\u00f8deligt sjov fest. Gennemse de bedste ideer til gyserdekoration til din Halloweenfest.","robots":{"index":"index","follow":"follow","max-snippet":"max-snippet:-1","max-image-preview":"max-image-preview:large","max-video-preview":"max-video-preview:-1"},"canonical":"http:\/\/www.funidelia.dk\/blog\/halloween-pynt-dekorationer\/","og_locale":"es_ES","og_type":"article","og_title":"Halloween-dekorationer\ud83d\udd78Forsyning til en Gyserfest","og_description":"Halloween dekorationer til en d\u00f8deligt sjov fest. Gennemse de bedste ideer til gyserdekoration til din Halloweenfest.","og_url":"http:\/\/www.funidelia.dk\/blog\/halloween-pynt-dekorationer\/","og_site_name":"Funidelia Blog","article_publisher":"https:\/\/www.facebook.com\/funidelia","article_modified_time":"2024-06-24T08:02:51+00:00","og_image":[{"width":1194,"height":796,"url":"http:\/\/www.funidelia.dk\/blog\/wp-content\/uploads\/2019\/10\/halloween-deco.jpg","type":"image\/jpeg"}],"twitter_card":"summary_large_image","twitter_site":"@funidelia","twitter_misc":{"Tiempo de lectura":"4 minutos"},"schema":{"@context":"https:\/\/schema.org","@graph":[{"@type":"WebPage","@id":"http:\/\/www.funidelia.dk\/blog\/halloween-pynt-dekorationer\/","url":"http:\/\/www.funidelia.dk\/blog\/halloween-pynt-dekorationer\/","name":"Halloween-dekorationer\ud83d\udd78Forsyning til en Gyserfest","isPartOf":{"@id":"http:\/\/www.funidelia.dk\/blog\/#website"},"primaryImageOfPage":{"@id":"http:\/\/www.funidelia.dk\/blog\/halloween-pynt-dekorationer\/#primaryimage"},"image":{"@id":"http:\/\/www.funidelia.dk\/blog\/halloween-pynt-dekorationer\/#primaryimage"},"thumbnailUrl":"http:\/\/www.funidelia.dk\/blog\/wp-content\/uploads\/2019\/10\/halloween-deco.jpg","datePublished":"2020-02-19T13:39:32+00:00","dateModified":"2024-06-24T08:02:51+00:00","description":"Halloween dekorationer til en d\u00f8deligt sjov fest. Gennemse de bedste ideer til gyserdekoration til din Halloweenfest.","breadcrumb":{"@id":"http:\/\/www.funidelia.dk\/blog\/halloween-pynt-dekorationer\/#breadcrumb"},"inLanguage":"es","potentialAction":[{"@type":"ReadAction","target":["http:\/\/www.funidelia.dk\/blog\/halloween-pynt-dekorationer\/"]}]},{"@type":"ImageObject","inLanguage":"es","@id":"http:\/\/www.funidelia.dk\/blog\/halloween-pynt-dekorationer\/#primaryimage","url":"http:\/\/www.funidelia.dk\/blog\/wp-content\/uploads\/2019\/10\/halloween-deco.jpg","contentUrl":"http:\/\/www.funidelia.dk\/blog\/wp-content\/uploads\/2019\/10\/halloween-deco.jpg","width":1194,"height":796},{"@type":"BreadcrumbList","@id":"http:\/\/www.funidelia.dk\/blog\/halloween-pynt-dekorationer\/#breadcrumb","itemListElement":[{"@type":"ListItem","position":1,"name":"Portada","item":"http:\/\/www.funidelia.dk\/blog\/"},{"@type":"ListItem","position":2,"name":"Halloween Dekoration"}]},{"@type":"WebSite","@id":"http:\/\/www.funidelia.dk\/blog\/#website","url":"http:\/\/www.funidelia.dk\/blog\/","name":"Funidelia Blog","description":"","publisher":{"@id":"http:\/\/www.funidelia.dk\/blog\/#organization"},"potentialAction":[{"@type":"SearchAction","target":{"@type":"EntryPoint","urlTemplate":"http:\/\/www.funidelia.dk\/blog\/?s={search_term_string}"},"query-input":"required name=search_term_string"}],"inLanguage":"es"},{"@type":"Organization","@id":"http:\/\/www.funidelia.dk\/blog\/#organization","name":"Funidelia","url":"http:\/\/www.funidelia.dk\/blog\/","logo":{"@type":"ImageObject","inLanguage":"es","@id":"http:\/\/www.funidelia.dk\/blog\/#\/schema\/logo\/image\/","url":"","contentUrl":"","caption":"Funidelia"},"image":{"@id":"http:\/\/www.funidelia.dk\/blog\/#\/schema\/logo\/image\/"},"sameAs":["https:\/\/www.facebook.com\/funidelia","https:\/\/x.com\/funidelia","https:\/\/www.instagram.com\/funidelia\/","https:\/\/linkedin.com\/company\/funidelia","https:\/\/es.pinterest.com\/funidelia\/","https:\/\/www.youtube.com\/user\/FunideliaEs\/"]}]}},"_links":{"self":[{"href":"http:\/\/www.funidelia.dk\/blog\/wp-json\/wp\/v2\/pages\/21852"}],"collection":[{"href":"http:\/\/www.funidelia.dk\/blog\/wp-json\/wp\/v2\/pages"}],"about":[{"href":"http:\/\/www.funidelia.dk\/blog\/wp-json\/wp\/v2\/types\/page"}],"author":[{"embeddable":true,"href":"http:\/\/www.funidelia.dk\/blog\/wp-json\/wp\/v2\/users\/11"}],"replies":[{"embeddable":true,"href":"http:\/\/www.funidelia.dk\/blog\/wp-json\/wp\/v2\/comments?post=21852"}],"version-history":[{"count":5,"href":"http:\/\/www.funidelia.dk\/blog\/wp-json\/wp\/v2\/pages\/21852\/revisions"}],"predecessor-version":[{"id":22685,"href":"http:\/\/www.funidelia.dk\/blog\/wp-json\/wp\/v2\/pages\/21852\/revisions\/22685"}],"wp:featuredmedia":[{"embeddable":true,"href":"http:\/\/www.funidelia.dk\/blog\/wp-json\/wp\/v2\/media\/21907"}],"wp:attachment":[{"href":"http:\/\/www.funidelia.dk\/blog\/wp-json\/wp\/v2\/media?parent=21852"}],"curies":[{"name":"wp","href":"https:\/\/api.w.org\/{rel}","templated":true}]}}
