{"id":21941,"date":"2019-12-27T08:31:58","date_gmt":"2019-12-27T07:31:58","guid":{"rendered":"http:\/\/www.funidelia.dk\/blog\/?page_id=21941"},"modified":"2024-06-24T10:02:14","modified_gmt":"2024-06-24T08:02:14","slug":"juledekoration","status":"publish","type":"page","link":"http:\/\/www.funidelia.dk\/blog\/juledekoration\/","title":{"rendered":"De mest originale Juledekorationer"},"content":{"rendered":"<p>\u00abWinter is coming\u00bb og med det, en af de smukkeste tider at tilbringe med familien, julen. Derfor er vi n\u00f8dt til at t\u00e6nke p\u00e5 de <strong>juledekorationer<\/strong>, som vi vil v\u00e6lge i \u00e5r. Men vi har gode nyheder: Hos Funidelia har vi t\u00e6nkt os at hj\u00e6lpe dig med <a href=\"https:\/\/www.funidelia.dk\/dekorationer\/jul\/3734\">juledekorationerne<\/a> i \u00e5r, s\u00e5 lad os give dig en masse ideer til julepynt og ornamenter!<\/p>\n<p>Vi har alt hvad du har brug for i vores julepyntssektion, fra juleguirlander og andre dekorationer til juletr\u00e6et, og det mest originale service (glas, tallerkener eller duge med de sjoveste juletemaer).<\/p>\n<p>Men <strong>hvordan v\u00e6lger vi juledekorationerne<\/strong>? Bare rolig, vi giver dig en masse forskellige temaer og de v\u00e6sentligste ornamenter til at tilbringe en smuk og sjov jul med din familie.<\/p>\n<p align=\"center\"><img decoding=\"async\" src=\"https:\/\/static1.funidelia.com\/img\/blog\/s-christmas-decorations\/santas-deco.jpg\" \/><\/p>\n<h2><strong>Juledekoration gennem farverne<\/strong><\/h2>\n<p>En af de ting, der kan f\u00e5 os til at bestemme vores julepynt, er farverne. Vi kan v\u00e6lge mellem s\u00f8lv, guld eller r\u00f8de dekorationer og derfra kombinere alt med de originale ideer, du finder hos Funidelia.<\/p>\n<ul>\n<li style=\"list-style-type: none;\">\n<ul>\n<li><strong>S\u00f8lv Dekorationer:<\/strong> alt hvad du har brug for for at d\u00e6kke det bedste julebord med gr\u00e5 og s\u00f8lvfarver. Duge, tallerkener, bestik og endda s\u00f8lv lysestager for at give et smukt touch til dit bord. Og selvf\u00f8lgelig forskellige valg af balloner, guirlander og s\u00f8lv v\u00e6gdekorationer. Selv de mytiske fest trompeter i gr\u00e5! Og hvis du vil have en stor fest&#8230; Har vi endda en s\u00f8lv konfettikanon!<\/li>\n<\/ul>\n<\/li>\n<\/ul>\n<p align=\"center\"><img decoding=\"async\" src=\"https:\/\/static1.funidelia.com\/img\/blog\/s-christmas-decorations\/happy-new-year-decoration-2.jpg\" \/><\/p>\n<ul>\n<li style=\"list-style-type: none;\">\n<ul>\n<li><strong>Guld Dekorationer:<\/strong> guld vil sejre til din jul med disse produkter. Glas og gyldne tallerkner i forskellige st\u00f8rrelser, balloner man kan bruge til en &#8216;god jul&#8217; og stjerner eller dekorative vifter til et mere markant pr\u00e6g. Giv dit bord et gyldent bad med duge, servietter og endda guldfarvede diamantformede krystaller. Alle vil elske det!<\/li>\n<\/ul>\n<\/li>\n<\/ul>\n<p align=\"center\"><img decoding=\"async\" src=\"https:\/\/static1.funidelia.com\/img\/blog\/s-christmas-decorations\/happy-new-year-decoration-3.jpg\" \/><\/p>\n<ul>\n<li style=\"list-style-type: none;\">\n<ul>\n<li><strong>R\u00f8de Dekorationer:<\/strong> og til mere traditionel julepynt har vi julens farve, r\u00f8d. Alt service til bordet sammen med sjove og originale guirlander af kvaster, stjerner eller pomponer afslutter din fest. Og tilf\u00f8j r\u00f8de stearinlys eller r\u00f8de rosenblade til dit bord for at give det et endnu mere originalt pr\u00e6g.<\/li>\n<\/ul>\n<\/li>\n<\/ul>\n<p align=\"center\"><img decoding=\"async\" src=\"https:\/\/static1.funidelia.com\/360309-f6_list\/3-abanicos-de-papel-decorativos-rojos.jpg\" \/> <img decoding=\"async\" src=\"https:\/\/static1.funidelia.com\/339085-f6_list\/guirnalda-decorativa-de-cristal-rojo-de-1-m-y-18-mm-de-diametro.jpg\" \/><\/p>\n<p>Men hvis vi ikke beslutter os for en bestemt farve, kan vi fokusere vores dekorationer p\u00e5 snefnug. S\u00e5 vi kan blande hvide, bl\u00e5, s\u00f8lv og endda guldfarver. Vi har ogs\u00e5 det mest originale k\u00f8kkenudstyr og dekorationer til dit bord og v\u00e6gge med et tema som jul med snefnug.<\/p>\n<p align=\"center\"><img decoding=\"async\" src=\"https:\/\/static1.funidelia.com\/img\/blog\/s-christmas-decorations\/snowflake-decoration.jpg\" \/><\/p>\n<h2><strong>S\u00e6tter vi krybbespillet frem eller venter p\u00e5 Julemanden?<\/strong><\/h2>\n<p>Til jul er variationen af juledekorationer enorm. Der er dem, der foretr\u00e6kker at stille et krybbespil op. Og andre, der er mere til at dekorere deres hus med motiver af julemanden, hans rensdyr og sokker ved siden af pejsen, s\u00e5 julenissen kan efterlade gaver og slik til dem, der har opf\u00f8rt sig p\u00e6nt.<\/p>\n<p>Hvis du er mere til krybbespil eller krybbe, foresl\u00e5r vi nogle smukke miniature julebyer. Du kan ogs\u00e5 finde tr\u00e6er og julepynt s\u00e5som gardiner i lys, som du kan placere i hele dit hjem eller i n\u00e6rheden af krybbespillet for at belyse det bedre.<\/p>\n<p align=\"center\"><img decoding=\"async\" src=\"https:\/\/static1.funidelia.com\/246143-f6_list\/pueblo-navideno-de-ninos-con-luz-y-movimiento.jpg\" \/><\/p>\n<p>Hvis du foretr\u00e6kker at omgive dig med julemanden og alt, hvad der h\u00e6nger sammen med den mest ber\u00f8mte sk\u00e6ggede mand, har vi de mest originale julemandsdekorationer. Fra dekorative figurer og ornamenter til d\u00f8rene, til k\u00f8kkenudstyr til din frokost og middag. Og selvf\u00f8lgelig masser af julesokker til at h\u00e6nge ved siden af din pejs. V\u00e6lg dine favoritter, og vent til juleaften, for at se, hvor god du har v\u00e6ret.<\/p>\n<p align=\"center\"><img decoding=\"async\" src=\"https:\/\/static1.funidelia.com\/img\/blog\/s-christmas-decorations\/santas-deco-2.jpg\" \/><\/p>\n<p>Tilf\u00f8j ogs\u00e5 et sjovt pr\u00e6g med vores rensdyrpynt. Figurer, k\u00f8kkenudstyr, h\u00e6ngende dekorationer og endda rensdyrformet konfetti!<\/p>\n<h2><strong>Juletr\u00e6er og andet vigtigt julepynt<\/strong><\/h2>\n<p>Vi efterlader dig det vigtigste n\u00e5r det kommer til julepynt!<\/p>\n<ul>\n<li style=\"list-style-type: none;\">\n<ul>\n<li><strong>Juletr\u00e6er:<\/strong> fordi der ikke er nogen jul uden et tr\u00e6, har vi de bedste dekorationer til juletr\u00e6et. Lys, glitter, sl\u00f8jfer, figurer og julekugler i forskellige farver og kombinationer, s\u00e5 du har meget at v\u00e6lge imellem. Selvf\u00f8lgelig vil du ikke g\u00e5 glip af noget! Og hvis du leder efter mindre tr\u00e6er, har vi flere ideer til dig.<\/li>\n<li><strong>Julestjerner<\/strong>: og hvad ville der blive af et tr\u00e6 uden at en julestjerne toppede det. V\u00e6lg din favorit og giv dit tr\u00e6 det sidste touch, det har brug for. Hvid, guld, r\u00f8d, s\u00f8lv&#8230; Du har meget at v\u00e6lge imellem.<\/li>\n<\/ul>\n<\/li>\n<\/ul>\n<p align=\"center\"><img decoding=\"async\" src=\"https:\/\/static1.funidelia.com\/img\/blog\/s-christmas-decorations\/stars-decoration.jpg\" \/><\/p>\n<ul>\n<li style=\"list-style-type: none;\">\n<ul>\n<li><strong>Jule k\u00f8kkenudstyr<\/strong>: tallerkener, glas, bestik, duge og alt hvad du skal bruge til dit bord til jule m\u00e5ltider og middage. Bland farver og toner, eller v\u00e6lg alt k\u00f8kkenudstyr i samme farve. Motiver med snefnug, rensdyr eller julem\u00e6nd for at give det et originalt og sjovt pr\u00e6g. Kort sagt hundreder af kombinationer af jule k\u00f8kkenudstyr til at arrangere en fest efter din smag.<\/li>\n<\/ul>\n<\/li>\n<\/ul>\n<p align=\"center\"><img decoding=\"async\" src=\"https:\/\/static1.funidelia.com\/img\/blog\/s-christmas-decorations\/christmas-deco.jpg\" \/><\/p>\n<ul>\n<li style=\"list-style-type: none;\">\n<ul>\n<li><strong>Jule guirlander<\/strong>: stop ikke festen! Forbered dit hjem med de mest originale guirlander og v\u00e6gdekorationer, s\u00e5 ingen \u00f8nsker at g\u00e5 hjem. Guirlander af stjerner, snefnug eller s\u00e6tninger som &#8216;Merry Christmas&#8217; eller &#8216;Christmas Time&#8217; i forskellige farver og bogstavtyper. V\u00e6lg dine juleguirlander nu!<\/li>\n<li><strong>Julekalendere:<\/strong> V\u00e6lg til sidst den mest sjove julekalender i december, med overraskelser hver dag. Vi har flere meget originale muligheder. Du skal bare ikke v\u00e6re ut\u00e5lmodig og vent med at \u00e5bne l\u00e5gerne til den rigtige dag!<\/li>\n<\/ul>\n<\/li>\n<\/ul>\n<p align=\"center\"><img decoding=\"async\" src=\"https:\/\/static1.funidelia.com\/41426-f6_list\/calendario-de-papa-noel-76-cm.jpg\" \/><img decoding=\"async\" src=\"https:\/\/static1.funidelia.com\/245986-f6_list\/calendario-de-adviento-de-arbol-navideno.jpg\" \/><\/p>\n","protected":false},"excerpt":{"rendered":"<p>\u00abWinter is coming\u00bb og med det, en af de smukkeste tider at tilbringe med familien, julen. Derfor er vi n\u00f8dt til at t\u00e6nke p\u00e5 de juledekorationer, som vi vil v\u00e6lge i \u00e5r. Men vi har gode nyheder: Hos Funidelia har vi t\u00e6nkt os at hj\u00e6lpe dig med juledekorationerne i \u00e5r,&#8230;<\/p>\n","protected":false},"author":21,"featured_media":21944,"parent":0,"menu_order":0,"comment_status":"closed","ping_status":"closed","template":"","meta":{"footnotes":""},"yoast_head":"<!-- This site is optimized with the Yoast SEO plugin v23.0 - https:\/\/yoast.com\/wordpress\/plugins\/seo\/ -->\n<title>Oplev \u00e5rets mest originale juledekorationer<\/title>\n<meta name=\"description\" content=\"Mange juleideer til at fylde dit hjem med juledekorationer. Opdag de forskellige kollektioner, og overrask alle i \u00e5r!\" \/>\n<meta name=\"robots\" content=\"index, follow, max-snippet:-1, max-image-preview:large, max-video-preview:-1\" \/>\n<link rel=\"canonical\" href=\"http:\/\/www.funidelia.dk\/blog\/juledekoration\/\" \/>\n<meta property=\"og:locale\" content=\"es_ES\" \/>\n<meta property=\"og:type\" content=\"article\" \/>\n<meta property=\"og:title\" content=\"Oplev \u00e5rets mest originale juledekorationer\" \/>\n<meta property=\"og:description\" content=\"Mange juleideer til at fylde dit hjem med juledekorationer. Opdag de forskellige kollektioner, og overrask alle i \u00e5r!\" \/>\n<meta property=\"og:url\" content=\"http:\/\/www.funidelia.dk\/blog\/juledekoration\/\" \/>\n<meta property=\"og:site_name\" content=\"Funidelia Blog\" \/>\n<meta property=\"article:publisher\" content=\"https:\/\/www.facebook.com\/funidelia\" \/>\n<meta property=\"article:modified_time\" content=\"2024-06-24T08:02:14+00:00\" \/>\n<meta property=\"og:image\" content=\"http:\/\/www.funidelia.dk\/blog\/wp-content\/uploads\/2019\/12\/christmas-garland.jpg\" \/>\n\t<meta property=\"og:image:width\" content=\"788\" \/>\n\t<meta property=\"og:image:height\" content=\"534\" \/>\n\t<meta property=\"og:image:type\" content=\"image\/jpeg\" \/>\n<meta name=\"twitter:card\" content=\"summary_large_image\" \/>\n<meta name=\"twitter:site\" content=\"@funidelia\" \/>\n<meta name=\"twitter:label1\" content=\"Tiempo de lectura\" \/>\n\t<meta name=\"twitter:data1\" content=\"4 minutos\" \/>\n<script type=\"application\/ld+json\" class=\"yoast-schema-graph\">{\"@context\":\"https:\/\/schema.org\",\"@graph\":[{\"@type\":\"WebPage\",\"@id\":\"http:\/\/www.funidelia.dk\/blog\/juledekoration\/\",\"url\":\"http:\/\/www.funidelia.dk\/blog\/juledekoration\/\",\"name\":\"Oplev \u00e5rets mest originale juledekorationer\",\"isPartOf\":{\"@id\":\"http:\/\/www.funidelia.dk\/blog\/#website\"},\"primaryImageOfPage\":{\"@id\":\"http:\/\/www.funidelia.dk\/blog\/juledekoration\/#primaryimage\"},\"image\":{\"@id\":\"http:\/\/www.funidelia.dk\/blog\/juledekoration\/#primaryimage\"},\"thumbnailUrl\":\"http:\/\/www.funidelia.dk\/blog\/wp-content\/uploads\/2019\/12\/christmas-garland.jpg\",\"datePublished\":\"2019-12-27T07:31:58+00:00\",\"dateModified\":\"2024-06-24T08:02:14+00:00\",\"description\":\"Mange juleideer til at fylde dit hjem med juledekorationer. Opdag de forskellige kollektioner, og overrask alle i \u00e5r!\",\"breadcrumb\":{\"@id\":\"http:\/\/www.funidelia.dk\/blog\/juledekoration\/#breadcrumb\"},\"inLanguage\":\"es\",\"potentialAction\":[{\"@type\":\"ReadAction\",\"target\":[\"http:\/\/www.funidelia.dk\/blog\/juledekoration\/\"]}]},{\"@type\":\"ImageObject\",\"inLanguage\":\"es\",\"@id\":\"http:\/\/www.funidelia.dk\/blog\/juledekoration\/#primaryimage\",\"url\":\"http:\/\/www.funidelia.dk\/blog\/wp-content\/uploads\/2019\/12\/christmas-garland.jpg\",\"contentUrl\":\"http:\/\/www.funidelia.dk\/blog\/wp-content\/uploads\/2019\/12\/christmas-garland.jpg\",\"width\":788,\"height\":534},{\"@type\":\"BreadcrumbList\",\"@id\":\"http:\/\/www.funidelia.dk\/blog\/juledekoration\/#breadcrumb\",\"itemListElement\":[{\"@type\":\"ListItem\",\"position\":1,\"name\":\"Portada\",\"item\":\"http:\/\/www.funidelia.dk\/blog\/\"},{\"@type\":\"ListItem\",\"position\":2,\"name\":\"De mest originale Juledekorationer\"}]},{\"@type\":\"WebSite\",\"@id\":\"http:\/\/www.funidelia.dk\/blog\/#website\",\"url\":\"http:\/\/www.funidelia.dk\/blog\/\",\"name\":\"Funidelia Blog\",\"description\":\"\",\"publisher\":{\"@id\":\"http:\/\/www.funidelia.dk\/blog\/#organization\"},\"potentialAction\":[{\"@type\":\"SearchAction\",\"target\":{\"@type\":\"EntryPoint\",\"urlTemplate\":\"http:\/\/www.funidelia.dk\/blog\/?s={search_term_string}\"},\"query-input\":\"required name=search_term_string\"}],\"inLanguage\":\"es\"},{\"@type\":\"Organization\",\"@id\":\"http:\/\/www.funidelia.dk\/blog\/#organization\",\"name\":\"Funidelia\",\"url\":\"http:\/\/www.funidelia.dk\/blog\/\",\"logo\":{\"@type\":\"ImageObject\",\"inLanguage\":\"es\",\"@id\":\"http:\/\/www.funidelia.dk\/blog\/#\/schema\/logo\/image\/\",\"url\":\"\",\"contentUrl\":\"\",\"caption\":\"Funidelia\"},\"image\":{\"@id\":\"http:\/\/www.funidelia.dk\/blog\/#\/schema\/logo\/image\/\"},\"sameAs\":[\"https:\/\/www.facebook.com\/funidelia\",\"https:\/\/x.com\/funidelia\",\"https:\/\/www.instagram.com\/funidelia\/\",\"https:\/\/linkedin.com\/company\/funidelia\",\"https:\/\/es.pinterest.com\/funidelia\/\",\"https:\/\/www.youtube.com\/user\/FunideliaEs\/\"]}]}<\/script>\n<!-- \/ Yoast SEO plugin. -->","yoast_head_json":{"title":"Oplev \u00e5rets mest originale juledekorationer","description":"Mange juleideer til at fylde dit hjem med juledekorationer. Opdag de forskellige kollektioner, og overrask alle i \u00e5r!","robots":{"index":"index","follow":"follow","max-snippet":"max-snippet:-1","max-image-preview":"max-image-preview:large","max-video-preview":"max-video-preview:-1"},"canonical":"http:\/\/www.funidelia.dk\/blog\/juledekoration\/","og_locale":"es_ES","og_type":"article","og_title":"Oplev \u00e5rets mest originale juledekorationer","og_description":"Mange juleideer til at fylde dit hjem med juledekorationer. Opdag de forskellige kollektioner, og overrask alle i \u00e5r!","og_url":"http:\/\/www.funidelia.dk\/blog\/juledekoration\/","og_site_name":"Funidelia Blog","article_publisher":"https:\/\/www.facebook.com\/funidelia","article_modified_time":"2024-06-24T08:02:14+00:00","og_image":[{"width":788,"height":534,"url":"http:\/\/www.funidelia.dk\/blog\/wp-content\/uploads\/2019\/12\/christmas-garland.jpg","type":"image\/jpeg"}],"twitter_card":"summary_large_image","twitter_site":"@funidelia","twitter_misc":{"Tiempo de lectura":"4 minutos"},"schema":{"@context":"https:\/\/schema.org","@graph":[{"@type":"WebPage","@id":"http:\/\/www.funidelia.dk\/blog\/juledekoration\/","url":"http:\/\/www.funidelia.dk\/blog\/juledekoration\/","name":"Oplev \u00e5rets mest originale juledekorationer","isPartOf":{"@id":"http:\/\/www.funidelia.dk\/blog\/#website"},"primaryImageOfPage":{"@id":"http:\/\/www.funidelia.dk\/blog\/juledekoration\/#primaryimage"},"image":{"@id":"http:\/\/www.funidelia.dk\/blog\/juledekoration\/#primaryimage"},"thumbnailUrl":"http:\/\/www.funidelia.dk\/blog\/wp-content\/uploads\/2019\/12\/christmas-garland.jpg","datePublished":"2019-12-27T07:31:58+00:00","dateModified":"2024-06-24T08:02:14+00:00","description":"Mange juleideer til at fylde dit hjem med juledekorationer. Opdag de forskellige kollektioner, og overrask alle i \u00e5r!","breadcrumb":{"@id":"http:\/\/www.funidelia.dk\/blog\/juledekoration\/#breadcrumb"},"inLanguage":"es","potentialAction":[{"@type":"ReadAction","target":["http:\/\/www.funidelia.dk\/blog\/juledekoration\/"]}]},{"@type":"ImageObject","inLanguage":"es","@id":"http:\/\/www.funidelia.dk\/blog\/juledekoration\/#primaryimage","url":"http:\/\/www.funidelia.dk\/blog\/wp-content\/uploads\/2019\/12\/christmas-garland.jpg","contentUrl":"http:\/\/www.funidelia.dk\/blog\/wp-content\/uploads\/2019\/12\/christmas-garland.jpg","width":788,"height":534},{"@type":"BreadcrumbList","@id":"http:\/\/www.funidelia.dk\/blog\/juledekoration\/#breadcrumb","itemListElement":[{"@type":"ListItem","position":1,"name":"Portada","item":"http:\/\/www.funidelia.dk\/blog\/"},{"@type":"ListItem","position":2,"name":"De mest originale Juledekorationer"}]},{"@type":"WebSite","@id":"http:\/\/www.funidelia.dk\/blog\/#website","url":"http:\/\/www.funidelia.dk\/blog\/","name":"Funidelia Blog","description":"","publisher":{"@id":"http:\/\/www.funidelia.dk\/blog\/#organization"},"potentialAction":[{"@type":"SearchAction","target":{"@type":"EntryPoint","urlTemplate":"http:\/\/www.funidelia.dk\/blog\/?s={search_term_string}"},"query-input":"required name=search_term_string"}],"inLanguage":"es"},{"@type":"Organization","@id":"http:\/\/www.funidelia.dk\/blog\/#organization","name":"Funidelia","url":"http:\/\/www.funidelia.dk\/blog\/","logo":{"@type":"ImageObject","inLanguage":"es","@id":"http:\/\/www.funidelia.dk\/blog\/#\/schema\/logo\/image\/","url":"","contentUrl":"","caption":"Funidelia"},"image":{"@id":"http:\/\/www.funidelia.dk\/blog\/#\/schema\/logo\/image\/"},"sameAs":["https:\/\/www.facebook.com\/funidelia","https:\/\/x.com\/funidelia","https:\/\/www.instagram.com\/funidelia\/","https:\/\/linkedin.com\/company\/funidelia","https:\/\/es.pinterest.com\/funidelia\/","https:\/\/www.youtube.com\/user\/FunideliaEs\/"]}]}},"_links":{"self":[{"href":"http:\/\/www.funidelia.dk\/blog\/wp-json\/wp\/v2\/pages\/21941"}],"collection":[{"href":"http:\/\/www.funidelia.dk\/blog\/wp-json\/wp\/v2\/pages"}],"about":[{"href":"http:\/\/www.funidelia.dk\/blog\/wp-json\/wp\/v2\/types\/page"}],"author":[{"embeddable":true,"href":"http:\/\/www.funidelia.dk\/blog\/wp-json\/wp\/v2\/users\/21"}],"replies":[{"embeddable":true,"href":"http:\/\/www.funidelia.dk\/blog\/wp-json\/wp\/v2\/comments?post=21941"}],"version-history":[{"count":5,"href":"http:\/\/www.funidelia.dk\/blog\/wp-json\/wp\/v2\/pages\/21941\/revisions"}],"predecessor-version":[{"id":22679,"href":"http:\/\/www.funidelia.dk\/blog\/wp-json\/wp\/v2\/pages\/21941\/revisions\/22679"}],"wp:featuredmedia":[{"embeddable":true,"href":"http:\/\/www.funidelia.dk\/blog\/wp-json\/wp\/v2\/media\/21944"}],"wp:attachment":[{"href":"http:\/\/www.funidelia.dk\/blog\/wp-json\/wp\/v2\/media?parent=21941"}],"curies":[{"name":"wp","href":"https:\/\/api.w.org\/{rel}","templated":true}]}}
