{"id":21982,"date":"2020-02-05T17:55:08","date_gmt":"2020-02-05T16:55:08","guid":{"rendered":"http:\/\/www.funidelia.dk\/blog\/?page_id=21982"},"modified":"2024-06-24T10:02:20","modified_gmt":"2024-06-24T08:02:20","slug":"foedselsdags-dekorationer","status":"publish","type":"page","link":"http:\/\/www.funidelia.dk\/blog\/foedselsdags-dekorationer\/","title":{"rendered":"F\u00f8dselsdagsdekorationer"},"content":{"rendered":"<h2>Dekorationsideer til b\u00f8rnenes f\u00f8dselsdagsfest: Pynt med f\u00f8dselsdagstilbeh\u00f8r<\/h2>\n<p>F\u00f8dselsdage er \u00f8jeblikke, mange husker med \u00e6gte nostalgi. Barndom betyder at fejre med gl\u00e6de og sjov. N\u00e5r b\u00f8rn er centrum for opm\u00e6rksomheden, f\u00f8r det dem glade. For ikke at n\u00e6vne, hvordan de har det, n\u00e5r de modtager gaver fra for\u00e6ldre, venner og familie.<\/p>\n<p>For at holde en fed <strong>f\u00f8dselsdagsfest<\/strong> for vores b\u00f8rn, er det vigtigt at forberede alt i god tid og p\u00e5 forh\u00e5nd. Selvom du m\u00e5ske ikke synes det, er detaljerne virkelig vigtige for dem, og gode <a href=\"https:\/\/www.funidelia.dk\/dekorationer\/5815\">festdekorationer<\/a> er vigtige. Hvert barn er unikt, og deres smil er nok til at lyse dagen op.<\/p>\n<h2>Top dekorationsideer til f\u00f8dselsdagsfester.<\/h2>\n<p>Er der en f\u00f8dselsdag p\u00e5 vej, du ikke er sikker p\u00e5, hvordan du skal holde? Bare rolig. I dag vil vi give dig otte <a href=\"https:\/\/www.funidelia.dk\/dekorationer\/foedselsdag\/3736\">ideer til f\u00f8dselsdagsdekorationer<\/a>, s\u00e5 du virkelig kan pynte det sted, du skal fejre deres store dag.<\/p>\n<h2>F\u00f8dselsdagsbannere<\/h2>\n<p>Lad os starte med at s\u00e6tte nogle smukke <a href=\"https:\/\/www.funidelia.dk\/guirlander-flag\/977\">bannere<\/a> op. De kan v\u00e6re lavet af papir, og de kommer i forskellige farver. Eller overvej et med en lyk\u00f8nskningsmeddelelse.<\/p>\n<p align=\"center\"><img decoding=\"async\" src=\"https:\/\/static1.funidelia.com\/144933-f6_list\/guirnalda-happy-birthday-de-masha-y-el-oso.jpg\" \/><img decoding=\"async\" src=\"https:\/\/static1.funidelia.com\/399943-f6_list\/guirnalda-de-estrellas-multicolores-unicorn-collection.jpg\" \/><\/p>\n<p align=\"center\"><img decoding=\"async\" src=\"https:\/\/static1.funidelia.com\/399855-f6_list\/banderin-multicolor-de-lunares-de-papel-dinosaur-party.jpg\" \/><img decoding=\"async\" src=\" https:\/\/static1.funidelia.com\/400286-f6_list\/guirnalda-de-mariposas-multicolor-de-papel-polka-dots-collection.jpg\" \/><\/p>\n<h2>Unikke slikholdere til fester<\/h2>\n<p>En anden m\u00e5de at g\u00f8re f\u00f8dselsdagen fed for sultne, slikelskende b\u00f8rn, er at bruge nogle <a href=\"https:\/\/www.funidelia.dk\/slikskaal\/5970\">slikholdere<\/a>, s\u00e5 de kan v\u00e6lge deres foretrukne slik.<\/p>\n<p align=\"center\"><img decoding=\"async\" src=\"https:\/\/static1.funidelia.com\/42169-f6_list\/porta-caramelos-de-darth-vader-star-wars.jpg\" \/><img decoding=\"async\" src=\"https:\/\/static1.funidelia.com\/45891-f6_list\/porta-caramelos-spiderman-marvel.jpg\" \/><\/p>\n<p align=\"center\"><img decoding=\"async\" src=\"https:\/\/static1.funidelia.com\/55547-f6_list\/porta-caramelos-de-michelangelo-tortugas-ninja.jpg\" \/><img decoding=\"async\" src=\"https:\/\/static1.funidelia.com\/44862-f6_list\/porta-caramelos-taz.jpg\" \/><\/p>\n<h2>F\u00f8dselsdagsballoner<\/h2>\n<p>Naturligvis m\u00e5tte vi ikke glemme <a href=\"https:\/\/www.funidelia.dk\/balloner\/969\">balloner<\/a> til denne fest! En anden id\u00e9 til at dekorere en b\u00f8rnefest er at bruge balloner. De kan v\u00e6re i hverdagens farver eller have deres yndlingsfigurer eller tegnefilm.<\/p>\n<p align=\"center\"><img decoding=\"async\" src=\"https:\/\/static1.funidelia.com\/231232-f6_list\/5-globos-transparentes-con-confetti-de-estrella-rosa-azul-y-dorados-30-cm.jpg\" \/><img decoding=\"async\" src=\"https:\/\/static1.funidelia.com\/315720-f6_list\/globo-foil-happy-birthday-en-oro-rosa-glitz--glamour-pink--rose-gold.jpg\" \/><\/p>\n<p align=\"center\"><img decoding=\"async\" src=\"https:\/\/static1.funidelia.com\/301355-f6_list\/ramo-de-globos-de-lol-suprise-lol-friends-.jpg\" \/><\/p>\n<h3>F\u00f8dselsdagslys<\/h3>\n<p>N\u00e5r kagen ankommer, er det tid til at puste <a href=\"https:\/\/www.funidelia.dk\/stearinlys\/1109\">lysene<\/a> ud!<\/p>\n<p align=\"center\"><img decoding=\"async\" src=\"https:\/\/static1.funidelia.com\/146600-f6_list\/vela-happy-birthday.jpg\" \/><img decoding=\"async\" src=\"https:\/\/static1.funidelia.com\/47995-f6_list\/velas-happy-birthday-disney-princess.jpg\" \/><\/p>\n<p>Vi elsker f\u00f8dselsdagsfester med et tema! De er super sjove, og der er s\u00e5 mange muligheder&#8230; Lad os gennemg\u00e5 et par ideer til at hj\u00e6lpe dig med at planl\u00e6gge den bedste fest til din lille.<\/p>\n<p>&nbsp;<\/p>\n<h2>Pi\u00f1atas til b\u00f8rnef\u00f8dselsdagsfester<\/h2>\n<p>Vi elsker <a href=\"https:\/\/www.funidelia.dk\/pinatas\/1063\">pi\u00f1atas<\/a>, de er s\u00e5 sjove og dejlige for de sm\u00e5, der kan lide at \u00f8del\u00e6gge dem og finde slik og chokolade indeni. Smil er garanteret! Bare h\u00e6ng en, hvor du har en god plads&#8230;<\/p>\n<p align=\"center\"><img decoding=\"async\" src=\"https:\/\/static1.funidelia.com\/234974-f6_list\/pinata-de-unicornio-3d.jpg\" \/><img decoding=\"async\" src=\"https:\/\/static1.funidelia.com\/230503-f6_list\/pinata-de-arcoiris-rainbow.jpg\" \/><\/p>\n<p align=\"center\"><img decoding=\"async\" src=\"https:\/\/static1.funidelia.com\/191952-f6_list\/pinata-spider-man.jpg\" \/><img decoding=\"async\" src=\"https:\/\/static1.funidelia.com\/442787-f6_list\/pinata-batman-3d.jpg\" \/><\/p>\n<p>Nyd slik, gaver og konfetti- og pr\u00f8v at ram dem! Nu er det en rigtig fest!<\/p>\n<p>&nbsp;<\/p>\n<h2>Tema f\u00f8dselsdagsfester<\/h2>\n<p>For det f\u00f8rste skal du t\u00e6nke h\u00e5rdt over den slags f\u00f8dselsdagsdekorationer, du vil finde til den store dag. Det kan v\u00e6re nyttigt at t\u00e6nke p\u00e5 en tegneserie eller karakter, de kan lide, is\u00e6r fordi du kan finde s\u00e5 mange forskellige ting med passende motiver eller designs.<\/p>\n<p>For eksempel, hvis din datter elsker frost, kan du holde en Arendelle tema fest. Eller, hvis din s\u00f8ns yndlingsfigur er Mickey Mouse, kan du pynte bordet med billeder af Mickey, inklusive tallerkner i form af den mest ber\u00f8mte mus i verden.<\/p>\n<p>&nbsp;<\/p>\n<h2>Pirat festdekorationer<\/h2>\n<p>Vi br\u00e6nder for pirater og kan ikke modst\u00e5 at vise dig et par ideer til nogle super cool dekorationer. For det f\u00f8rste er vi n\u00f8dt til at s\u00e6tte scenen med et par ting, der minder os om piratlivet.<\/p>\n<p align=\"center\"><img decoding=\"async\" src=\"https:\/\/static1.funidelia.com\/49745-f6_list\/banderines-piratas-calavera.jpg\" \/><img decoding=\"async\" src=\"https:\/\/static1.funidelia.com\/442793-f6_list\/pinata-de-cofre-del-tesoro-pirata-3d.jpg\" \/><\/p>\n<p align=\"center\"><img decoding=\"async\" src=\"https:\/\/static1.funidelia.com\/146546-f6_list\/loro-decorativo-de-papel.jpg\" \/><img decoding=\"async\" src=\"https:\/\/static1.funidelia.com\/191956-f6_list\/6-velas-pirate-treasure-32-cm.jpg\" \/><\/p>\n<p>Og det bedste vil v\u00e6re, n\u00e5r alle dukker op i <a href=\"https:\/\/www.funidelia.dk\/kostumer\/pirater\/3327\">pirat udkl\u00e6dning<\/a>. B\u00f8rn og voksne er alle kl\u00e6dt ud i \u00f8jenlapper, hoved t\u00f8rkl\u00e6der, kroge og sv\u00e6rd. Det er helt sikkert en uforglemmelig fest!<\/p>\n<p align=\"center\"><img decoding=\"async\" src=\"https:\/\/static1.funidelia.com\/57238-f6_list\/disfraz-de-pirata-para-nina.jpg\" \/><img decoding=\"async\" src=\"https:\/\/static1.funidelia.com\/18830-f6_list\/disfraz-de-pirata-de-alta-mar.jpg\" \/><\/p>\n<p align=\"center\"><img decoding=\"async\" src=\"https:\/\/static1.funidelia.com\/43616-f6_list\/disfraz-de-pirata-granate-para-nino.jpg\" \/><img decoding=\"async\" src=\"https:\/\/static1.funidelia.com\/48819-f6_list\/disfraz-de-pirata-para-mujer.jpg\" \/><\/p>\n<h2>Frost festdekorationer<\/h2>\n<p align=\"center\"><img decoding=\"async\" src=\"https:\/\/static1.funidelia.com\/471370-f6_list\/kit-de-fiesta-frozen-2-para-8-personas.jpg\" \/><img decoding=\"async\" src=\"https:\/\/static1.funidelia.com\/166586-f6_list\/pinata-frozen.jpg\" \/><\/p>\n<p align=\"center\"><img decoding=\"async\" src=\"https:\/\/static1.funidelia.com\/166799-f6_list\/kit-de-decoracion-para-tarta-de-frozen.jpg\" \/><img decoding=\"async\" src=\"https:\/\/static1.funidelia.com\/48303-f6_list\/figura-decorativa-de-olaf.jpg\" \/><\/p>\n<h2>Mickey og Minnie Mouse F\u00f8dselsdagsfestdekorationer<\/h2>\n<p align=\"center\"><img decoding=\"async\" src=\"https:\/\/static1.funidelia.com\/252888-f6_list\/base-decorativa-para-cupcake-de-mickey-mouse-mickey-awesome.jpg\" \/><img decoding=\"async\" src=\"https:\/\/static1.funidelia.com\/257887-f6_list\/pinata-roja-mickey-mouse.jpg\" \/><\/p>\n<p align=\"center\"><img decoding=\"async\" src=\"https:\/\/static1.funidelia.com\/166872-f6_list\/4-globos-de-latex-con-forma-de-mickey-mouse-56-cm.jpg\" \/><img decoding=\"async\" src=\"https:\/\/static1.funidelia.com\/252883-f6_list\/4-platos-cuadrados-de-mickey-mouse-mickey-awesome.jpg\" \/><\/p>\n<h2>Tegneseriefester<\/h2>\n<p>En anden sjov m\u00e5de at fejre en f\u00f8dselsdagsfest er med <a href=\"https:\/\/www.funidelia.dk\/kostumer\/tegneserier\/3501\">tegneseriefigur kostumer<\/a>! Kl\u00e6d dig ud som deres foretrukne tegneseriefigur.<\/p>\n<p>Nogle af de mest popul\u00e6re shows, som b\u00f8rnene elsker i \u00f8jeblikket, er Miraculous Ladybug eller Marsha og bj\u00f8rnen.<\/p>\n<p align=\"center\"><img decoding=\"async\" src=\"https:\/\/static1.funidelia.com\/56668-f6_list\/banderines-las-aventuras-de-ladybug-miraculous.jpg\" \/><img decoding=\"async\" src=\"https:\/\/static1.funidelia.com\/56667-f6_list\/8-platos-de-postre-las-aventuras-de-ladybug-18cm-miraculous.jpg\" \/><\/p>\n<p align=\"center\"><img decoding=\"async\" src=\"https:\/\/static1.funidelia.com\/142254-f6_list\/figura-decorativa-de-ladybug-miraculous.jpg\" \/><img decoding=\"async\" src=\"https:\/\/static1.funidelia.com\/142252-f6_list\/pinata-perfil-de-ladybug-miraculous.jpg\" \/><\/p>\n<p align=\"center\"><img decoding=\"async\" src=\"https:\/\/static1.funidelia.com\/144931-f6_list\/banderines-de-masha-y-el-oso.jpg\" \/><img decoding=\"async\" src=\"https:\/\/static1.funidelia.com\/144923-f6_list\/8-platos-de-masha-y-el-oso-23-cm.jpg\" \/><\/p>\n<p>Eller hvad med et biler temafest til din lille? G\u00f8r det flot med farven r\u00f8d &#8211; farven p\u00e5 Lynet McQueen. Glem ikke pi\u00f1ataer, bannere, k\u00f8kkenudstyr eller borddekorationer.<\/p>\n<p align=\"center\"><img decoding=\"async\" src=\"https:\/\/static1.funidelia.com\/166609-f6_list\/guirnalda-triangulos-cars-3.jpg\" \/><img decoding=\"async\" src=\"https:\/\/static1.funidelia.com\/47803-f6_list\/pinata-cars-ice.jpg\" \/><\/p>\n<p align=\"center\"><img decoding=\"async\" src=\"https:\/\/static1.funidelia.com\/166607-f6_list\/mantel-cars-3.jpg\" \/><img decoding=\"async\" src=\"https:\/\/static1.funidelia.com\/166598-f6_list\/mantel-cars.jpg\" \/><\/p>\n<p>Glem ikke konfetti, festbl\u00e6sere eller festhatte! Du kan finde dem i mange forskellige farver og st\u00f8rrelser. Selvom vi vil anbefale at k\u00f8be en flok, s\u00e5 b\u00f8rnene kan v\u00e6lge deres egne &#8211; du ved hvordan de er!<\/p>\n<p align=\"center\"><img decoding=\"async\" src=\"https:\/\/static1.funidelia.com\/27453-f6_list\/bolsa-de-confeti-multicolor.jpg\" \/><\/p>\n<p align=\"center\"><iframe loading=\"lazy\" class=\"giphy-embed\" src=\"https:\/\/giphy.com\/embed\/YTbZzCkRQCEJa\" width=\"480\" height=\"360\" frameborder=\"0\" allowfullscreen=\"allowfullscreen\"><\/iframe><\/p>\n","protected":false},"excerpt":{"rendered":"<p>Dekorationsideer til b\u00f8rnenes f\u00f8dselsdagsfest: Pynt med f\u00f8dselsdagstilbeh\u00f8r F\u00f8dselsdage er \u00f8jeblikke, mange husker med \u00e6gte nostalgi. Barndom betyder at fejre med gl\u00e6de og sjov. N\u00e5r b\u00f8rn er centrum for opm\u00e6rksomheden, f\u00f8r det dem glade. For ikke at n\u00e6vne, hvordan de har det, n\u00e5r de modtager gaver fra for\u00e6ldre, venner og familie&#8230;.<\/p>\n","protected":false},"author":21,"featured_media":21949,"parent":0,"menu_order":0,"comment_status":"closed","ping_status":"closed","template":"","meta":{"footnotes":""},"yoast_head":"<!-- This site is optimized with the Yoast SEO plugin v23.0 - https:\/\/yoast.com\/wordpress\/plugins\/seo\/ -->\n<title>Id\u00e9er til festdekoration til drenge og pigers b\u00f8rnef\u00f8dselsdage<\/title>\n<meta name=\"description\" content=\"De bedste id\u00e9er til f\u00f8dselsdagdekoration til sjove b\u00f8rnefester.\" \/>\n<meta name=\"robots\" content=\"index, follow, max-snippet:-1, max-image-preview:large, max-video-preview:-1\" \/>\n<link rel=\"canonical\" href=\"http:\/\/www.funidelia.dk\/blog\/foedselsdags-dekorationer\/\" \/>\n<meta property=\"og:locale\" content=\"es_ES\" \/>\n<meta property=\"og:type\" content=\"article\" \/>\n<meta property=\"og:title\" content=\"Id\u00e9er til festdekoration til drenge og pigers b\u00f8rnef\u00f8dselsdage\" \/>\n<meta property=\"og:description\" content=\"De bedste id\u00e9er til f\u00f8dselsdagdekoration til sjove b\u00f8rnefester.\" \/>\n<meta property=\"og:url\" content=\"http:\/\/www.funidelia.dk\/blog\/foedselsdags-dekorationer\/\" \/>\n<meta property=\"og:site_name\" content=\"Funidelia Blog\" \/>\n<meta property=\"article:publisher\" content=\"https:\/\/www.facebook.com\/funidelia\" \/>\n<meta property=\"article:modified_time\" content=\"2024-06-24T08:02:20+00:00\" \/>\n<meta property=\"og:image\" content=\"http:\/\/www.funidelia.dk\/blog\/wp-content\/uploads\/2019\/12\/happy-birthday.jpg\" \/>\n\t<meta property=\"og:image:width\" content=\"788\" \/>\n\t<meta property=\"og:image:height\" content=\"534\" \/>\n\t<meta property=\"og:image:type\" content=\"image\/jpeg\" \/>\n<meta name=\"twitter:card\" content=\"summary_large_image\" \/>\n<meta name=\"twitter:site\" content=\"@funidelia\" \/>\n<meta name=\"twitter:label1\" content=\"Tiempo de lectura\" \/>\n\t<meta name=\"twitter:data1\" content=\"3 minutos\" \/>\n<script type=\"application\/ld+json\" class=\"yoast-schema-graph\">{\"@context\":\"https:\/\/schema.org\",\"@graph\":[{\"@type\":\"WebPage\",\"@id\":\"http:\/\/www.funidelia.dk\/blog\/foedselsdags-dekorationer\/\",\"url\":\"http:\/\/www.funidelia.dk\/blog\/foedselsdags-dekorationer\/\",\"name\":\"Id\u00e9er til festdekoration til drenge og pigers b\u00f8rnef\u00f8dselsdage\",\"isPartOf\":{\"@id\":\"http:\/\/www.funidelia.dk\/blog\/#website\"},\"primaryImageOfPage\":{\"@id\":\"http:\/\/www.funidelia.dk\/blog\/foedselsdags-dekorationer\/#primaryimage\"},\"image\":{\"@id\":\"http:\/\/www.funidelia.dk\/blog\/foedselsdags-dekorationer\/#primaryimage\"},\"thumbnailUrl\":\"http:\/\/www.funidelia.dk\/blog\/wp-content\/uploads\/2019\/12\/happy-birthday.jpg\",\"datePublished\":\"2020-02-05T16:55:08+00:00\",\"dateModified\":\"2024-06-24T08:02:20+00:00\",\"description\":\"De bedste id\u00e9er til f\u00f8dselsdagdekoration til sjove b\u00f8rnefester.\",\"breadcrumb\":{\"@id\":\"http:\/\/www.funidelia.dk\/blog\/foedselsdags-dekorationer\/#breadcrumb\"},\"inLanguage\":\"es\",\"potentialAction\":[{\"@type\":\"ReadAction\",\"target\":[\"http:\/\/www.funidelia.dk\/blog\/foedselsdags-dekorationer\/\"]}]},{\"@type\":\"ImageObject\",\"inLanguage\":\"es\",\"@id\":\"http:\/\/www.funidelia.dk\/blog\/foedselsdags-dekorationer\/#primaryimage\",\"url\":\"http:\/\/www.funidelia.dk\/blog\/wp-content\/uploads\/2019\/12\/happy-birthday.jpg\",\"contentUrl\":\"http:\/\/www.funidelia.dk\/blog\/wp-content\/uploads\/2019\/12\/happy-birthday.jpg\",\"width\":788,\"height\":534},{\"@type\":\"BreadcrumbList\",\"@id\":\"http:\/\/www.funidelia.dk\/blog\/foedselsdags-dekorationer\/#breadcrumb\",\"itemListElement\":[{\"@type\":\"ListItem\",\"position\":1,\"name\":\"Portada\",\"item\":\"http:\/\/www.funidelia.dk\/blog\/\"},{\"@type\":\"ListItem\",\"position\":2,\"name\":\"F\u00f8dselsdagsdekorationer\"}]},{\"@type\":\"WebSite\",\"@id\":\"http:\/\/www.funidelia.dk\/blog\/#website\",\"url\":\"http:\/\/www.funidelia.dk\/blog\/\",\"name\":\"Funidelia Blog\",\"description\":\"\",\"publisher\":{\"@id\":\"http:\/\/www.funidelia.dk\/blog\/#organization\"},\"potentialAction\":[{\"@type\":\"SearchAction\",\"target\":{\"@type\":\"EntryPoint\",\"urlTemplate\":\"http:\/\/www.funidelia.dk\/blog\/?s={search_term_string}\"},\"query-input\":\"required name=search_term_string\"}],\"inLanguage\":\"es\"},{\"@type\":\"Organization\",\"@id\":\"http:\/\/www.funidelia.dk\/blog\/#organization\",\"name\":\"Funidelia\",\"url\":\"http:\/\/www.funidelia.dk\/blog\/\",\"logo\":{\"@type\":\"ImageObject\",\"inLanguage\":\"es\",\"@id\":\"http:\/\/www.funidelia.dk\/blog\/#\/schema\/logo\/image\/\",\"url\":\"\",\"contentUrl\":\"\",\"caption\":\"Funidelia\"},\"image\":{\"@id\":\"http:\/\/www.funidelia.dk\/blog\/#\/schema\/logo\/image\/\"},\"sameAs\":[\"https:\/\/www.facebook.com\/funidelia\",\"https:\/\/x.com\/funidelia\",\"https:\/\/www.instagram.com\/funidelia\/\",\"https:\/\/linkedin.com\/company\/funidelia\",\"https:\/\/es.pinterest.com\/funidelia\/\",\"https:\/\/www.youtube.com\/user\/FunideliaEs\/\"]}]}<\/script>\n<!-- \/ Yoast SEO plugin. -->","yoast_head_json":{"title":"Id\u00e9er til festdekoration til drenge og pigers b\u00f8rnef\u00f8dselsdage","description":"De bedste id\u00e9er til f\u00f8dselsdagdekoration til sjove b\u00f8rnefester.","robots":{"index":"index","follow":"follow","max-snippet":"max-snippet:-1","max-image-preview":"max-image-preview:large","max-video-preview":"max-video-preview:-1"},"canonical":"http:\/\/www.funidelia.dk\/blog\/foedselsdags-dekorationer\/","og_locale":"es_ES","og_type":"article","og_title":"Id\u00e9er til festdekoration til drenge og pigers b\u00f8rnef\u00f8dselsdage","og_description":"De bedste id\u00e9er til f\u00f8dselsdagdekoration til sjove b\u00f8rnefester.","og_url":"http:\/\/www.funidelia.dk\/blog\/foedselsdags-dekorationer\/","og_site_name":"Funidelia Blog","article_publisher":"https:\/\/www.facebook.com\/funidelia","article_modified_time":"2024-06-24T08:02:20+00:00","og_image":[{"width":788,"height":534,"url":"http:\/\/www.funidelia.dk\/blog\/wp-content\/uploads\/2019\/12\/happy-birthday.jpg","type":"image\/jpeg"}],"twitter_card":"summary_large_image","twitter_site":"@funidelia","twitter_misc":{"Tiempo de lectura":"3 minutos"},"schema":{"@context":"https:\/\/schema.org","@graph":[{"@type":"WebPage","@id":"http:\/\/www.funidelia.dk\/blog\/foedselsdags-dekorationer\/","url":"http:\/\/www.funidelia.dk\/blog\/foedselsdags-dekorationer\/","name":"Id\u00e9er til festdekoration til drenge og pigers b\u00f8rnef\u00f8dselsdage","isPartOf":{"@id":"http:\/\/www.funidelia.dk\/blog\/#website"},"primaryImageOfPage":{"@id":"http:\/\/www.funidelia.dk\/blog\/foedselsdags-dekorationer\/#primaryimage"},"image":{"@id":"http:\/\/www.funidelia.dk\/blog\/foedselsdags-dekorationer\/#primaryimage"},"thumbnailUrl":"http:\/\/www.funidelia.dk\/blog\/wp-content\/uploads\/2019\/12\/happy-birthday.jpg","datePublished":"2020-02-05T16:55:08+00:00","dateModified":"2024-06-24T08:02:20+00:00","description":"De bedste id\u00e9er til f\u00f8dselsdagdekoration til sjove b\u00f8rnefester.","breadcrumb":{"@id":"http:\/\/www.funidelia.dk\/blog\/foedselsdags-dekorationer\/#breadcrumb"},"inLanguage":"es","potentialAction":[{"@type":"ReadAction","target":["http:\/\/www.funidelia.dk\/blog\/foedselsdags-dekorationer\/"]}]},{"@type":"ImageObject","inLanguage":"es","@id":"http:\/\/www.funidelia.dk\/blog\/foedselsdags-dekorationer\/#primaryimage","url":"http:\/\/www.funidelia.dk\/blog\/wp-content\/uploads\/2019\/12\/happy-birthday.jpg","contentUrl":"http:\/\/www.funidelia.dk\/blog\/wp-content\/uploads\/2019\/12\/happy-birthday.jpg","width":788,"height":534},{"@type":"BreadcrumbList","@id":"http:\/\/www.funidelia.dk\/blog\/foedselsdags-dekorationer\/#breadcrumb","itemListElement":[{"@type":"ListItem","position":1,"name":"Portada","item":"http:\/\/www.funidelia.dk\/blog\/"},{"@type":"ListItem","position":2,"name":"F\u00f8dselsdagsdekorationer"}]},{"@type":"WebSite","@id":"http:\/\/www.funidelia.dk\/blog\/#website","url":"http:\/\/www.funidelia.dk\/blog\/","name":"Funidelia Blog","description":"","publisher":{"@id":"http:\/\/www.funidelia.dk\/blog\/#organization"},"potentialAction":[{"@type":"SearchAction","target":{"@type":"EntryPoint","urlTemplate":"http:\/\/www.funidelia.dk\/blog\/?s={search_term_string}"},"query-input":"required name=search_term_string"}],"inLanguage":"es"},{"@type":"Organization","@id":"http:\/\/www.funidelia.dk\/blog\/#organization","name":"Funidelia","url":"http:\/\/www.funidelia.dk\/blog\/","logo":{"@type":"ImageObject","inLanguage":"es","@id":"http:\/\/www.funidelia.dk\/blog\/#\/schema\/logo\/image\/","url":"","contentUrl":"","caption":"Funidelia"},"image":{"@id":"http:\/\/www.funidelia.dk\/blog\/#\/schema\/logo\/image\/"},"sameAs":["https:\/\/www.facebook.com\/funidelia","https:\/\/x.com\/funidelia","https:\/\/www.instagram.com\/funidelia\/","https:\/\/linkedin.com\/company\/funidelia","https:\/\/es.pinterest.com\/funidelia\/","https:\/\/www.youtube.com\/user\/FunideliaEs\/"]}]}},"_links":{"self":[{"href":"http:\/\/www.funidelia.dk\/blog\/wp-json\/wp\/v2\/pages\/21982"}],"collection":[{"href":"http:\/\/www.funidelia.dk\/blog\/wp-json\/wp\/v2\/pages"}],"about":[{"href":"http:\/\/www.funidelia.dk\/blog\/wp-json\/wp\/v2\/types\/page"}],"author":[{"embeddable":true,"href":"http:\/\/www.funidelia.dk\/blog\/wp-json\/wp\/v2\/users\/21"}],"replies":[{"embeddable":true,"href":"http:\/\/www.funidelia.dk\/blog\/wp-json\/wp\/v2\/comments?post=21982"}],"version-history":[{"count":6,"href":"http:\/\/www.funidelia.dk\/blog\/wp-json\/wp\/v2\/pages\/21982\/revisions"}],"predecessor-version":[{"id":22680,"href":"http:\/\/www.funidelia.dk\/blog\/wp-json\/wp\/v2\/pages\/21982\/revisions\/22680"}],"wp:featuredmedia":[{"embeddable":true,"href":"http:\/\/www.funidelia.dk\/blog\/wp-json\/wp\/v2\/media\/21949"}],"wp:attachment":[{"href":"http:\/\/www.funidelia.dk\/blog\/wp-json\/wp\/v2\/media?parent=21982"}],"curies":[{"name":"wp","href":"https:\/\/api.w.org\/{rel}","templated":true}]}}
