{"id":21989,"date":"2020-02-12T14:04:39","date_gmt":"2020-02-12T13:04:39","guid":{"rendered":"http:\/\/www.funidelia.dk\/blog\/?page_id=21989"},"modified":"2024-06-24T10:00:10","modified_gmt":"2024-06-24T08:00:10","slug":"harry-potter-gaver","status":"publish","type":"page","link":"http:\/\/www.funidelia.dk\/blog\/harry-potter-gaver\/","title":{"rendered":"Alle de Harry Potter ting, du nogensinde har \u00f8nsket dig"},"content":{"rendered":"<p>Er du fan af den mest magiske saga, som verden nogensinde har kendt? Hvis svaret er ja, er i dag din heldige dag! Det er tid til at efterlade dit muggleliv, for med disse Harry Potter produkter kan du blive en rigtig heks eller troldmand. Glem at skulle rejse til Diagon Alley, nu kan du f\u00e5 alt <a href=\"https:\/\/www.funidelia.dk\/harry-potter-gaver\/6766\">Harry Potter merchandise<\/a>, du nogensinde har dr\u00f8mt om. Vi har ogs\u00e5 masser af <strong>gaveideer<\/strong> til dine potterhead-venner og familie.<\/p>\n<p>I vores <strong>Harry Potter butik<\/strong> finder du de bedste produkter og gaver fra Harry Potter og Fantastic Beasts. En verden fuld af magi, hvor du helt sikkert finder alt, hvad du nogensinde har \u00f8nsket til at fuldende din samling.<\/p>\n<h2>T-shirts og Sweatshirts<\/h2>\n<p>En ting, vi bestemt skal have i vores garderobe, er en god samling af <strong>Harry Potter t\u00f8j<\/strong>. De mest sp\u00e6ndende t-shirts og sweatshirts med Hogwarts, platform 9 3\/4 eller de fire Hogwarts House Crests.<\/p>\n<p>Vi har <a href=\"https:\/\/www.funidelia.dk\/harry-potter-t-shirts-og-trojer\/7151\">Harry Potter t-shirts<\/a> med originale designs, som vores hovedpersons briller, billeder af karakterer som Dobby og de mest n\u00f8rdede s\u00e6tninger. Du kan ogs\u00e5 have et <em>Expecto Patronum<\/em> charm p\u00e5 din t-shirt, bare hvis\u00a0 nu du m\u00f8der en dementor!<\/p>\n<p>Repr\u00e6senterer dit yndlingshus med vores sweatshirts med en r\u00e6kke forskellige designs til hver af dem. Eller b\u00e6r din <em>Quidditch<\/em> Champion sweatshirt med stolthed.<\/p>\n<p>Bedst af alt, p\u00e5 Funidelia finder du t\u00f8j til alle aldre &#8211; fra drenge og piger til m\u00e6nd og kvinder.<\/p>\n<p align=\"center\"><img decoding=\"async\" src=\"https:\/\/static1.funidelia.com\/img\/blog\/s-harry-potter-merchandise\/harry-potter-t-shirts-4.jpg\" \/><\/p>\n<h2>Kapper og t\u00f8rkl\u00e6der<\/h2>\n<p>Hvad ville en troldmand v\u00e6re uden hans kappe? Netop fordi de er s\u00e5 vigtige for en <strong>troldmand, er kapper en af de mest v\u00e6rdsatte gaver<\/strong>, som enhver Harry Potter fan kan f\u00e5. Vi har kapper til Gryffindor, Slytherin, Ravenclaw og selvf\u00f8lgelig Hufflepuff, s\u00e5 du kan v\u00e6lge din favorit. Vi har ogs\u00e5 specielle kapper, som usynlighedskappen eller Quidditch k\u00e5berne.<\/p>\n<p>Derudover kan du skabe et komplet s\u00e6t og komplementere din kappe med <a href=\"https:\/\/www.funidelia.dk\/harry-potter-halstorklaeder\/7254\">Harry Potter t\u00f8rkl\u00e6der<\/a>, som hj\u00e6lper dig med at tackle efter\u00e5rs- og vinterkulden.<\/p>\n<p align=\"center\"><img decoding=\"async\" src=\"https:\/\/static1.funidelia.com\/img\/blog\/s-harry-potter-merchandise\/harry-potter5.jpg\" \/><\/p>\n<h2>Tryllestave<\/h2>\n<p>\u00c9n ting, som enhver n\u00f8rdet fan af Harry Potter sagaen \u00f8nsker sig, er en af <a href=\"https:\/\/www.funidelia.dk\/tryllestave\/harry-potter\/5906\">Harry Potter tryllestavene<\/a>. F\u00e5 din nu og begynd at \u00f8ve dine trolddomme!<\/p>\n<p>I vores Harry Potter butik finder du alle tryllestave, der tilh\u00f8rer seriens hovedpersoner. Du kan v\u00e6lge mellem Harrys stav eller en af hans venners, Hermione og Rons stave. Vil du foretr\u00e6kke Snapes eller den onde Lord Voldemorts tryllestav? Og selvf\u00f8lgelig har vi ogs\u00e5 Dumbledores dyrebare Elder Wand.<\/p>\n<p>Hvis du ogs\u00e5 er en fan af Fantastic Beasts, er du heldig. P\u00e5 Funidelia kan du finde Newt Scamander, Percival Graves, Porpentina Goldstein og mange fleres tryllestave.<\/p>\n<p align=\"center\"><img decoding=\"async\" src=\"https:\/\/static1.funidelia.com\/img\/blog\/s-harry-potter-merchandise\/harry-potter-wands.jpg\" \/><\/p>\n<h2>Rygs\u00e6kke og skoleartikler<\/h2>\n<p>G\u00f8r det klart p\u00e5 skolen, universitetet eller arbejdet, at du er en \u00e6gte fan af denne magiske sagas b\u00f8ger og film. V\u00e6lg den <a href=\"https:\/\/www.funidelia.dk\/harry-potter-rygsaekke\/7695\">Harry Potter rygs\u00e6k<\/a>, du altid har \u00f8nsket dig, og vis den frem! Fra Hogwarts, platform 9 3\/4 eller et hvilket som helst af de fire huse. Vi har rygs\u00e6kke til b\u00f8rn (med eller uden hjul), voksne, skuldertasker og endda sportstasker.<\/p>\n<p align=\"center\"><img decoding=\"async\" src=\"https:\/\/static1.funidelia.com\/img\/blog\/s-harry-potter-merchandise\/kids-backpacks.jpg\" \/><\/p>\n<p>Kombiner det med penalhuse, kuglepenne eller seje notesb\u00f8ger. Find n\u00f8rdede <strong>Harry Potter skoleartikler<\/strong> med kuglepenne formet som kosteskafte eller tryllestave. Ellers har vi de ber\u00f8mte dagb\u00f8ger fra Tom Riddle eller Newt Scamander fra Fantastic Beasts. Med al denne Harry Potter merch, vil alle vide, at du ikke er en <em>muggle<\/em>!<\/p>\n<p align=\"center\"><img decoding=\"async\" src=\"https:\/\/static1.funidelia.com\/img\/blog\/s-harry-potter-merchandise\/harry-potter-stationery.jpg\" \/><\/p>\n<h2>Funko Pop! og action figurer<\/h2>\n<p>Saml de bedste <strong>Harry Potter og Fantastic Beasts Funkos<\/strong>. V\u00e6lg dine foretrukne karakterer, eller f\u00e5 dem alle! Vi har Harry, Hermione, Ron og Luna eller professorer som Snape eller Remus Lupine. Der er Funko Dumbledore og Voldemort, vi har endda Dobby, eller en af de skr\u00e6mmende dementorer.<\/p>\n<p align=\"center\"><img decoding=\"async\" src=\"https:\/\/static1.funidelia.com\/img\/blog\/s-harry-potter-merchandise\/harry-potter-funko.jpg\" \/><\/p>\n<p>Bare tilf\u00f8j en <em>Niffler<\/em> fra Fantastic Beasts, s\u00e5 f\u00e5r du den bedste samling af <strong>Harry Potter Funko Pop!<\/strong> du nogensinde kunne forestille dig!<\/p>\n<p align=\"center\"><img decoding=\"async\" src=\"https:\/\/static1.funidelia.com\/img\/blog\/s-harry-potter-merchandise\/harry-potter-funko-3.jpg\" \/><\/p>\n<h2>Harry Potter Gaver<\/h2>\n<p>Hvis alle de Harry Potter ting ikke var nok, er der mere! Vi har de bedste Harry Potter gaveideer, der vil g\u00f8re enhver fan af sagaen meget glad.<\/p>\n<p>I vores Harry Potter merchandise finder du <strong>Hogwarts badek\u00e5ber<\/strong> til m\u00e6nd og kvinder, utrolige farve\u00e6ndrende krus, som <em>Expecto Patronus<\/em> krus, <strong>slips<\/strong> til Gryffindor, Slytherin og resten af husene. Plus et ton gyldne snitch produkter, som lamper og dekorative figurer.<\/p>\n<p align=\"center\"><img decoding=\"async\" src=\"https:\/\/static1.funidelia.com\/471805-f6_list\/albornoz-de-harry-potter-anden-9-y-34-para-mujer.jpg\" \/><img decoding=\"async\" src=\"https:\/\/static1.funidelia.com\/471806-f6_list\/albornoz-de-harry-potter-anden-9-y-34-para-mujer.jpg\" \/><\/p>\n<p>Vi har ogs\u00e5 f\u00e5et en stor overraskelse til denne jul, en fantastisk <a href=\"https:\/\/www.funidelia.dk\/harry-potter-adventskalendere\/8664\">Harry Potter adventskalender<\/a>. Hver dag finder du en cool lommepop af en af figurerne i dette magiske univers.<\/p>\n<p align=\"center\"><img decoding=\"async\" src=\"https:\/\/static1.funidelia.com\/img\/blog\/s-harry-potter-merchandise\/funko-calendar-harry-potter.jpg\" \/><\/p>\n<p>Du vil aldrig v\u00e6re i stand til at kalde dig selv en muggle igen med alle disse Harry Potter ting. Bliv misundet af enhver n\u00f8rdet fan af den mest l\u00e6ste og sete saga i historien. Du kan have alt, hvad du altid har \u00f8nsket dig i din magt!<\/p>\n<p align=\"center\"><iframe loading=\"lazy\" class=\"giphy-embed\" src=\"https:\/\/giphy.com\/embed\/PXvCWUnmqVdks\" width=\"480\" height=\"330\" frameborder=\"0\" allowfullscreen=\"allowfullscreen\"><\/iframe><\/p>\n","protected":false},"excerpt":{"rendered":"<p>Er du fan af den mest magiske saga, som verden nogensinde har kendt? Hvis svaret er ja, er i dag din heldige dag! Det er tid til at efterlade dit muggleliv, for med disse Harry Potter produkter kan du blive en rigtig heks eller troldmand. Glem at skulle rejse til&#8230;<\/p>\n","protected":false},"author":21,"featured_media":21951,"parent":0,"menu_order":0,"comment_status":"closed","ping_status":"closed","template":"","meta":{"footnotes":""},"yoast_head":"<!-- This site is optimized with the Yoast SEO plugin v23.0 - https:\/\/yoast.com\/wordpress\/plugins\/seo\/ -->\n<title>Harry Potter ting, du kan gave til enhver fan \u26a1<\/title>\n<meta name=\"description\" content=\"Oplev Harry Potter kollektionen p\u00e5 Funidelia. Et stort udvalg af merchandise til potterheads, som enhver muggle vil have.\" \/>\n<meta name=\"robots\" content=\"index, follow, max-snippet:-1, max-image-preview:large, max-video-preview:-1\" \/>\n<link rel=\"canonical\" href=\"http:\/\/www.funidelia.dk\/blog\/harry-potter-gaver\/\" \/>\n<meta property=\"og:locale\" content=\"es_ES\" \/>\n<meta property=\"og:type\" content=\"article\" \/>\n<meta property=\"og:title\" content=\"Harry Potter ting, du kan gave til enhver fan \u26a1\" \/>\n<meta property=\"og:description\" content=\"Oplev Harry Potter kollektionen p\u00e5 Funidelia. Et stort udvalg af merchandise til potterheads, som enhver muggle vil have.\" \/>\n<meta property=\"og:url\" content=\"http:\/\/www.funidelia.dk\/blog\/harry-potter-gaver\/\" \/>\n<meta property=\"og:site_name\" content=\"Funidelia Blog\" \/>\n<meta property=\"article:publisher\" content=\"https:\/\/www.facebook.com\/funidelia\" \/>\n<meta property=\"article:modified_time\" content=\"2024-06-24T08:00:10+00:00\" \/>\n<meta property=\"og:image\" content=\"http:\/\/www.funidelia.dk\/blog\/wp-content\/uploads\/2019\/12\/harry-potter-merch-2.jpg\" \/>\n\t<meta property=\"og:image:width\" content=\"788\" \/>\n\t<meta property=\"og:image:height\" content=\"534\" \/>\n\t<meta property=\"og:image:type\" content=\"image\/jpeg\" \/>\n<meta name=\"twitter:card\" content=\"summary_large_image\" \/>\n<meta name=\"twitter:site\" content=\"@funidelia\" \/>\n<meta name=\"twitter:label1\" content=\"Tiempo de lectura\" \/>\n\t<meta name=\"twitter:data1\" content=\"4 minutos\" \/>\n<script type=\"application\/ld+json\" class=\"yoast-schema-graph\">{\"@context\":\"https:\/\/schema.org\",\"@graph\":[{\"@type\":\"WebPage\",\"@id\":\"http:\/\/www.funidelia.dk\/blog\/harry-potter-gaver\/\",\"url\":\"http:\/\/www.funidelia.dk\/blog\/harry-potter-gaver\/\",\"name\":\"Harry Potter ting, du kan gave til enhver fan \u26a1\",\"isPartOf\":{\"@id\":\"http:\/\/www.funidelia.dk\/blog\/#website\"},\"primaryImageOfPage\":{\"@id\":\"http:\/\/www.funidelia.dk\/blog\/harry-potter-gaver\/#primaryimage\"},\"image\":{\"@id\":\"http:\/\/www.funidelia.dk\/blog\/harry-potter-gaver\/#primaryimage\"},\"thumbnailUrl\":\"http:\/\/www.funidelia.dk\/blog\/wp-content\/uploads\/2019\/12\/harry-potter-merch-2.jpg\",\"datePublished\":\"2020-02-12T13:04:39+00:00\",\"dateModified\":\"2024-06-24T08:00:10+00:00\",\"description\":\"Oplev Harry Potter kollektionen p\u00e5 Funidelia. Et stort udvalg af merchandise til potterheads, som enhver muggle vil have.\",\"breadcrumb\":{\"@id\":\"http:\/\/www.funidelia.dk\/blog\/harry-potter-gaver\/#breadcrumb\"},\"inLanguage\":\"es\",\"potentialAction\":[{\"@type\":\"ReadAction\",\"target\":[\"http:\/\/www.funidelia.dk\/blog\/harry-potter-gaver\/\"]}]},{\"@type\":\"ImageObject\",\"inLanguage\":\"es\",\"@id\":\"http:\/\/www.funidelia.dk\/blog\/harry-potter-gaver\/#primaryimage\",\"url\":\"http:\/\/www.funidelia.dk\/blog\/wp-content\/uploads\/2019\/12\/harry-potter-merch-2.jpg\",\"contentUrl\":\"http:\/\/www.funidelia.dk\/blog\/wp-content\/uploads\/2019\/12\/harry-potter-merch-2.jpg\",\"width\":788,\"height\":534},{\"@type\":\"BreadcrumbList\",\"@id\":\"http:\/\/www.funidelia.dk\/blog\/harry-potter-gaver\/#breadcrumb\",\"itemListElement\":[{\"@type\":\"ListItem\",\"position\":1,\"name\":\"Portada\",\"item\":\"http:\/\/www.funidelia.dk\/blog\/\"},{\"@type\":\"ListItem\",\"position\":2,\"name\":\"Alle de Harry Potter ting, du nogensinde har \u00f8nsket dig\"}]},{\"@type\":\"WebSite\",\"@id\":\"http:\/\/www.funidelia.dk\/blog\/#website\",\"url\":\"http:\/\/www.funidelia.dk\/blog\/\",\"name\":\"Funidelia Blog\",\"description\":\"\",\"publisher\":{\"@id\":\"http:\/\/www.funidelia.dk\/blog\/#organization\"},\"potentialAction\":[{\"@type\":\"SearchAction\",\"target\":{\"@type\":\"EntryPoint\",\"urlTemplate\":\"http:\/\/www.funidelia.dk\/blog\/?s={search_term_string}\"},\"query-input\":\"required name=search_term_string\"}],\"inLanguage\":\"es\"},{\"@type\":\"Organization\",\"@id\":\"http:\/\/www.funidelia.dk\/blog\/#organization\",\"name\":\"Funidelia\",\"url\":\"http:\/\/www.funidelia.dk\/blog\/\",\"logo\":{\"@type\":\"ImageObject\",\"inLanguage\":\"es\",\"@id\":\"http:\/\/www.funidelia.dk\/blog\/#\/schema\/logo\/image\/\",\"url\":\"\",\"contentUrl\":\"\",\"caption\":\"Funidelia\"},\"image\":{\"@id\":\"http:\/\/www.funidelia.dk\/blog\/#\/schema\/logo\/image\/\"},\"sameAs\":[\"https:\/\/www.facebook.com\/funidelia\",\"https:\/\/x.com\/funidelia\",\"https:\/\/www.instagram.com\/funidelia\/\",\"https:\/\/linkedin.com\/company\/funidelia\",\"https:\/\/es.pinterest.com\/funidelia\/\",\"https:\/\/www.youtube.com\/user\/FunideliaEs\/\"]}]}<\/script>\n<!-- \/ Yoast SEO plugin. -->","yoast_head_json":{"title":"Harry Potter ting, du kan gave til enhver fan \u26a1","description":"Oplev Harry Potter kollektionen p\u00e5 Funidelia. Et stort udvalg af merchandise til potterheads, som enhver muggle vil have.","robots":{"index":"index","follow":"follow","max-snippet":"max-snippet:-1","max-image-preview":"max-image-preview:large","max-video-preview":"max-video-preview:-1"},"canonical":"http:\/\/www.funidelia.dk\/blog\/harry-potter-gaver\/","og_locale":"es_ES","og_type":"article","og_title":"Harry Potter ting, du kan gave til enhver fan \u26a1","og_description":"Oplev Harry Potter kollektionen p\u00e5 Funidelia. Et stort udvalg af merchandise til potterheads, som enhver muggle vil have.","og_url":"http:\/\/www.funidelia.dk\/blog\/harry-potter-gaver\/","og_site_name":"Funidelia Blog","article_publisher":"https:\/\/www.facebook.com\/funidelia","article_modified_time":"2024-06-24T08:00:10+00:00","og_image":[{"width":788,"height":534,"url":"http:\/\/www.funidelia.dk\/blog\/wp-content\/uploads\/2019\/12\/harry-potter-merch-2.jpg","type":"image\/jpeg"}],"twitter_card":"summary_large_image","twitter_site":"@funidelia","twitter_misc":{"Tiempo de lectura":"4 minutos"},"schema":{"@context":"https:\/\/schema.org","@graph":[{"@type":"WebPage","@id":"http:\/\/www.funidelia.dk\/blog\/harry-potter-gaver\/","url":"http:\/\/www.funidelia.dk\/blog\/harry-potter-gaver\/","name":"Harry Potter ting, du kan gave til enhver fan \u26a1","isPartOf":{"@id":"http:\/\/www.funidelia.dk\/blog\/#website"},"primaryImageOfPage":{"@id":"http:\/\/www.funidelia.dk\/blog\/harry-potter-gaver\/#primaryimage"},"image":{"@id":"http:\/\/www.funidelia.dk\/blog\/harry-potter-gaver\/#primaryimage"},"thumbnailUrl":"http:\/\/www.funidelia.dk\/blog\/wp-content\/uploads\/2019\/12\/harry-potter-merch-2.jpg","datePublished":"2020-02-12T13:04:39+00:00","dateModified":"2024-06-24T08:00:10+00:00","description":"Oplev Harry Potter kollektionen p\u00e5 Funidelia. Et stort udvalg af merchandise til potterheads, som enhver muggle vil have.","breadcrumb":{"@id":"http:\/\/www.funidelia.dk\/blog\/harry-potter-gaver\/#breadcrumb"},"inLanguage":"es","potentialAction":[{"@type":"ReadAction","target":["http:\/\/www.funidelia.dk\/blog\/harry-potter-gaver\/"]}]},{"@type":"ImageObject","inLanguage":"es","@id":"http:\/\/www.funidelia.dk\/blog\/harry-potter-gaver\/#primaryimage","url":"http:\/\/www.funidelia.dk\/blog\/wp-content\/uploads\/2019\/12\/harry-potter-merch-2.jpg","contentUrl":"http:\/\/www.funidelia.dk\/blog\/wp-content\/uploads\/2019\/12\/harry-potter-merch-2.jpg","width":788,"height":534},{"@type":"BreadcrumbList","@id":"http:\/\/www.funidelia.dk\/blog\/harry-potter-gaver\/#breadcrumb","itemListElement":[{"@type":"ListItem","position":1,"name":"Portada","item":"http:\/\/www.funidelia.dk\/blog\/"},{"@type":"ListItem","position":2,"name":"Alle de Harry Potter ting, du nogensinde har \u00f8nsket dig"}]},{"@type":"WebSite","@id":"http:\/\/www.funidelia.dk\/blog\/#website","url":"http:\/\/www.funidelia.dk\/blog\/","name":"Funidelia Blog","description":"","publisher":{"@id":"http:\/\/www.funidelia.dk\/blog\/#organization"},"potentialAction":[{"@type":"SearchAction","target":{"@type":"EntryPoint","urlTemplate":"http:\/\/www.funidelia.dk\/blog\/?s={search_term_string}"},"query-input":"required name=search_term_string"}],"inLanguage":"es"},{"@type":"Organization","@id":"http:\/\/www.funidelia.dk\/blog\/#organization","name":"Funidelia","url":"http:\/\/www.funidelia.dk\/blog\/","logo":{"@type":"ImageObject","inLanguage":"es","@id":"http:\/\/www.funidelia.dk\/blog\/#\/schema\/logo\/image\/","url":"","contentUrl":"","caption":"Funidelia"},"image":{"@id":"http:\/\/www.funidelia.dk\/blog\/#\/schema\/logo\/image\/"},"sameAs":["https:\/\/www.facebook.com\/funidelia","https:\/\/x.com\/funidelia","https:\/\/www.instagram.com\/funidelia\/","https:\/\/linkedin.com\/company\/funidelia","https:\/\/es.pinterest.com\/funidelia\/","https:\/\/www.youtube.com\/user\/FunideliaEs\/"]}]}},"_links":{"self":[{"href":"http:\/\/www.funidelia.dk\/blog\/wp-json\/wp\/v2\/pages\/21989"}],"collection":[{"href":"http:\/\/www.funidelia.dk\/blog\/wp-json\/wp\/v2\/pages"}],"about":[{"href":"http:\/\/www.funidelia.dk\/blog\/wp-json\/wp\/v2\/types\/page"}],"author":[{"embeddable":true,"href":"http:\/\/www.funidelia.dk\/blog\/wp-json\/wp\/v2\/users\/21"}],"replies":[{"embeddable":true,"href":"http:\/\/www.funidelia.dk\/blog\/wp-json\/wp\/v2\/comments?post=21989"}],"version-history":[{"count":5,"href":"http:\/\/www.funidelia.dk\/blog\/wp-json\/wp\/v2\/pages\/21989\/revisions"}],"predecessor-version":[{"id":22673,"href":"http:\/\/www.funidelia.dk\/blog\/wp-json\/wp\/v2\/pages\/21989\/revisions\/22673"}],"wp:featuredmedia":[{"embeddable":true,"href":"http:\/\/www.funidelia.dk\/blog\/wp-json\/wp\/v2\/media\/21951"}],"wp:attachment":[{"href":"http:\/\/www.funidelia.dk\/blog\/wp-json\/wp\/v2\/media?parent=21989"}],"curies":[{"name":"wp","href":"https:\/\/api.w.org\/{rel}","templated":true}]}}
