{"id":22046,"date":"2020-02-27T17:01:31","date_gmt":"2020-02-27T16:01:31","guid":{"rendered":"http:\/\/www.funidelia.dk\/blog\/?page_id=22046"},"modified":"2024-06-24T10:38:34","modified_gmt":"2024-06-24T08:38:34","slug":"originale-sjove-kostumer","status":"publish","type":"page","link":"http:\/\/www.funidelia.dk\/blog\/originale-sjove-kostumer\/","title":{"rendered":"Originale og Sjove Kostumer"},"content":{"rendered":"<h2>Originale kostumer til Halloween, jul og karneval<\/h2>\n<p>Vi ved alle, hvad vinteren bringer: kulde, sne, vind, kortere dage&#8230; men det bringer ogs\u00e5 nogle gode ting. Fra november til februar er det non-stop fest s\u00e6son! Halloween, jul og karneval, sjove \u00f8jeblikke for store og sm\u00e5.<\/p>\n<p>Leder du efter unikke kostumer til karnevalet? Kom og l\u00e6s, vi har tonsvis af sjove kostumeideer!<\/p>\n<h3>Unikke kostumer til voksne: Bek\u00e6mp kulden!<\/h3>\n<p>Us gamlinge f\u00f8ler ogs\u00e5 kulden, is\u00e6r n\u00e5r det kommer til at g\u00e5 ud i udkl\u00e6dning, if\u00f8rt et unikt kostume. S\u00e5 vi pr\u00e6senterer her alle vores seje <a href=\"https:\/\/www.funidelia.dk\/kostumer\/originalt-sjovt\/3515\">originale og sjove kostumer<\/a> til voksne (hvoraf vi har mange!), Et udvalg, der er bedst egnet til den kolde og regnfulde vinters\u00e6son.<\/p>\n<p align=\"center\"><img decoding=\"async\" src=\"https:\/\/static1.funidelia.com\/474872-f6_list\/deguisement-dabeille.jpg\" \/><img decoding=\"async\" src=\"https:\/\/static1.funidelia.com\/56433-f6_list\/deguisement-pingouin-empereur-adulte.jpg\" \/><\/p>\n<p align=\"center\"><img decoding=\"async\" src=\"https:\/\/static1.funidelia.com\/48568-f6_list\/deguisement-vache-laitiere-adulte.jpg\" \/><img decoding=\"async\" src=\"https:\/\/static1.funidelia.com\/16358-f6_list\/deguisement-de-gorille-de-luxe.jpg\" \/><\/p>\n<h3>Unikke kostumer til babyer<\/h3>\n<p>Se p\u00e5 vores hyggeligste <a href=\"https:\/\/www.funidelia.dk\/hoejtider\/karneval\/5866\">karneval kostumer<\/a>, der er velegnet til enhver vinter kostumefest. Gode nyheder til alle verdens m\u00f8dre! Nu beh\u00f8ver du aldrig at bekymre dig om, at dine sm\u00e5 bliver kolde i deres kostumer under festivaler eller skolekoncerter.<\/p>\n<p align=\"center\"><iframe loading=\"lazy\" class=\"giphy-embed\" src=\"https:\/\/giphy.com\/embed\/GgEZ7IyZOWJ4A\" width=\"480\" height=\"271\" frameborder=\"0\" allowfullscreen=\"allowfullscreen\"><\/iframe><\/p>\n<p>Jo mindre de er, jo mere er du n\u00f8dt til at beskytte dem mod kulden. Hvis du vil passe p\u00e5 din baby uden at opgive deres kostumer, har vi noget, du vil elske.<\/p>\n<p>Plys og varme <a href=\"https:\/\/www.funidelia.dk\/kostumer\/dyr-insekter\/3513\">dyrekostumer<\/a>. De ser super s\u00f8de ud i nogen af disse <a href=\"https:\/\/www.funidelia.dk\/kostumer\/baby\/1646\">kostumer til babyer<\/a>!<\/p>\n<p align=\"center\"><img decoding=\"async\" src=\"https:\/\/static1.funidelia.com\/470618-f6_list\/deguisement-de-lion-marron-pour-bebe.jpg\" \/><img decoding=\"async\" src=\"https:\/\/static1.funidelia.com\/27097-f6_list\/deguisement-flash-pour-bebe.jpg\" \/><\/p>\n<p align=\"center\"><img decoding=\"async\" src=\"https:\/\/static1.funidelia.com\/26441-f6_list\/deguisement-de-chewbacca-pour-bebe.jpg\" \/><img decoding=\"async\" src=\"https:\/\/static1.funidelia.com\/44875-f6_list\/deguisement-singe-bebe.jpg\" \/><\/p>\n<h3>Hyggelige kostumer til b\u00f8rn<\/h3>\n<p>For de lidt mere voksne b\u00f8rn er der en uendelig m\u00e6ngde af hyggelige <a href=\"https:\/\/www.funidelia.dk\/kostumer\/boerne\/1645\">b\u00f8rnekostumer<\/a> at v\u00e6lge imellem.<\/p>\n<p align=\"center\"><img decoding=\"async\" src=\"https:\/\/static1.funidelia.com\/232383-f6_list\/deguisement-michka-masha-et-michka.jpg\" \/><img decoding=\"async\" src=\"https:\/\/static1.funidelia.com\/35645-f6_list\/deguisement-agent-special-swat-enfant.jpg\" \/><\/p>\n<h2>Unikt tilbeh\u00f8r til udkl\u00e6dning<\/h2>\n<p>Vi har en verden af tilbeh\u00f8r til dig!<\/p>\n<h3>Unikke parykker til sjove kostumer<\/h3>\n<p>T\u00f8r du nyde en lidt anden slags karneval? V\u00e6r opm\u00e6rksom, fordi vi har et sjovt udvalg af tilbeh\u00f8r, som du vil elske, og som passer perfekt til dit kostume.<\/p>\n<p>Hvis du vil v\u00e6re festens liv og sj\u00e6l, s\u00e5 glem ikke dette must-have <a href=\"https:\/\/www.funidelia.dk\/tilbehoer\/5814\">tilbeh\u00f8r<\/a> &#8211; farvede parykker!<\/p>\n<p align=\"center\"><img decoding=\"async\" src=\"https:\/\/static1.funidelia.com\/15101-f6_list\/peluca-de-los-80-multicolor.jpg\" \/><img decoding=\"async\" src=\"https:\/\/static1.funidelia.com\/15085-f6_list\/peluca-sexy-en-rubia.jpg\" \/><\/p>\n<p align=\"center\"><img decoding=\"async\" src=\"https:\/\/static1.funidelia.com\/207972-f6_list\/peluca-de-unicornio-multicolor-larga-para-mujer.jpg\" \/><img decoding=\"async\" src=\"https:\/\/static1.funidelia.com\/16025-f6_list\/peluca-partyrama-azul.jpg\" \/><\/p>\n<p align=\"center\"><img decoding=\"async\" src=\"https:\/\/static1.funidelia.com\/7057-f6_list\/peluca-de-frenchy-de-grease-rosa.jpg\" \/><img decoding=\"async\" src=\"https:\/\/static1.funidelia.com\/17041-f6_list\/peluca-del-deseo-verde.jpg\" \/><\/p>\n<p>Naturligvis er de klassiske parykker som afros, Mohicans og Elvis-stil parykker altid p\u00e5 mode. Vi m\u00e5 heller ikke glemme vores komplette s\u00e6t sk\u00e6g, bakkenbartere og oversk\u00e6g:<\/p>\n<p align=\"center\"><img decoding=\"async\" src=\"https:\/\/static1.funidelia.com\/15288-f6_list\/peluca-funky-afro-marron.jpg\" \/><img decoding=\"async\" src=\"https:\/\/static1.funidelia.com\/15168-f6_list\/peluca-diva-del-rock-rubia-y-negra.jpg\" \/><\/p>\n<p align=\"center\"><img decoding=\"async\" src=\"https:\/\/static1.funidelia.com\/37960-f6_list\/peluca-levi-rasta-para-hombre.jpg\" \/><img decoding=\"async\" src=\"https:\/\/static1.funidelia.com\/296612-f6_list\/peluca-anos-50-de-hombre.jpg\" \/><\/p>\n<h3>Venetianske masker<\/h3>\n<p>Hvis du er sofistikeret og elegance er din ting, hvis du elsker perler og fjer&#8230; anbefaler vi disse smukke og delikate <a href=\"https:\/\/www.funidelia.dk\/masker\/italien-og-venedig\/3744\">venetianske masker<\/a>.<\/p>\n<p align=\"center\"><img decoding=\"async\" src=\"https:\/\/static1.funidelia.com\/42208-f6_list\/antifaz-de-arlequin-veneciano-gotico-para-hombre.jpg\" \/><img decoding=\"async\" src=\"https:\/\/static1.funidelia.com\/21255-f6_list\/antifaz-veneciano-con-pluma-morada.jpg\" \/><\/p>\n<p align=\"center\"><img decoding=\"async\" src=\"https:\/\/static1.funidelia.com\/48638-f6_list\/antifaz-de-peste-barroca-para-hombre.jpg\" \/><img decoding=\"async\" src=\"https:\/\/static1.funidelia.com\/62723-f6_list\/media-mascara-de-fantasma-de-la-opera-dorada-para-hombre.jpg\" \/><\/p>\n<h3>Unikke masker, der supplerer dit costume<\/h3>\n<p>Hvad siger r\u00e6ven??? Hvis du allerede har fundet ud af det og vil hylde det legendariske videoklip fra Ylvis, anbefaler vi disse fantastiske <a href=\"https:\/\/www.funidelia.dk\/masker\/dyr\/5985\">dyremasker<\/a>:<\/p>\n<p align=\"center\"><img decoding=\"async\" src=\"https:\/\/static1.funidelia.com\/22019-f6_list\/mascara-de-caballo-loco.jpg\" \/><img decoding=\"async\" src=\"https:\/\/static1.funidelia.com\/21363-f6_list\/mascara-de-gorila-negro.jpg\" \/><\/p>\n<p align=\"center\"><img decoding=\"async\" src=\"https:\/\/static1.funidelia.com\/203382-f6_list\/mascara-de-bulldog-moving-mouth-para-adulto.jpg\" \/><img decoding=\"async\" src=\"https:\/\/static1.funidelia.com\/449017-f6_list\/media-mascara-de-ciervo-con-cuernos-de-foam-para-adulto.jpg\" \/><\/p>\n<h3>Karneval Sminke<\/h3>\n<p>Forbl\u00f8f alle ved at komplementere dit kostume med tilbeh\u00f8r og lidt god <a href=\"https:\/\/www.funidelia.dk\/sminke\/5817\">sminke<\/a><\/p>\n<p align=\"center\"><img decoding=\"async\" src=\"https:\/\/static1.funidelia.com\/19585-f6_list\/maquillaje-fx-aqua-kit-12-colores.jpg\" \/><img decoding=\"async\" src=\"https:\/\/static1.funidelia.com\/20394-f6_list\/set-de-maquillaje-de-zombie.jpg\" \/><\/p>\n<p align=\"center\"><img decoding=\"async\" src=\"https:\/\/static1.funidelia.com\/20142-f6_list\/herida-abierta-corte-profundo.jpg\" \/><img decoding=\"async\" src=\"https:\/\/static1.funidelia.com\/19586-f6_list\/maquillaje-fx-aqua-kit-12-colores.jpg\" \/><\/p>\n<p>Latex kan bruges til at fremstille falske s\u00e5r og transformere din hud, farvede maling giver dig noget liv og farve, vi har endda f\u00e5et UV sminke, s\u00e5 ikke engang natten vil v\u00e6re i stand til at skjule din glans og pragt!<\/p>\n<h3>Originale Hatte<\/h3>\n<p align=\"center\"><img decoding=\"async\" src=\"https:\/\/static1.funidelia.com\/17557-f6_list\/kit-de-donde-esta-wally.jpg\" \/><img decoding=\"async\" src=\"https:\/\/static1.funidelia.com\/474080-f6_list\/penacho-de-indio-blanco-y-rojo-para-hombre.jpg\" \/><\/p>\n<p align=\"center\"><img decoding=\"async\" src=\"https:\/\/static1.funidelia.com\/15345-f6_list\/sombrero-gangster-anos-20.jpg\" \/><img decoding=\"async\" src=\"https:\/\/static1.funidelia.com\/55110-f6_list\/sombrero-de-sombrerero-para-hombre.jpg\" \/><\/p>\n<p>Vi h\u00e5ber du har haft gl\u00e6de af at udforske vores sp\u00e6ndende r\u00e6kke tilbeh\u00f8r og unikke kostumer til karneval. Der er ingen undskyldning for ikke at kl\u00e6de sig ud!<\/p>\n<p align=\"center\"><iframe loading=\"lazy\" class=\"giphy-embed\" src=\"https:\/\/giphy.com\/embed\/10hO3rDNqqg2Xe\" width=\"480\" height=\"252\" frameborder=\"0\" allowfullscreen=\"allowfullscreen\"><\/iframe><\/p>\n","protected":false},"excerpt":{"rendered":"<p>Originale kostumer til Halloween, jul og karneval Vi ved alle, hvad vinteren bringer: kulde, sne, vind, kortere dage&#8230; men det bringer ogs\u00e5 nogle gode ting. Fra november til februar er det non-stop fest s\u00e6son! Halloween, jul og karneval, sjove \u00f8jeblikke for store og sm\u00e5. Leder du efter unikke kostumer til&#8230;<\/p>\n","protected":false},"author":11,"featured_media":22067,"parent":0,"menu_order":0,"comment_status":"closed","ping_status":"closed","template":"","meta":{"footnotes":""},"yoast_head":"<!-- This site is optimized with the Yoast SEO plugin v23.0 - https:\/\/yoast.com\/wordpress\/plugins\/seo\/ -->\n<title>Sjove og unikke kostumer<\/title>\n<meta name=\"description\" content=\"Opdag unikke og sjove kostumer til din n\u00e6ste fest.\" \/>\n<meta name=\"robots\" content=\"index, follow, max-snippet:-1, max-image-preview:large, max-video-preview:-1\" \/>\n<link rel=\"canonical\" href=\"http:\/\/www.funidelia.dk\/blog\/originale-sjove-kostumer\/\" \/>\n<meta property=\"og:locale\" content=\"es_ES\" \/>\n<meta property=\"og:type\" content=\"article\" \/>\n<meta property=\"og:title\" content=\"Sjove og unikke kostumer\" \/>\n<meta property=\"og:description\" content=\"Opdag unikke og sjove kostumer til din n\u00e6ste fest.\" \/>\n<meta property=\"og:url\" content=\"http:\/\/www.funidelia.dk\/blog\/originale-sjove-kostumer\/\" \/>\n<meta property=\"og:site_name\" content=\"Funidelia Blog\" \/>\n<meta property=\"article:publisher\" content=\"https:\/\/www.facebook.com\/funidelia\" \/>\n<meta property=\"article:modified_time\" content=\"2024-06-24T08:38:34+00:00\" \/>\n<meta property=\"og:image\" content=\"http:\/\/www.funidelia.dk\/blog\/wp-content\/uploads\/2020\/02\/unique-fun.jpg\" \/>\n\t<meta property=\"og:image:width\" content=\"788\" \/>\n\t<meta property=\"og:image:height\" content=\"534\" \/>\n\t<meta property=\"og:image:type\" content=\"image\/jpeg\" \/>\n<meta name=\"twitter:card\" content=\"summary_large_image\" \/>\n<meta name=\"twitter:site\" content=\"@funidelia\" \/>\n<meta name=\"twitter:label1\" content=\"Tiempo de lectura\" \/>\n\t<meta name=\"twitter:data1\" content=\"3 minutos\" \/>\n<script type=\"application\/ld+json\" class=\"yoast-schema-graph\">{\"@context\":\"https:\/\/schema.org\",\"@graph\":[{\"@type\":\"WebPage\",\"@id\":\"http:\/\/www.funidelia.dk\/blog\/originale-sjove-kostumer\/\",\"url\":\"http:\/\/www.funidelia.dk\/blog\/originale-sjove-kostumer\/\",\"name\":\"Sjove og unikke kostumer\",\"isPartOf\":{\"@id\":\"http:\/\/www.funidelia.dk\/blog\/#website\"},\"primaryImageOfPage\":{\"@id\":\"http:\/\/www.funidelia.dk\/blog\/originale-sjove-kostumer\/#primaryimage\"},\"image\":{\"@id\":\"http:\/\/www.funidelia.dk\/blog\/originale-sjove-kostumer\/#primaryimage\"},\"thumbnailUrl\":\"http:\/\/www.funidelia.dk\/blog\/wp-content\/uploads\/2020\/02\/unique-fun.jpg\",\"datePublished\":\"2020-02-27T16:01:31+00:00\",\"dateModified\":\"2024-06-24T08:38:34+00:00\",\"description\":\"Opdag unikke og sjove kostumer til din n\u00e6ste fest.\",\"breadcrumb\":{\"@id\":\"http:\/\/www.funidelia.dk\/blog\/originale-sjove-kostumer\/#breadcrumb\"},\"inLanguage\":\"es\",\"potentialAction\":[{\"@type\":\"ReadAction\",\"target\":[\"http:\/\/www.funidelia.dk\/blog\/originale-sjove-kostumer\/\"]}]},{\"@type\":\"ImageObject\",\"inLanguage\":\"es\",\"@id\":\"http:\/\/www.funidelia.dk\/blog\/originale-sjove-kostumer\/#primaryimage\",\"url\":\"http:\/\/www.funidelia.dk\/blog\/wp-content\/uploads\/2020\/02\/unique-fun.jpg\",\"contentUrl\":\"http:\/\/www.funidelia.dk\/blog\/wp-content\/uploads\/2020\/02\/unique-fun.jpg\",\"width\":788,\"height\":534},{\"@type\":\"BreadcrumbList\",\"@id\":\"http:\/\/www.funidelia.dk\/blog\/originale-sjove-kostumer\/#breadcrumb\",\"itemListElement\":[{\"@type\":\"ListItem\",\"position\":1,\"name\":\"Portada\",\"item\":\"http:\/\/www.funidelia.dk\/blog\/\"},{\"@type\":\"ListItem\",\"position\":2,\"name\":\"Originale og Sjove Kostumer\"}]},{\"@type\":\"WebSite\",\"@id\":\"http:\/\/www.funidelia.dk\/blog\/#website\",\"url\":\"http:\/\/www.funidelia.dk\/blog\/\",\"name\":\"Funidelia Blog\",\"description\":\"\",\"publisher\":{\"@id\":\"http:\/\/www.funidelia.dk\/blog\/#organization\"},\"potentialAction\":[{\"@type\":\"SearchAction\",\"target\":{\"@type\":\"EntryPoint\",\"urlTemplate\":\"http:\/\/www.funidelia.dk\/blog\/?s={search_term_string}\"},\"query-input\":\"required name=search_term_string\"}],\"inLanguage\":\"es\"},{\"@type\":\"Organization\",\"@id\":\"http:\/\/www.funidelia.dk\/blog\/#organization\",\"name\":\"Funidelia\",\"url\":\"http:\/\/www.funidelia.dk\/blog\/\",\"logo\":{\"@type\":\"ImageObject\",\"inLanguage\":\"es\",\"@id\":\"http:\/\/www.funidelia.dk\/blog\/#\/schema\/logo\/image\/\",\"url\":\"\",\"contentUrl\":\"\",\"caption\":\"Funidelia\"},\"image\":{\"@id\":\"http:\/\/www.funidelia.dk\/blog\/#\/schema\/logo\/image\/\"},\"sameAs\":[\"https:\/\/www.facebook.com\/funidelia\",\"https:\/\/x.com\/funidelia\",\"https:\/\/www.instagram.com\/funidelia\/\",\"https:\/\/linkedin.com\/company\/funidelia\",\"https:\/\/es.pinterest.com\/funidelia\/\",\"https:\/\/www.youtube.com\/user\/FunideliaEs\/\"]}]}<\/script>\n<!-- \/ Yoast SEO plugin. -->","yoast_head_json":{"title":"Sjove og unikke kostumer","description":"Opdag unikke og sjove kostumer til din n\u00e6ste fest.","robots":{"index":"index","follow":"follow","max-snippet":"max-snippet:-1","max-image-preview":"max-image-preview:large","max-video-preview":"max-video-preview:-1"},"canonical":"http:\/\/www.funidelia.dk\/blog\/originale-sjove-kostumer\/","og_locale":"es_ES","og_type":"article","og_title":"Sjove og unikke kostumer","og_description":"Opdag unikke og sjove kostumer til din n\u00e6ste fest.","og_url":"http:\/\/www.funidelia.dk\/blog\/originale-sjove-kostumer\/","og_site_name":"Funidelia Blog","article_publisher":"https:\/\/www.facebook.com\/funidelia","article_modified_time":"2024-06-24T08:38:34+00:00","og_image":[{"width":788,"height":534,"url":"http:\/\/www.funidelia.dk\/blog\/wp-content\/uploads\/2020\/02\/unique-fun.jpg","type":"image\/jpeg"}],"twitter_card":"summary_large_image","twitter_site":"@funidelia","twitter_misc":{"Tiempo de lectura":"3 minutos"},"schema":{"@context":"https:\/\/schema.org","@graph":[{"@type":"WebPage","@id":"http:\/\/www.funidelia.dk\/blog\/originale-sjove-kostumer\/","url":"http:\/\/www.funidelia.dk\/blog\/originale-sjove-kostumer\/","name":"Sjove og unikke kostumer","isPartOf":{"@id":"http:\/\/www.funidelia.dk\/blog\/#website"},"primaryImageOfPage":{"@id":"http:\/\/www.funidelia.dk\/blog\/originale-sjove-kostumer\/#primaryimage"},"image":{"@id":"http:\/\/www.funidelia.dk\/blog\/originale-sjove-kostumer\/#primaryimage"},"thumbnailUrl":"http:\/\/www.funidelia.dk\/blog\/wp-content\/uploads\/2020\/02\/unique-fun.jpg","datePublished":"2020-02-27T16:01:31+00:00","dateModified":"2024-06-24T08:38:34+00:00","description":"Opdag unikke og sjove kostumer til din n\u00e6ste fest.","breadcrumb":{"@id":"http:\/\/www.funidelia.dk\/blog\/originale-sjove-kostumer\/#breadcrumb"},"inLanguage":"es","potentialAction":[{"@type":"ReadAction","target":["http:\/\/www.funidelia.dk\/blog\/originale-sjove-kostumer\/"]}]},{"@type":"ImageObject","inLanguage":"es","@id":"http:\/\/www.funidelia.dk\/blog\/originale-sjove-kostumer\/#primaryimage","url":"http:\/\/www.funidelia.dk\/blog\/wp-content\/uploads\/2020\/02\/unique-fun.jpg","contentUrl":"http:\/\/www.funidelia.dk\/blog\/wp-content\/uploads\/2020\/02\/unique-fun.jpg","width":788,"height":534},{"@type":"BreadcrumbList","@id":"http:\/\/www.funidelia.dk\/blog\/originale-sjove-kostumer\/#breadcrumb","itemListElement":[{"@type":"ListItem","position":1,"name":"Portada","item":"http:\/\/www.funidelia.dk\/blog\/"},{"@type":"ListItem","position":2,"name":"Originale og Sjove Kostumer"}]},{"@type":"WebSite","@id":"http:\/\/www.funidelia.dk\/blog\/#website","url":"http:\/\/www.funidelia.dk\/blog\/","name":"Funidelia Blog","description":"","publisher":{"@id":"http:\/\/www.funidelia.dk\/blog\/#organization"},"potentialAction":[{"@type":"SearchAction","target":{"@type":"EntryPoint","urlTemplate":"http:\/\/www.funidelia.dk\/blog\/?s={search_term_string}"},"query-input":"required name=search_term_string"}],"inLanguage":"es"},{"@type":"Organization","@id":"http:\/\/www.funidelia.dk\/blog\/#organization","name":"Funidelia","url":"http:\/\/www.funidelia.dk\/blog\/","logo":{"@type":"ImageObject","inLanguage":"es","@id":"http:\/\/www.funidelia.dk\/blog\/#\/schema\/logo\/image\/","url":"","contentUrl":"","caption":"Funidelia"},"image":{"@id":"http:\/\/www.funidelia.dk\/blog\/#\/schema\/logo\/image\/"},"sameAs":["https:\/\/www.facebook.com\/funidelia","https:\/\/x.com\/funidelia","https:\/\/www.instagram.com\/funidelia\/","https:\/\/linkedin.com\/company\/funidelia","https:\/\/es.pinterest.com\/funidelia\/","https:\/\/www.youtube.com\/user\/FunideliaEs\/"]}]}},"_links":{"self":[{"href":"http:\/\/www.funidelia.dk\/blog\/wp-json\/wp\/v2\/pages\/22046"}],"collection":[{"href":"http:\/\/www.funidelia.dk\/blog\/wp-json\/wp\/v2\/pages"}],"about":[{"href":"http:\/\/www.funidelia.dk\/blog\/wp-json\/wp\/v2\/types\/page"}],"author":[{"embeddable":true,"href":"http:\/\/www.funidelia.dk\/blog\/wp-json\/wp\/v2\/users\/11"}],"replies":[{"embeddable":true,"href":"http:\/\/www.funidelia.dk\/blog\/wp-json\/wp\/v2\/comments?post=22046"}],"version-history":[{"count":6,"href":"http:\/\/www.funidelia.dk\/blog\/wp-json\/wp\/v2\/pages\/22046\/revisions"}],"predecessor-version":[{"id":22697,"href":"http:\/\/www.funidelia.dk\/blog\/wp-json\/wp\/v2\/pages\/22046\/revisions\/22697"}],"wp:featuredmedia":[{"embeddable":true,"href":"http:\/\/www.funidelia.dk\/blog\/wp-json\/wp\/v2\/media\/22067"}],"wp:attachment":[{"href":"http:\/\/www.funidelia.dk\/blog\/wp-json\/wp\/v2\/media?parent=22046"}],"curies":[{"name":"wp","href":"https:\/\/api.w.org\/{rel}","templated":true}]}}
