{"id":22050,"date":"2020-02-27T16:33:16","date_gmt":"2020-02-27T15:33:16","guid":{"rendered":"http:\/\/www.funidelia.dk\/blog\/?page_id=22050"},"modified":"2024-06-24T10:38:22","modified_gmt":"2024-06-24T08:38:22","slug":"kostumer-kvinder","status":"publish","type":"page","link":"http:\/\/www.funidelia.dk\/blog\/kostumer-kvinder\/","title":{"rendered":"Kostumer til kvinder"},"content":{"rendered":"<p>Opdag de bedste kostumeideer til kvinder, og kl\u00e6d dig ud sammen med dine venner. Leder du efter et karakteristisk kostume med en sexet kant? S\u00e5 er du p\u00e5 det rigtige sted. Her p\u00e5 Funidelia har vi brainstormet nogle ideer til <a href=\"https:\/\/www.funidelia.dk\/kostumer\/damer\/1631\">kvinde kostumer<\/a>, som du vil elske. S\u00e5 v\u00e6r meget opm\u00e6rksom!<\/p>\n<h2>Superhelte kostumer<\/h2>\n<p align=\"center\"><img decoding=\"async\" src=\"https:\/\/static1.funidelia.com\/img\/blog\/s-women-costumes\/harley-quinn.jpg\" \/><\/p>\n<p>Girl Power! Hvis du vil hylde alle verdens superkvinder, \u00e6gte eller fiktive, skal du ikke lede l\u00e6ngere end disse unikke og <a href=\"https:\/\/www.funidelia.dk\/kostumer\/superhelte-skurke\/damer\/5943\">sexede kostumer af superhelte<\/a> og skurke. Kl\u00e6d dig ud og red verden fra det onde, eller \u00f8del\u00e6g den n\u00e5del\u00f8st&#8230; men husk altid at have det sjovt!<\/p>\n<p align=\"center\"><img decoding=\"async\" src=\"https:\/\/static1.funidelia.com\/474151-f6_list\/disfraz-de-supergirl-para-mujer.jpg\" \/><img decoding=\"async\" src=\"https:\/\/static1.funidelia.com\/475751-f6_list\/disfraz-de-batgirl-para-mujer.jpg\" \/><\/p>\n<p align=\"center\"><img decoding=\"async\" src=\"https:\/\/static1.funidelia.com\/475913-f6_list\/disfraz-de-catwoman.jpg\" \/><img decoding=\"async\" src=\"https:\/\/static1.funidelia.com\/474200-f6_list\/disfraz-de-wonder-woman.jpg\" \/><\/p>\n<p align=\"center\"><img decoding=\"async\" src=\"https:\/\/static1.funidelia.com\/474840-f6_list\/disfraz-de-harley-quinn-birds-of-prey.jpg\" \/><img decoding=\"async\" src=\"https:\/\/static1.funidelia.com\/474167-f6_list\/disfraz-de-robin-para-mujer.jpg\" \/><\/p>\n<p align=\"center\"><img decoding=\"async\" src=\"https:\/\/static1.funidelia.com\/474204-f6_list\/disfraz-de-flash-para-mujer.jpg\" \/><img decoding=\"async\" src=\"https:\/\/static1.funidelia.com\/474135-f6_list\/disfraz-de-harley-quinn-escuadron-suicida.jpg\" \/><\/p>\n<h2>Film og tv-serie kostumer til kvinder<\/h2>\n<p align=\"center\"><img decoding=\"async\" src=\"https:\/\/static1.funidelia.com\/img\/blog\/s-women-costumes\/grease.jpg\" \/><\/p>\n<p>Film og tv er altid en god kilde til inspiration til kvinde kostumer. En favoritfilm, en karakter, du beundrer&#8230; der er s\u00e5 mange kostumemuligheder at v\u00e6lge imellem!<\/p>\n<p>Fra the Pink Ladies i Grease til Daenerys Targaryen, fra Morticia Addams til Kill Bill&#8217;s Black Mamba, fra Alice i Eventyrland til Tokyo i Papirhuset, eller fra Wilma Flintstone til Offred i The Handmaid&#8217;s Tale&#8230; V\u00e6lg en af disse fantastiske kvindelige karakterer at kl\u00e6de dig ud som. Perfekt til enhver lejlighed.<\/p>\n<p align=\"center\"><img decoding=\"async\" src=\"https:\/\/static1.funidelia.com\/452058-f6_list\/chaqueta-de-pink-ladies-disfraz-grease.jpg\" \/><img decoding=\"async\" src=\"https:\/\/static1.funidelia.com\/43574-f6_list\/disfraz-de-morticia-para-mujer.jpg\" \/><\/p>\n<p align=\"center\"><img decoding=\"async\" src=\"https:\/\/static1.funidelia.com\/142443-f6_list\/disfraz-de-la-casa-de-papel.jpg\" \/><img decoding=\"async\" src=\"https:\/\/static1.funidelia.com\/470763-f6_list\/disfraz-de-reina-madre-de-dragones-para-mujer.jpg\" \/><\/p>\n<p align=\"center\"><img decoding=\"async\" src=\"https:\/\/static1.funidelia.com\/28651-f6_list\/disfraz-de-kill-bill-para-mujer.jpg\" \/><img decoding=\"async\" src=\"https:\/\/static1.funidelia.com\/238035-f6_list\/disfraz-de-el-cuento-de-la-criada.jpg\" \/><\/p>\n<p align=\"center\"><img decoding=\"async\" src=\"https:\/\/static1.funidelia.com\/14629-f6_list\/disfraz-de-alicia-maravilla.jpg\" \/><img decoding=\"async\" src=\"https:\/\/static1.funidelia.com\/475785-f6_list\/disfraz-de-vilma-picapiedra-los-picapiedra.jpg\" \/><\/p>\n<h2>\u00c5rtiernes kostumer til kvinder<\/h2>\n<p align=\"center\"><img decoding=\"async\" src=\"https:\/\/static1.funidelia.com\/img\/blog\/s-women-costumes\/decades.jpg\" \/><\/p>\n<p>Hvert \u00e5rti har noget helt bestemt. Historien tager os med p\u00e5 en rejse gennem perioder af unik og karakteristisk mode, der for evigt vil tjene som en p\u00e5mindelse om en svunden tid. Her har vi et par ideer til \u00e5rtitemaer til kvinder med de mest karakteristiske looks i hver periode.<\/p>\n<p align=\"center\"><img decoding=\"async\" src=\"https:\/\/static1.funidelia.com\/248326-f6_list\/disfraz-de-charleston-anos-20-negro.jpg\" \/><img decoding=\"async\" src=\"https:\/\/static1.funidelia.com\/54832-f6_list\/disfraz-de-charleston-rojo-anos-20.jpg\" \/><\/p>\n<p align=\"center\"><img decoding=\"async\" src=\"https:\/\/static1.funidelia.com\/48442-f6_list\/disfraz-de-camarera-retro-para-mujer.jpg\" \/><img decoding=\"async\" src=\"https:\/\/static1.funidelia.com\/35667-f6_list\/disfraz-de-marilyn-para-mujer.jpg\" \/><\/p>\n<p align=\"center\"><img decoding=\"async\" src=\"https:\/\/static1.funidelia.com\/248300-f6_list\/disfraz-de-hippie-para-mujer.jpg\" \/><img decoding=\"async\" src=\"https:\/\/static1.funidelia.com\/54863-f6_list\/disfraz-de-hippie-festivalera-para-mujer.jpg\" \/><\/p>\n<p align=\"center\"><img decoding=\"async\" src=\"https:\/\/static1.funidelia.com\/43381-f6_list\/disfraz-de-mujer-de-los-anos-70.jpg\" \/><img decoding=\"async\" src=\"https:\/\/static1.funidelia.com\/470626-f6_list\/disfraz-anos-70-para-mujer.jpg\" \/><\/p>\n<p align=\"center\"><img decoding=\"async\" src=\"https:\/\/static1.funidelia.com\/36906-f6_list\/disfraz-gimnasta-de-los-80-para-mujer.jpg\" \/><img decoding=\"async\" src=\"https:\/\/static1.funidelia.com\/16269-f6_list\/disfraz-anos-80-para-mujer.jpg\" \/><\/p>\n<h2>Disney Prinsesse kostumer til kvinder<\/h2>\n<p align=\"center\"><img decoding=\"async\" src=\"https:\/\/static1.funidelia.com\/img\/blog\/s-women-costumes\/beauty-beast.JPG\" \/><\/p>\n<p>Hvem har sagt, at kun sm\u00e5 piger kan kl\u00e6de sig ud som prinsesser? Har du altid \u00f8nsket at v\u00e6re snehvide, da du var yngre? Du skal ikke bekymre dig, vi har <a href=\"https:\/\/www.funidelia.dk\/kostumer\/disney-prinsesser\/3503\">kvinde kostumer til alle Disney prinsesser<\/a> (officielle versioner og andre med en sexet twist).<\/p>\n<p>Vis din sk\u00f8nhed i en af vores Belle kjoler.<\/p>\n<p align=\"center\"><img decoding=\"async\" src=\"https:\/\/static1.funidelia.com\/10837-f6_list\/disfraz-de-bella-sexy-de-la-bella-y-la-bestia.jpg\" \/><\/p>\n<p>Vil du v\u00e6re en eksotisk prinsesse som prinsesse Jasmin? Fuldend dit look med en brun paryk, bind dit h\u00e5r med bl\u00e5t b\u00e5nd og tilf\u00f8j et pandeb\u00e5nd, for at se ud som Disney Prinsessen af Agrabah.<\/p>\n<p align=\"center\"><img decoding=\"async\" src=\"https:\/\/static1.funidelia.com\/190351-f6_list\/disfraz-de-jasmine-para-mujer-aladdin.jpg\" \/><\/p>\n<p>Eller m\u00e5ske vil du gerne blive den smukke Pocahontas? Skab et kostume med vores <a href=\"https:\/\/www.funidelia.dk\/kostumer\/indianer\/3200\">indianer kostume<\/a> og tilf\u00f8j blot noget af hendes karakteristiske tilbeh\u00f8r, f.eks. Den bl\u00e5 halsk\u00e6de og armtatoveringer.<\/p>\n<p align=\"center\"><img decoding=\"async\" src=\"https:\/\/static1.funidelia.com\/20432-f6_list\/disfraz-de-mujer-india-del-viejo-oeste-con-flecos.jpg\" \/><\/p>\n<p>V\u00e6r ballets dronning som Askepot.<\/p>\n<p align=\"center\"><img decoding=\"async\" src=\"https:\/\/static1.funidelia.com\/248793-f6_list\/disfraz-de-cenicienta-deluxe-adulto.jpg\" \/><\/p>\n<p>Eller hvad med Maleficent, den onde elskerinde?<\/p>\n<p align=\"center\"><img decoding=\"async\" src=\"https:\/\/static1.funidelia.com\/25234-f6_list\/disfraz-de-malefica-para-mujer.jpg\" \/><\/p>\n<h2>Sexede kostumer<\/h2>\n<p>Dyp t\u00e6erne i det vilde vand, med disse <a href=\"https:\/\/www.funidelia.dk\/kostumer\/sexede\/1087\">sexede kostumer<\/a>. For de dristige, skal i tjekke den \u201cfeber\u201d sexede kostumelinje, der inkluderer kjoler, heldragter, gennemsigtig t\u00f8j og minisk\u00f8rter. Den har endda erotiske kostumer til de endnu vildere n\u00e6tter. G\u00f8r dig klar til at tage verden med storm med dine venner i et af disse kostumer.<\/p>\n<p align=\"center\"><img decoding=\"async\" src=\"https:\/\/static1.funidelia.com\/20851-f6_list\/disfraz-de-enfermera-fever-para-mujer.jpg\" \/><img decoding=\"async\" src=\"https:\/\/static1.funidelia.com\/14970-f6_list\/disfraz-de-azafata-de-avion-sexy-para-mujer.jpg\" \/><\/p>\n<p align=\"center\"><img decoding=\"async\" src=\"https:\/\/static1.funidelia.com\/20794-f6_list\/disfraz-de-criada-francesa.jpg\" \/><img decoding=\"async\" src=\"https:\/\/static1.funidelia.com\/36772-f6_list\/disfraz-de-princesa-leia-esclava-sexy.jpg\" \/><\/p>\n<p align=\"center\"><img decoding=\"async\" src=\"https:\/\/static1.funidelia.com\/28034-f6_list\/disfraz-de-marinera-seductora-para-mujer.jpg\" \/><img decoding=\"async\" src=\"https:\/\/static1.funidelia.com\/21134-f6_list\/disfraz-de-pirata-del-tesoro-fever-para-mujer.jpg\" \/><\/p>\n<h2>Plus-st\u00f8rrelse kostumer til kvinder<\/h2>\n<p align=\"center\"><img decoding=\"async\" src=\"https:\/\/static1.funidelia.com\/img\/blog\/s-women-costumes\/plus-size.jpg\" \/><\/p>\n<p>Former er smukke! Sjov har ingen st\u00f8rrelsesbegr\u00e6nsning, og derfor er vi her for at vise dig nogle af vores bedste <a href=\"https:\/\/www.funidelia.dk\/kostumer\/ekstra-store-stoerrelser\/3758\">kostumer i plus-st\u00f8rrelse til kvinder<\/a>, tilpasset dine m\u00e5l og kurver, s\u00e5 du kan blive den karakter, du altid har \u00f8nsket at v\u00e6re.<\/p>\n<p align=\"center\"><img decoding=\"async\" src=\"https:\/\/static1.funidelia.com\/40749-f6_list\/disfraz-de-pirata-para-mujer-talla-grande.jpg\" \/><img decoding=\"async\" src=\"https:\/\/static1.funidelia.com\/34076-f6_list\/disfraz-de-vampiresa-talla-grande.jpg\" \/><\/p>\n<p align=\"center\"><img decoding=\"async\" src=\"https:\/\/static1.funidelia.com\/40744-f6_list\/disfraz-de-medusa-para-mujer-talla-grande.jpg\" \/><img decoding=\"async\" src=\"https:\/\/static1.funidelia.com\/40750-f6_list\/disfraz-de-caperucita-oscura-para-mujer-talla-grande.jpg\" \/><\/p>\n<p align=\"center\"><img decoding=\"async\" src=\"https:\/\/static1.funidelia.com\/28639-f6_list\/disfraz-de-cazadora-katniss-para-mujer-talla-grande.jpg\" \/><img decoding=\"async\" src=\"https:\/\/static1.funidelia.com\/40748-f6_list\/disfraz-de-alicia-tenebrosa-para-mujer-talla-grande.jpg\" \/><\/p>\n<h2>Dyrekostumer<\/h2>\n<p align=\"center\"><img decoding=\"async\" src=\"https:\/\/static1.funidelia.com\/img\/blog\/s-women-costumes\/animals.jpg\" \/><\/p>\n<p>Hvis du er en naturelsker, vil du elske disse <a href=\"https:\/\/www.funidelia.dk\/kostumer\/dyr-insekter\/3513\">dyrekostumer<\/a>. Oplev vores hyggelige og komfortable Kigurumi kostumer og onesies, der vil f\u00f8les som om du har pyjamas p\u00e5! Fluffy og l\u00f8se, s\u00e5 du kan v\u00e6re i stand til at bev\u00e6ge dig rundt med lethed og komfort.<\/p>\n<p align=\"center\"><img decoding=\"async\" src=\"https:\/\/static1.funidelia.com\/477497-f6_list\/disfraz-de-jirafa-onesie-para-adulto.jpg\" \/><img decoding=\"async\" src=\"https:\/\/static1.funidelia.com\/42051-f6_list\/disfraz-pijama-de-pinguino-adorable-para-mujer.jpg\" \/><\/p>\n<p align=\"center\"><img decoding=\"async\" src=\"https:\/\/static1.funidelia.com\/49310-f6_list\/disfraz-de-sirena-elegante-para-mujer.jpg\" \/><img decoding=\"async\" src=\"https:\/\/static1.funidelia.com\/48485-f6_list\/disfraz-de-unicornio-multicolor-para-mujer.jpg\" \/><\/p>\n<p align=\"center\"><img decoding=\"async\" src=\"https:\/\/static1.funidelia.com\/470120-f6_list\/disfraz-de-unicornio-azul-para-mujer.jpg\" \/><img decoding=\"async\" src=\"https:\/\/static1.funidelia.com\/43727-f6_list\/disfraz-de-gata-para-mujer.jpg\" \/><\/p>\n<p>Hvilken af disse foretr\u00e6kker du?<\/p>\n<h3 style=\"text-align: center;\">Have fun!<\/h3>\n<p align=\"center\"><iframe loading=\"lazy\" class=\"giphy-embed\" src=\"https:\/\/giphy.com\/embed\/7DAUGQRbaYkBq\" width=\"480\" height=\"271\" frameborder=\"0\" allowfullscreen=\"allowfullscreen\"><\/iframe><\/p>\n","protected":false},"excerpt":{"rendered":"<p>Opdag de bedste kostumeideer til kvinder, og kl\u00e6d dig ud sammen med dine venner. Leder du efter et karakteristisk kostume med en sexet kant? S\u00e5 er du p\u00e5 det rigtige sted. Her p\u00e5 Funidelia har vi brainstormet nogle ideer til kvinde kostumer, som du vil elske. S\u00e5 v\u00e6r meget opm\u00e6rksom!&#8230;<\/p>\n","protected":false},"author":11,"featured_media":22075,"parent":0,"menu_order":0,"comment_status":"closed","ping_status":"closed","template":"","meta":{"footnotes":""},"yoast_head":"<!-- This site is optimized with the Yoast SEO plugin v23.0 - https:\/\/yoast.com\/wordpress\/plugins\/seo\/ -->\n<title>Karneval kostumer til kvinder \ud83d\udc6f\u200d\u2640\ufe0f<\/title>\n<meta name=\"description\" content=\"Opdag de bedste kostumeideer til kvinder: Karneval, Halloween eller enhver fest.\" \/>\n<meta name=\"robots\" content=\"index, follow, max-snippet:-1, max-image-preview:large, max-video-preview:-1\" \/>\n<link rel=\"canonical\" href=\"http:\/\/www.funidelia.dk\/blog\/kostumer-kvinder\/\" \/>\n<meta property=\"og:locale\" content=\"es_ES\" \/>\n<meta property=\"og:type\" content=\"article\" \/>\n<meta property=\"og:title\" content=\"Karneval kostumer til kvinder \ud83d\udc6f\u200d\u2640\ufe0f\" \/>\n<meta property=\"og:description\" content=\"Opdag de bedste kostumeideer til kvinder: Karneval, Halloween eller enhver fest.\" \/>\n<meta property=\"og:url\" content=\"http:\/\/www.funidelia.dk\/blog\/kostumer-kvinder\/\" \/>\n<meta property=\"og:site_name\" content=\"Funidelia Blog\" \/>\n<meta property=\"article:publisher\" content=\"https:\/\/www.facebook.com\/funidelia\" \/>\n<meta property=\"article:modified_time\" content=\"2024-06-24T08:38:22+00:00\" \/>\n<meta property=\"og:image\" content=\"http:\/\/www.funidelia.dk\/blog\/wp-content\/uploads\/2020\/02\/women.jpg\" \/>\n\t<meta property=\"og:image:width\" content=\"788\" \/>\n\t<meta property=\"og:image:height\" content=\"534\" \/>\n\t<meta property=\"og:image:type\" content=\"image\/jpeg\" \/>\n<meta name=\"twitter:card\" content=\"summary_large_image\" \/>\n<meta name=\"twitter:site\" content=\"@funidelia\" \/>\n<meta name=\"twitter:label1\" content=\"Tiempo de lectura\" \/>\n\t<meta name=\"twitter:data1\" content=\"3 minutos\" \/>\n<script type=\"application\/ld+json\" class=\"yoast-schema-graph\">{\"@context\":\"https:\/\/schema.org\",\"@graph\":[{\"@type\":\"WebPage\",\"@id\":\"http:\/\/www.funidelia.dk\/blog\/kostumer-kvinder\/\",\"url\":\"http:\/\/www.funidelia.dk\/blog\/kostumer-kvinder\/\",\"name\":\"Karneval kostumer til kvinder \ud83d\udc6f\u200d\u2640\ufe0f\",\"isPartOf\":{\"@id\":\"http:\/\/www.funidelia.dk\/blog\/#website\"},\"primaryImageOfPage\":{\"@id\":\"http:\/\/www.funidelia.dk\/blog\/kostumer-kvinder\/#primaryimage\"},\"image\":{\"@id\":\"http:\/\/www.funidelia.dk\/blog\/kostumer-kvinder\/#primaryimage\"},\"thumbnailUrl\":\"http:\/\/www.funidelia.dk\/blog\/wp-content\/uploads\/2020\/02\/women.jpg\",\"datePublished\":\"2020-02-27T15:33:16+00:00\",\"dateModified\":\"2024-06-24T08:38:22+00:00\",\"description\":\"Opdag de bedste kostumeideer til kvinder: Karneval, Halloween eller enhver fest.\",\"breadcrumb\":{\"@id\":\"http:\/\/www.funidelia.dk\/blog\/kostumer-kvinder\/#breadcrumb\"},\"inLanguage\":\"es\",\"potentialAction\":[{\"@type\":\"ReadAction\",\"target\":[\"http:\/\/www.funidelia.dk\/blog\/kostumer-kvinder\/\"]}]},{\"@type\":\"ImageObject\",\"inLanguage\":\"es\",\"@id\":\"http:\/\/www.funidelia.dk\/blog\/kostumer-kvinder\/#primaryimage\",\"url\":\"http:\/\/www.funidelia.dk\/blog\/wp-content\/uploads\/2020\/02\/women.jpg\",\"contentUrl\":\"http:\/\/www.funidelia.dk\/blog\/wp-content\/uploads\/2020\/02\/women.jpg\",\"width\":788,\"height\":534},{\"@type\":\"BreadcrumbList\",\"@id\":\"http:\/\/www.funidelia.dk\/blog\/kostumer-kvinder\/#breadcrumb\",\"itemListElement\":[{\"@type\":\"ListItem\",\"position\":1,\"name\":\"Portada\",\"item\":\"http:\/\/www.funidelia.dk\/blog\/\"},{\"@type\":\"ListItem\",\"position\":2,\"name\":\"Kostumer til kvinder\"}]},{\"@type\":\"WebSite\",\"@id\":\"http:\/\/www.funidelia.dk\/blog\/#website\",\"url\":\"http:\/\/www.funidelia.dk\/blog\/\",\"name\":\"Funidelia Blog\",\"description\":\"\",\"publisher\":{\"@id\":\"http:\/\/www.funidelia.dk\/blog\/#organization\"},\"potentialAction\":[{\"@type\":\"SearchAction\",\"target\":{\"@type\":\"EntryPoint\",\"urlTemplate\":\"http:\/\/www.funidelia.dk\/blog\/?s={search_term_string}\"},\"query-input\":\"required name=search_term_string\"}],\"inLanguage\":\"es\"},{\"@type\":\"Organization\",\"@id\":\"http:\/\/www.funidelia.dk\/blog\/#organization\",\"name\":\"Funidelia\",\"url\":\"http:\/\/www.funidelia.dk\/blog\/\",\"logo\":{\"@type\":\"ImageObject\",\"inLanguage\":\"es\",\"@id\":\"http:\/\/www.funidelia.dk\/blog\/#\/schema\/logo\/image\/\",\"url\":\"\",\"contentUrl\":\"\",\"caption\":\"Funidelia\"},\"image\":{\"@id\":\"http:\/\/www.funidelia.dk\/blog\/#\/schema\/logo\/image\/\"},\"sameAs\":[\"https:\/\/www.facebook.com\/funidelia\",\"https:\/\/x.com\/funidelia\",\"https:\/\/www.instagram.com\/funidelia\/\",\"https:\/\/linkedin.com\/company\/funidelia\",\"https:\/\/es.pinterest.com\/funidelia\/\",\"https:\/\/www.youtube.com\/user\/FunideliaEs\/\"]}]}<\/script>\n<!-- \/ Yoast SEO plugin. -->","yoast_head_json":{"title":"Karneval kostumer til kvinder \ud83d\udc6f\u200d\u2640\ufe0f","description":"Opdag de bedste kostumeideer til kvinder: Karneval, Halloween eller enhver fest.","robots":{"index":"index","follow":"follow","max-snippet":"max-snippet:-1","max-image-preview":"max-image-preview:large","max-video-preview":"max-video-preview:-1"},"canonical":"http:\/\/www.funidelia.dk\/blog\/kostumer-kvinder\/","og_locale":"es_ES","og_type":"article","og_title":"Karneval kostumer til kvinder \ud83d\udc6f\u200d\u2640\ufe0f","og_description":"Opdag de bedste kostumeideer til kvinder: Karneval, Halloween eller enhver fest.","og_url":"http:\/\/www.funidelia.dk\/blog\/kostumer-kvinder\/","og_site_name":"Funidelia Blog","article_publisher":"https:\/\/www.facebook.com\/funidelia","article_modified_time":"2024-06-24T08:38:22+00:00","og_image":[{"width":788,"height":534,"url":"http:\/\/www.funidelia.dk\/blog\/wp-content\/uploads\/2020\/02\/women.jpg","type":"image\/jpeg"}],"twitter_card":"summary_large_image","twitter_site":"@funidelia","twitter_misc":{"Tiempo de lectura":"3 minutos"},"schema":{"@context":"https:\/\/schema.org","@graph":[{"@type":"WebPage","@id":"http:\/\/www.funidelia.dk\/blog\/kostumer-kvinder\/","url":"http:\/\/www.funidelia.dk\/blog\/kostumer-kvinder\/","name":"Karneval kostumer til kvinder \ud83d\udc6f\u200d\u2640\ufe0f","isPartOf":{"@id":"http:\/\/www.funidelia.dk\/blog\/#website"},"primaryImageOfPage":{"@id":"http:\/\/www.funidelia.dk\/blog\/kostumer-kvinder\/#primaryimage"},"image":{"@id":"http:\/\/www.funidelia.dk\/blog\/kostumer-kvinder\/#primaryimage"},"thumbnailUrl":"http:\/\/www.funidelia.dk\/blog\/wp-content\/uploads\/2020\/02\/women.jpg","datePublished":"2020-02-27T15:33:16+00:00","dateModified":"2024-06-24T08:38:22+00:00","description":"Opdag de bedste kostumeideer til kvinder: Karneval, Halloween eller enhver fest.","breadcrumb":{"@id":"http:\/\/www.funidelia.dk\/blog\/kostumer-kvinder\/#breadcrumb"},"inLanguage":"es","potentialAction":[{"@type":"ReadAction","target":["http:\/\/www.funidelia.dk\/blog\/kostumer-kvinder\/"]}]},{"@type":"ImageObject","inLanguage":"es","@id":"http:\/\/www.funidelia.dk\/blog\/kostumer-kvinder\/#primaryimage","url":"http:\/\/www.funidelia.dk\/blog\/wp-content\/uploads\/2020\/02\/women.jpg","contentUrl":"http:\/\/www.funidelia.dk\/blog\/wp-content\/uploads\/2020\/02\/women.jpg","width":788,"height":534},{"@type":"BreadcrumbList","@id":"http:\/\/www.funidelia.dk\/blog\/kostumer-kvinder\/#breadcrumb","itemListElement":[{"@type":"ListItem","position":1,"name":"Portada","item":"http:\/\/www.funidelia.dk\/blog\/"},{"@type":"ListItem","position":2,"name":"Kostumer til kvinder"}]},{"@type":"WebSite","@id":"http:\/\/www.funidelia.dk\/blog\/#website","url":"http:\/\/www.funidelia.dk\/blog\/","name":"Funidelia Blog","description":"","publisher":{"@id":"http:\/\/www.funidelia.dk\/blog\/#organization"},"potentialAction":[{"@type":"SearchAction","target":{"@type":"EntryPoint","urlTemplate":"http:\/\/www.funidelia.dk\/blog\/?s={search_term_string}"},"query-input":"required name=search_term_string"}],"inLanguage":"es"},{"@type":"Organization","@id":"http:\/\/www.funidelia.dk\/blog\/#organization","name":"Funidelia","url":"http:\/\/www.funidelia.dk\/blog\/","logo":{"@type":"ImageObject","inLanguage":"es","@id":"http:\/\/www.funidelia.dk\/blog\/#\/schema\/logo\/image\/","url":"","contentUrl":"","caption":"Funidelia"},"image":{"@id":"http:\/\/www.funidelia.dk\/blog\/#\/schema\/logo\/image\/"},"sameAs":["https:\/\/www.facebook.com\/funidelia","https:\/\/x.com\/funidelia","https:\/\/www.instagram.com\/funidelia\/","https:\/\/linkedin.com\/company\/funidelia","https:\/\/es.pinterest.com\/funidelia\/","https:\/\/www.youtube.com\/user\/FunideliaEs\/"]}]}},"_links":{"self":[{"href":"http:\/\/www.funidelia.dk\/blog\/wp-json\/wp\/v2\/pages\/22050"}],"collection":[{"href":"http:\/\/www.funidelia.dk\/blog\/wp-json\/wp\/v2\/pages"}],"about":[{"href":"http:\/\/www.funidelia.dk\/blog\/wp-json\/wp\/v2\/types\/page"}],"author":[{"embeddable":true,"href":"http:\/\/www.funidelia.dk\/blog\/wp-json\/wp\/v2\/users\/11"}],"replies":[{"embeddable":true,"href":"http:\/\/www.funidelia.dk\/blog\/wp-json\/wp\/v2\/comments?post=22050"}],"version-history":[{"count":6,"href":"http:\/\/www.funidelia.dk\/blog\/wp-json\/wp\/v2\/pages\/22050\/revisions"}],"predecessor-version":[{"id":22694,"href":"http:\/\/www.funidelia.dk\/blog\/wp-json\/wp\/v2\/pages\/22050\/revisions\/22694"}],"wp:featuredmedia":[{"embeddable":true,"href":"http:\/\/www.funidelia.dk\/blog\/wp-json\/wp\/v2\/media\/22075"}],"wp:attachment":[{"href":"http:\/\/www.funidelia.dk\/blog\/wp-json\/wp\/v2\/media?parent=22050"}],"curies":[{"name":"wp","href":"https:\/\/api.w.org\/{rel}","templated":true}]}}
