{"id":22145,"date":"2020-07-14T10:02:28","date_gmt":"2020-07-14T08:02:28","guid":{"rendered":"http:\/\/www.funidelia.dk\/blog\/?page_id=22145"},"modified":"2024-06-24T10:00:16","modified_gmt":"2024-06-24T08:00:16","slug":"baby-shower-dekoration","status":"publish","type":"page","link":"http:\/\/www.funidelia.dk\/blog\/baby-shower-dekoration\/","title":{"rendered":"Baby Shower Dekoration: S\u00e5dan organiseres og dekoreres et baby shower"},"content":{"rendered":"<p>I dette afsnit bringer vi dig en af de mest moderigtige fester til fremtidige m\u00f8dre og f\u00e6dre. En amerikansk tradition, der dukker op i mange andre lande. Vi forklarer, <strong>hvad et baby shower er, <\/strong>og hvordan man organiserer et. Og frem for alt, <a href=\"\/baby-shower-dekorationer\/8113\">hvordan man dekorerer et baby shower<\/a>. Giv din baby den bedste velkomstfest nogensinde!<\/p>\n<h2>Hvad er et baby shower?<\/h2>\n<p>Et baby shower er en fest for at fejre ankomsten af en ny baby. Det er en tradition, der kommer fra USA, selvom traditionen af erfarne m\u00f8dre der m\u00f8des for at yde hj\u00e6lp og nyttige r\u00e5d til nye m\u00f8dre, har eksisteret i \u00e5rhundreder.<\/p>\n<p>Et baby shower er basalt set en fest for babyens mor, arrangeret af hendes venner eller familie. S\u00e5 det har v\u00e6ret en traditionelt feminin begivenhed. Men f\u00e6dre og venner bliver mere og mere involveret i disse begivenheder, og begge for\u00e6ldre arrangerer nu fester for at fejre deres graviditet med deres n\u00e6rmeste venner.<\/p>\n<p align=\"center\"><iframe loading=\"lazy\" class=\"giphy-embed\" src=\"https:\/\/giphy.com\/embed\/giv4Sh4d30yn10XwBj\" width=\"480\" height=\"320\" frameborder=\"0\" allowfullscreen=\"allowfullscreen\"><\/iframe><\/p>\n<p>Normalt finder disse sted i sidste trimester af graviditeten, og m\u00f8dre og f\u00e6dre gives nyttige ting, mens alle nyder noget l\u00e6kkert mad og spiller spil. Selvom denne tradition kan variere afh\u00e6ngigt af hvor du er.<\/p>\n<h2>Hvordan organiserer du et baby shower?<\/h2>\n<p align=\"center\"><img decoding=\"async\" src=\"https:\/\/static1.funidelia.com\/img\/blog\/s-baby-shower\/babyshower.jpg\" \/><\/p>\n<p>Der er forskellige ting, du skal huske p\u00e5, n\u00e5r det kommer til at holde et baby shower:<\/p>\n<ul>\n<li>Lave og sende <strong>invitationer<\/strong>: Den f\u00f8rste ting, du skal g\u00f8re, er at invitere de venner og familie, du vil have med. Du kan designe nogle s\u00f8de og lette invitationer med dato, tid og sted for begivenheden. Og selvf\u00f8lgelig skal nogen v\u00e6re ansvarlig for at f\u00e5 disse sendt til g\u00e6sterne.<\/li>\n<li>Tilberedning af <strong>mad og drikke<\/strong>: Normalt finder denne slags fester sted om eftermiddagen, s\u00e5 s\u00f8rg for at have noget s\u00f8dt. Cupcakes, snegle, slik og en kage selvf\u00f8lgelig. Som drikkevarer kan du skaffe vand, l\u00e6skedrikke, varme drikke osv. Pr\u00e6senter det hele p\u00e5 nogle p\u00e6ne fade med farver, der matcher den udsmykning, du v\u00e6lger. Tallerkener, kopper, duge, servietter&#8230; Alt kan matche. Hos Funidelia har vi alt, hvad du har brug for, s\u00e5vel som et par ekstra ting, som et cupcakestativ eller toppers til kager eller cupcakes.<\/li>\n<li>Spil <strong>spil med g\u00e6sterne<\/strong>: At spille spil med dine g\u00e6ster er noget, der ofte sker ved baby showers. Temaet er helt op til dig, selvom det normalt har noget at g\u00f8re med graviditet. Nogle almindelige spil inkluderer for eksempel at g\u00e6tte st\u00f8rrelsen p\u00e5 m\u00f8drenes mave, se, hvem der kan drikke en flaske m\u00e6lk hurtigst, eller en quiz med temaet graviditet eller babyer.<\/li>\n<\/ul>\n<p>Endelig, selvom vi ikke har talt om det endnu, er baby shower-dekorationer meget vigtige. Det skal v\u00e6re sjovt men enkelt, og vi har masser af muligheder. S\u00e5 mange, at vi har dedikeret et separat afsnit bare til baby shower-dekorationer.<\/p>\n<h2>Dekorationer til et baby shower<\/h2>\n<p>Du vil v\u00e6re sikker p\u00e5 at have det sjovt, n\u00e5r du forbereder <strong>baby shower dekorationer<\/strong>. Udsmykning er en af DE vigtigste ting, og her p\u00e5 Funidelia har vi et bredt udvalg af dekorationer til baby showers. Vi har alt hvad du har brug for, for at holde din fest med stil. Lad os gennemg\u00e5 dette trin for trin og s\u00f8rge for at nyde hvert \u00f8jeblik, mens vi g\u00e5r. Dette er alt hvad du har brug for:<\/p>\n<ul>\n<li style=\"list-style-type: none;\">\n<ul>\n<li><strong>V\u00e6lg farveskema<\/strong>: Den f\u00f8rste ting du skal g\u00f8re, er at beslutte, hvilke farver du vil have til festen. Du kan v\u00e6lge de typiske farver, afh\u00e6ngigt af babyens k\u00f8n: lyser\u00f8d til en pige og bl\u00e5 til en dreng. Men hvis dette ikke er noget for dig, hvorfor s\u00e5 ikke kigge efter dekorationer i en kombination af farver, g\u00e5 efter noget neutralt som hvidt, lilla, gult&#8230; I alle tilf\u00e6lde har vi alle de dekorationer og service, du har brug for til et baby shower.<\/li>\n<\/ul>\n<\/li>\n<\/ul>\n<p align=\"center\"><img decoding=\"async\" src=\"https:\/\/static1.funidelia.com\/img\/blog\/s-baby-shower\/colors.jpg\" \/><\/p>\n<ul>\n<li style=\"list-style-type: none;\">\n<ul>\n<li><strong>Pynt op med balloner<\/strong>: H\u00e6ng forskellige typer balloner op med sjove beskeder som \u00abDet er en pige\u00bb eller \u00abDet er en dreng\u00bb, eller noget mere neutralt som \u00abBaby shower\u00bb, hvis du ikke \u00f8nsker at afsl\u00f8re k\u00f8nnet endnu. Du kan ogs\u00e5 f\u00e5 nogle \u00abDreng eller pige\u00bb balloner i lyser\u00f8d og bl\u00e5. En anden god mulighed, hvis graviditeten er i slutfasen, og du allerede har bestemt dig for navnet, er at h\u00e6nge folieballoner med babyens navn p\u00e5.<\/li>\n<\/ul>\n<\/li>\n<\/ul>\n<p align=\"center\"><img decoding=\"async\" src=\"https:\/\/static1.funidelia.com\/img\/blog\/s-baby-shower\/balloons.jpg\" \/><\/p>\n<ul>\n<li style=\"list-style-type: none;\">\n<ul>\n<li><strong>Dekorer bordet<\/strong>: Ud over de tallerkener, kopper og duge, vi allerede har n\u00e6vnt, kan vi ogs\u00e5 tilf\u00f8je nogle dekorative detaljer til bordet. Nogle eksempler inkluderer en baby shower kage topper, vaser i form af en flaske, borddekorationer eller farvede sutter.<\/li>\n<\/ul>\n<\/li>\n<\/ul>\n<p align=\"center\"><img decoding=\"async\" src=\"https:\/\/static1.funidelia.com\/img\/blog\/s-baby-shower\/table.jpg\" \/><\/p>\n<ul>\n<li style=\"list-style-type: none;\">\n<ul>\n<li><strong>H\u00e6ngende guirlander:<\/strong> Glem ikke at h\u00e6nge nogle guirlander op for at dekorere din fest. Der er mange muligheder at v\u00e6lge imellem. Fra mere neutrale guirlander, der matcher festens farveskema, til guirlander, der er mere specifikke. V\u00e6lg en guirlande med ordene \u00abBABY SHOWER\u00bb skrevet med store bogstaver, nogle metal h\u00e6ngende bannere eller nogle h\u00e6ngende \u00abDet er en pige\u00bb eller \u00abDet er en dreng\u00bb dekorationer.<\/li>\n<\/ul>\n<\/li>\n<\/ul>\n<p align=\"center\"><img decoding=\"async\" src=\"https:\/\/static1.funidelia.com\/322566-f6_list\/libro-de-visitas-alternativo-para-baby-shower-azul-pattern-works.jpg\" \/><img decoding=\"async\" src=\"https:\/\/static1.funidelia.com\/315972-f6_list\/banderin-rosa-baby-shower-pattern-works-pink.jpg\" \/><\/p>\n<ul>\n<li style=\"list-style-type: none;\">\n<ul>\n<li><strong>Lav gaver til g\u00e6sterne<\/strong>: Selvom vi ved, at g\u00e6sterne vil give gaver til de fremtidige for\u00e6ldre, er det dejligt at have lidt at give til g\u00e6sterne, selvom det bare er et lille symbol at huske festen ved. Til dette kan du f\u00e5 nogle smukke gave\u00e6sker. Du kan g\u00e5 med nogle neutrale polka prikkede kasser, eller noget mere unikt, som barnevognsformede gave\u00e6sker.<\/li>\n<\/ul>\n<\/li>\n<\/ul>\n<p align=\"center\"><img decoding=\"async\" src=\"https:\/\/static1.funidelia.com\/422976-f6_list\/10-cajas-de-regalo-con-forma-de-coche-de-bebe-rosa-its-a-girl-collection.jpg\" \/><img decoding=\"async\" src=\"https:\/\/static1.funidelia.com\/422974-f6_list\/10-cajas-de-regalo-con-forma-de-coche-de-bebe-azul-its-a-boy-collection.jpg\" \/><\/p>\n<ul>\n<li style=\"list-style-type: none;\">\n<ul>\n<li>Fuldend din op pyntning med nogle smukke <strong>dekorative ornamenter<\/strong>: F\u00f8j prikken over i&#8217;et til din baby shower-dekoration ved at h\u00e6nge nogle ekstra dekorative ornamenter p\u00e5. Som klisterm\u00e6rker eller (noget vi elsker) en unik h\u00e6ngende g\u00e6stebog, hvor g\u00e6sterne kan underskrive, hvilket efterlader en dejlig besked til babyen der kommer.<\/li>\n<\/ul>\n<\/li>\n<\/ul>\n<p align=\"center\"><img decoding=\"async\" src=\"https:\/\/static1.funidelia.com\/231218-f6_list\/pinata-carrito-de-bebe-baby-carriage-decorator.jpg\" \/><img decoding=\"async\" src=\"https:\/\/static1.funidelia.com\/230994-f6_list\/centro-de-mesa-biberon-rosa-baby-shower.jpg\" \/><\/p>\n<p align=\"center\"><img decoding=\"async\" src=\"https:\/\/static1.funidelia.com\/img\/blog\/s-baby-shower\/diaper-cake.jpg\" \/><\/p>\n<h2>Gender Reveal Fester<\/h2>\n<p>En ny type baby shower, der bliver mere og mere popul\u00e6r. Tanken er at arrangere en fest p\u00e5 for\u00e6ldrenes vegne, for at afsl\u00f8re babyens k\u00f8n. G\u00e6sterne ved ikke noget, f\u00f8r de ankommer til huset eller lokalet.<\/p>\n<p>Organiseringen og dekorationen ligner det, vi har set tidligere, selvom det er meget mere fokuseret p\u00e5 babyens k\u00f8n. Eller ikke &#8211; du kunne ogs\u00e5 skabe en neutral atmosf\u00e6re, s\u00e5 du ikke opdager k\u00f8nnet f\u00f8r til sidst, m\u00e5ske finde ud af det via en skattejagt. Der er masser af muligheder!<\/p>\n<p align=\"center\"><img decoding=\"async\" src=\"https:\/\/static1.funidelia.com\/img\/blog\/s-baby-shower\/gender-reveal.jpg\" \/><\/p>\n<h3 style=\"text-align: center;\">It&#8217;s a&#8230; baby!<\/h3>\n<p align=\"center\"><iframe loading=\"lazy\" class=\"giphy-embed\" src=\"https:\/\/giphy.com\/embed\/wsTyHckpam4EEUbaJ6\" width=\"480\" height=\"296\" frameborder=\"0\" allowfullscreen=\"allowfullscreen\"><\/iframe><\/p>\n","protected":false},"excerpt":{"rendered":"<p>I dette afsnit bringer vi dig en af de mest moderigtige fester til fremtidige m\u00f8dre og f\u00e6dre. En amerikansk tradition, der dukker op i mange andre lande. Vi forklarer, hvad et baby shower er, og hvordan man organiserer et. Og frem for alt, hvordan man dekorerer et baby shower. Giv&#8230;<\/p>\n","protected":false},"author":21,"featured_media":22123,"parent":0,"menu_order":0,"comment_status":"closed","ping_status":"closed","template":"","meta":{"footnotes":""},"yoast_head":"<!-- This site is optimized with the Yoast SEO plugin v23.0 - https:\/\/yoast.com\/wordpress\/plugins\/seo\/ -->\n<title>De bedste udsmykningsideer til baby showers<\/title>\n<meta name=\"description\" content=\"Skal du til at holde et baby shower og ikke sikker p\u00e5, hvor du skal starte? Opdag de bedste baby shower-ideer til den perfekte fest her p\u00e5 Funidelia.\" \/>\n<meta name=\"robots\" content=\"index, follow, max-snippet:-1, max-image-preview:large, max-video-preview:-1\" \/>\n<link rel=\"canonical\" href=\"http:\/\/www.funidelia.dk\/blog\/baby-shower-dekoration\/\" \/>\n<meta property=\"og:locale\" content=\"es_ES\" \/>\n<meta property=\"og:type\" content=\"article\" \/>\n<meta property=\"og:title\" content=\"De bedste udsmykningsideer til baby showers\" \/>\n<meta property=\"og:description\" content=\"Skal du til at holde et baby shower og ikke sikker p\u00e5, hvor du skal starte? Opdag de bedste baby shower-ideer til den perfekte fest her p\u00e5 Funidelia.\" \/>\n<meta property=\"og:url\" content=\"http:\/\/www.funidelia.dk\/blog\/baby-shower-dekoration\/\" \/>\n<meta property=\"og:site_name\" content=\"Funidelia Blog\" \/>\n<meta property=\"article:publisher\" content=\"https:\/\/www.facebook.com\/funidelia\" \/>\n<meta property=\"article:modified_time\" content=\"2024-06-24T08:00:16+00:00\" \/>\n<meta property=\"og:image\" content=\"http:\/\/www.funidelia.dk\/blog\/wp-content\/uploads\/2020\/07\/babyshower.jpg\" \/>\n\t<meta property=\"og:image:width\" content=\"788\" \/>\n\t<meta property=\"og:image:height\" content=\"534\" \/>\n\t<meta property=\"og:image:type\" content=\"image\/jpeg\" \/>\n<meta name=\"twitter:card\" content=\"summary_large_image\" \/>\n<meta name=\"twitter:site\" content=\"@funidelia\" \/>\n<meta name=\"twitter:label1\" content=\"Tiempo de lectura\" \/>\n\t<meta name=\"twitter:data1\" content=\"5 minutos\" \/>\n<script type=\"application\/ld+json\" class=\"yoast-schema-graph\">{\"@context\":\"https:\/\/schema.org\",\"@graph\":[{\"@type\":\"WebPage\",\"@id\":\"http:\/\/www.funidelia.dk\/blog\/baby-shower-dekoration\/\",\"url\":\"http:\/\/www.funidelia.dk\/blog\/baby-shower-dekoration\/\",\"name\":\"De bedste udsmykningsideer til baby showers\",\"isPartOf\":{\"@id\":\"http:\/\/www.funidelia.dk\/blog\/#website\"},\"primaryImageOfPage\":{\"@id\":\"http:\/\/www.funidelia.dk\/blog\/baby-shower-dekoration\/#primaryimage\"},\"image\":{\"@id\":\"http:\/\/www.funidelia.dk\/blog\/baby-shower-dekoration\/#primaryimage\"},\"thumbnailUrl\":\"http:\/\/www.funidelia.dk\/blog\/wp-content\/uploads\/2020\/07\/babyshower.jpg\",\"datePublished\":\"2020-07-14T08:02:28+00:00\",\"dateModified\":\"2024-06-24T08:00:16+00:00\",\"description\":\"Skal du til at holde et baby shower og ikke sikker p\u00e5, hvor du skal starte? Opdag de bedste baby shower-ideer til den perfekte fest her p\u00e5 Funidelia.\",\"breadcrumb\":{\"@id\":\"http:\/\/www.funidelia.dk\/blog\/baby-shower-dekoration\/#breadcrumb\"},\"inLanguage\":\"es\",\"potentialAction\":[{\"@type\":\"ReadAction\",\"target\":[\"http:\/\/www.funidelia.dk\/blog\/baby-shower-dekoration\/\"]}]},{\"@type\":\"ImageObject\",\"inLanguage\":\"es\",\"@id\":\"http:\/\/www.funidelia.dk\/blog\/baby-shower-dekoration\/#primaryimage\",\"url\":\"http:\/\/www.funidelia.dk\/blog\/wp-content\/uploads\/2020\/07\/babyshower.jpg\",\"contentUrl\":\"http:\/\/www.funidelia.dk\/blog\/wp-content\/uploads\/2020\/07\/babyshower.jpg\",\"width\":788,\"height\":534},{\"@type\":\"BreadcrumbList\",\"@id\":\"http:\/\/www.funidelia.dk\/blog\/baby-shower-dekoration\/#breadcrumb\",\"itemListElement\":[{\"@type\":\"ListItem\",\"position\":1,\"name\":\"Portada\",\"item\":\"http:\/\/www.funidelia.dk\/blog\/\"},{\"@type\":\"ListItem\",\"position\":2,\"name\":\"Baby Shower Dekoration: S\u00e5dan organiseres og dekoreres et baby shower\"}]},{\"@type\":\"WebSite\",\"@id\":\"http:\/\/www.funidelia.dk\/blog\/#website\",\"url\":\"http:\/\/www.funidelia.dk\/blog\/\",\"name\":\"Funidelia Blog\",\"description\":\"\",\"publisher\":{\"@id\":\"http:\/\/www.funidelia.dk\/blog\/#organization\"},\"potentialAction\":[{\"@type\":\"SearchAction\",\"target\":{\"@type\":\"EntryPoint\",\"urlTemplate\":\"http:\/\/www.funidelia.dk\/blog\/?s={search_term_string}\"},\"query-input\":\"required name=search_term_string\"}],\"inLanguage\":\"es\"},{\"@type\":\"Organization\",\"@id\":\"http:\/\/www.funidelia.dk\/blog\/#organization\",\"name\":\"Funidelia\",\"url\":\"http:\/\/www.funidelia.dk\/blog\/\",\"logo\":{\"@type\":\"ImageObject\",\"inLanguage\":\"es\",\"@id\":\"http:\/\/www.funidelia.dk\/blog\/#\/schema\/logo\/image\/\",\"url\":\"\",\"contentUrl\":\"\",\"caption\":\"Funidelia\"},\"image\":{\"@id\":\"http:\/\/www.funidelia.dk\/blog\/#\/schema\/logo\/image\/\"},\"sameAs\":[\"https:\/\/www.facebook.com\/funidelia\",\"https:\/\/x.com\/funidelia\",\"https:\/\/www.instagram.com\/funidelia\/\",\"https:\/\/linkedin.com\/company\/funidelia\",\"https:\/\/es.pinterest.com\/funidelia\/\",\"https:\/\/www.youtube.com\/user\/FunideliaEs\/\"]}]}<\/script>\n<!-- \/ Yoast SEO plugin. -->","yoast_head_json":{"title":"De bedste udsmykningsideer til baby showers","description":"Skal du til at holde et baby shower og ikke sikker p\u00e5, hvor du skal starte? Opdag de bedste baby shower-ideer til den perfekte fest her p\u00e5 Funidelia.","robots":{"index":"index","follow":"follow","max-snippet":"max-snippet:-1","max-image-preview":"max-image-preview:large","max-video-preview":"max-video-preview:-1"},"canonical":"http:\/\/www.funidelia.dk\/blog\/baby-shower-dekoration\/","og_locale":"es_ES","og_type":"article","og_title":"De bedste udsmykningsideer til baby showers","og_description":"Skal du til at holde et baby shower og ikke sikker p\u00e5, hvor du skal starte? Opdag de bedste baby shower-ideer til den perfekte fest her p\u00e5 Funidelia.","og_url":"http:\/\/www.funidelia.dk\/blog\/baby-shower-dekoration\/","og_site_name":"Funidelia Blog","article_publisher":"https:\/\/www.facebook.com\/funidelia","article_modified_time":"2024-06-24T08:00:16+00:00","og_image":[{"width":788,"height":534,"url":"http:\/\/www.funidelia.dk\/blog\/wp-content\/uploads\/2020\/07\/babyshower.jpg","type":"image\/jpeg"}],"twitter_card":"summary_large_image","twitter_site":"@funidelia","twitter_misc":{"Tiempo de lectura":"5 minutos"},"schema":{"@context":"https:\/\/schema.org","@graph":[{"@type":"WebPage","@id":"http:\/\/www.funidelia.dk\/blog\/baby-shower-dekoration\/","url":"http:\/\/www.funidelia.dk\/blog\/baby-shower-dekoration\/","name":"De bedste udsmykningsideer til baby showers","isPartOf":{"@id":"http:\/\/www.funidelia.dk\/blog\/#website"},"primaryImageOfPage":{"@id":"http:\/\/www.funidelia.dk\/blog\/baby-shower-dekoration\/#primaryimage"},"image":{"@id":"http:\/\/www.funidelia.dk\/blog\/baby-shower-dekoration\/#primaryimage"},"thumbnailUrl":"http:\/\/www.funidelia.dk\/blog\/wp-content\/uploads\/2020\/07\/babyshower.jpg","datePublished":"2020-07-14T08:02:28+00:00","dateModified":"2024-06-24T08:00:16+00:00","description":"Skal du til at holde et baby shower og ikke sikker p\u00e5, hvor du skal starte? Opdag de bedste baby shower-ideer til den perfekte fest her p\u00e5 Funidelia.","breadcrumb":{"@id":"http:\/\/www.funidelia.dk\/blog\/baby-shower-dekoration\/#breadcrumb"},"inLanguage":"es","potentialAction":[{"@type":"ReadAction","target":["http:\/\/www.funidelia.dk\/blog\/baby-shower-dekoration\/"]}]},{"@type":"ImageObject","inLanguage":"es","@id":"http:\/\/www.funidelia.dk\/blog\/baby-shower-dekoration\/#primaryimage","url":"http:\/\/www.funidelia.dk\/blog\/wp-content\/uploads\/2020\/07\/babyshower.jpg","contentUrl":"http:\/\/www.funidelia.dk\/blog\/wp-content\/uploads\/2020\/07\/babyshower.jpg","width":788,"height":534},{"@type":"BreadcrumbList","@id":"http:\/\/www.funidelia.dk\/blog\/baby-shower-dekoration\/#breadcrumb","itemListElement":[{"@type":"ListItem","position":1,"name":"Portada","item":"http:\/\/www.funidelia.dk\/blog\/"},{"@type":"ListItem","position":2,"name":"Baby Shower Dekoration: S\u00e5dan organiseres og dekoreres et baby shower"}]},{"@type":"WebSite","@id":"http:\/\/www.funidelia.dk\/blog\/#website","url":"http:\/\/www.funidelia.dk\/blog\/","name":"Funidelia Blog","description":"","publisher":{"@id":"http:\/\/www.funidelia.dk\/blog\/#organization"},"potentialAction":[{"@type":"SearchAction","target":{"@type":"EntryPoint","urlTemplate":"http:\/\/www.funidelia.dk\/blog\/?s={search_term_string}"},"query-input":"required name=search_term_string"}],"inLanguage":"es"},{"@type":"Organization","@id":"http:\/\/www.funidelia.dk\/blog\/#organization","name":"Funidelia","url":"http:\/\/www.funidelia.dk\/blog\/","logo":{"@type":"ImageObject","inLanguage":"es","@id":"http:\/\/www.funidelia.dk\/blog\/#\/schema\/logo\/image\/","url":"","contentUrl":"","caption":"Funidelia"},"image":{"@id":"http:\/\/www.funidelia.dk\/blog\/#\/schema\/logo\/image\/"},"sameAs":["https:\/\/www.facebook.com\/funidelia","https:\/\/x.com\/funidelia","https:\/\/www.instagram.com\/funidelia\/","https:\/\/linkedin.com\/company\/funidelia","https:\/\/es.pinterest.com\/funidelia\/","https:\/\/www.youtube.com\/user\/FunideliaEs\/"]}]}},"_links":{"self":[{"href":"http:\/\/www.funidelia.dk\/blog\/wp-json\/wp\/v2\/pages\/22145"}],"collection":[{"href":"http:\/\/www.funidelia.dk\/blog\/wp-json\/wp\/v2\/pages"}],"about":[{"href":"http:\/\/www.funidelia.dk\/blog\/wp-json\/wp\/v2\/types\/page"}],"author":[{"embeddable":true,"href":"http:\/\/www.funidelia.dk\/blog\/wp-json\/wp\/v2\/users\/21"}],"replies":[{"embeddable":true,"href":"http:\/\/www.funidelia.dk\/blog\/wp-json\/wp\/v2\/comments?post=22145"}],"version-history":[{"count":7,"href":"http:\/\/www.funidelia.dk\/blog\/wp-json\/wp\/v2\/pages\/22145\/revisions"}],"predecessor-version":[{"id":22674,"href":"http:\/\/www.funidelia.dk\/blog\/wp-json\/wp\/v2\/pages\/22145\/revisions\/22674"}],"wp:featuredmedia":[{"embeddable":true,"href":"http:\/\/www.funidelia.dk\/blog\/wp-json\/wp\/v2\/media\/22123"}],"wp:attachment":[{"href":"http:\/\/www.funidelia.dk\/blog\/wp-json\/wp\/v2\/media?parent=22145"}],"curies":[{"name":"wp","href":"https:\/\/api.w.org\/{rel}","templated":true}]}}
