{"id":22165,"date":"2020-07-14T10:08:14","date_gmt":"2020-07-14T08:08:14","guid":{"rendered":"http:\/\/www.funidelia.dk\/blog\/?page_id=22165"},"modified":"2024-06-24T10:03:20","modified_gmt":"2024-06-24T08:03:20","slug":"hjemmelavede-kostumer","status":"publish","type":"page","link":"http:\/\/www.funidelia.dk\/blog\/hjemmelavede-kostumer\/","title":{"rendered":"Hjemmelavede kostumer (DIY)"},"content":{"rendered":"<p>Ved at udforske Pinterest, har vi fundet 10 hjemmelavede kostumeideer til Karneval eller til enhver anden kostumefest. Nogle af disse kostumer vil minde dig om din barndom, andre om sjove \u00f8jeblikke i tv-serier og nogle af hverdags karakterer og situationer. Dette er de mest unikke, enkle, hurtige, hjemmelavede kostumer, du nogensinde har set!<\/p>\n<h2>Hjemmelavet musik\u00e6ske dukke<\/h2>\n<p align=\"center\"><img decoding=\"async\" src=\"https:\/\/static1.funidelia.com\/img\/blog\/s-diy-costumes\/diy-costumes.jpg\" \/><\/p>\n<p>Slip din fantasi og indre kunsth\u00e5ndv\u00e6rker frem! Vi er sikre p\u00e5, at dette kostume tager lidt tid at fremstille, men resultatet er bestemt det hele v\u00e6rd. Denne musik\u00e6ske dukke er et af de mest unikke kostumer, vi nogensinde har set.<\/p>\n<p>Ud over kassen, der er lavet i h\u00e5nden, er looket fuldent med et lyser\u00f8dt tylsk\u00f8rt og en fuchsia paryk som disse.<\/p>\n<p align=\"center\"><img decoding=\"async\" src=\"https:\/\/static1.funidelia.com\/18913-f6_list\/enagua-de-tul-hot-pink.jpg\" \/><img decoding=\"async\" src=\"https:\/\/static1.funidelia.com\/23700-f6_list\/peluca-media-melena-rosa.jpg\" \/><\/p>\n<h2>DIY sandwich kostume<\/h2>\n<p>Denne dejlige familie, vi fandt p\u00e5 Pinterest, har besluttet at lave en k\u00e6mpe sandwich. For\u00e6ldrene er br\u00f8det, og de sm\u00e5 er kl\u00e6dt ud som bacon, salat og tomat. Her ser vi dem st\u00e5 sammen til et billede, men forestil dig, hvor sjovt det ville v\u00e6re, hvis de fors\u00f8gte at lave sandwichen&#8230;<\/p>\n<p>Hvis du kan lide disse kostumer med temaer, men du er ikke s\u00e5 god med n\u00e5l og tr\u00e5d, hvad med disse unikke alternativer, du kan bruge til din n\u00e6ste fest.<\/p>\n<p>Du bliver s\u00e5 l\u00e6kker! Uanset om du g\u00e5r alene&#8230; eller med en partner.<\/p>\n<p align=\"center\"><img decoding=\"async\" src=\"https:\/\/static1.funidelia.com\/47618-f6_list\/gorro-de-bacon-grasiento-para-adulto.jpg\" \/><img decoding=\"async\" src=\"https:\/\/static1.funidelia.com\/16510-f6_list\/disfraz-de-perrito-caliente-gigante.jpg\" \/><\/p>\n<p align=\"center\"><img decoding=\"async\" src=\"https:\/\/static1.funidelia.com\/54886-f6_list\/disfraz-de-chuleta-de-bacon-para-hombre.jpg\" \/><img decoding=\"async\" src=\"https:\/\/static1.funidelia.com\/44066-f6_list\/disfraz-para-pareja-de-vino-y-queso.jpg\" \/><\/p>\n<p align=\"center\"><img decoding=\"async\" src=\"https:\/\/static1.funidelia.com\/44065-f6_list\/disfraz-para-pareja-de-sandwich-de-mantequilla-de-cacahuete-con-mermelada.jpg\" \/><\/p>\n<h2>Tamagotchi kostume<\/h2>\n<p>Det bedste spil nogensinde! Hvis du blev f\u00f8dt i 90&#8217;erne, har du pr\u00f8vet at fodre, bade og pleje dit \u00abTamagotchi\u00bb k\u00e6ledyr, som om de var en del af familien. Det er ogs\u00e5 et rigtig nemt kostume at fremstille ved hj\u00e6lp af EVA-gummi, noget gennemsigtig plast og en sort tusch. G\u00f8r det endnu bedre med en sjov farvet paryk, som denne lyser\u00f8de, og hav en fantastisk dag!<\/p>\n<h2>Hjemmelavet \u00absk\u00f8r oppustelig arm med b\u00f8lgende r\u00f8r mand\u00bb kostume<\/h2>\n<div class=\"box-videoLight\">\n<div class=\"video-player\" data-id=\"rHXvMcLrLSY\"><\/div>\n<\/div>\n<p>Hvis du har set <em>Family Guy,<\/em> ved du hvad vi taler om. Disse luftfyldte flimrende v\u00e6sener er b\u00e5de unikke og sjove. \u00d8v armbev\u00e6gelserne og lav dit hjemmelavede kostume til et hit til n\u00e6ste karneval.<\/p>\n<h2>Nemt \u00absk\u00f8r katte dame\u00bb kostume<\/h2>\n<p>Hvem her har joket med at de bliver en sk\u00f8r katte dame, n\u00e5r de bliver \u00e6ldre?<\/p>\n<p align=\"center\"><iframe loading=\"lazy\" class=\"giphy-embed\" src=\"https:\/\/giphy.com\/embed\/ZvgVRGFNUdKRW\" width=\"480\" height=\"361\" frameborder=\"0\" allowfullscreen=\"allowfullscreen\"><\/iframe><\/p>\n<p>Nu kan du hurtigt spole fremad og blive en rigtig \u00absk\u00f8r katte dame\u00bb med dette hjemmelavede gamle dame kostume med badek\u00e5be og natkjole. Lav dit hjemmelavede kostume ved at klistre katte bamser overalt p\u00e5 din k\u00e5be, og f\u00e5 aftenens mest unikke kostume.<\/p>\n<h2>Popcorn kostume til babyer<\/h2>\n<p>B\u00f8rn kan ogs\u00e5 have det sjovt til karneval og Halloween! Faktisk kl\u00e6der skoler og b\u00f8rnehaver alle ud, og de elsker det. Hvis du vil pynte din lille i noget virkelig unikt og s\u00f8d, er dette popcorn kostume perfekt! Put popcorn p\u00e5 din babys hat og lav et kostume af filt eller EVA-gummi.<\/p>\n<h2>Hurtigt og nemt Ann fra King Kong kostume<\/h2>\n<p>Hvis du er en cinefil med masser af fantasi, er dette Ann Darrow, der bliver grebet af King Kong kostume, perfekt. V\u00e6r stjernen i en af de mest ber\u00f8mte scener i filmhistorie!<\/p>\n<h2>Hjemmelavet pommes frites kostume<\/h2>\n<p>Hvis du elsker pommes frites (med eller uden ketchup), er det nemt at g\u00f8re dig selv til din yndlingsmad. Med en papkasse og nogle gule skumr\u00f8r har du et sjove kostume til enhver lejlighed. Du vil helt sikkert overraske alle!<\/p>\n<h2>Frappuccino kostume til babyer<\/h2>\n<p>Mocha Frappuccino&#8217;s er l\u00e6kre, ikke? Nu kan du blive en, hvis du vil, med dette hjemmelavede kostume. Gr\u00f8nt suger\u00f8r inkluderet!<\/p>\n<h2>Hjemmelavet Lego kostume<\/h2>\n<p>Et unikt kostume for hele familien. Det er let at lave med dine b\u00f8rn en eftermiddag. Du har brug for en papkasse, saks, lim, plastikkopper og maling. Tilf\u00f8j Lego logoet som en ekstra finish.<\/p>\n<p>Har du besluttet dig for et af disse unikke hjemmelavede kostumer? Kom i gang med at lave dit eget kostume til n\u00e6ste kostumefest. Uanset hvad du v\u00e6lger, er vi sikre p\u00e5, at du f\u00e5r det sjovt!<\/p>\n<h3 style=\"text-align: center;\">Have fun!<\/h3>\n<p align=\"center\"><iframe loading=\"lazy\" class=\"giphy-embed\" src=\"https:\/\/giphy.com\/embed\/IV4wBde5Ou0XC\" width=\"480\" height=\"288\" frameborder=\"0\" allowfullscreen=\"allowfullscreen\"><\/iframe><\/p>\n","protected":false},"excerpt":{"rendered":"<p>Ved at udforske Pinterest, har vi fundet 10 hjemmelavede kostumeideer til Karneval eller til enhver anden kostumefest. Nogle af disse kostumer vil minde dig om din barndom, andre om sjove \u00f8jeblikke i tv-serier og nogle af hverdags karakterer og situationer. Dette er de mest unikke, enkle, hurtige, hjemmelavede kostumer, du&#8230;<\/p>\n","protected":false},"author":21,"featured_media":22125,"parent":0,"menu_order":0,"comment_status":"closed","ping_status":"closed","template":"","meta":{"footnotes":""},"yoast_head":"<!-- This site is optimized with the Yoast SEO plugin v23.0 - https:\/\/yoast.com\/wordpress\/plugins\/seo\/ -->\n<title>De bedste hjemmelavede (DIY) kostumeideer til enhver fest.<\/title>\n<meta name=\"description\" content=\"Hvis du leder efter et billigt kostume til din n\u00e6ste fest, vil dette indl\u00e6g give dig et par ideer til utrolige hjemmelavede kostumer\" \/>\n<meta name=\"robots\" content=\"index, follow, max-snippet:-1, max-image-preview:large, max-video-preview:-1\" \/>\n<link rel=\"canonical\" href=\"http:\/\/www.funidelia.dk\/blog\/hjemmelavede-kostumer\/\" \/>\n<meta property=\"og:locale\" content=\"es_ES\" \/>\n<meta property=\"og:type\" content=\"article\" \/>\n<meta property=\"og:title\" content=\"De bedste hjemmelavede (DIY) kostumeideer til enhver fest.\" \/>\n<meta property=\"og:description\" content=\"Hvis du leder efter et billigt kostume til din n\u00e6ste fest, vil dette indl\u00e6g give dig et par ideer til utrolige hjemmelavede kostumer\" \/>\n<meta property=\"og:url\" content=\"http:\/\/www.funidelia.dk\/blog\/hjemmelavede-kostumer\/\" \/>\n<meta property=\"og:site_name\" content=\"Funidelia Blog\" \/>\n<meta property=\"article:publisher\" content=\"https:\/\/www.facebook.com\/funidelia\" \/>\n<meta property=\"article:modified_time\" content=\"2024-06-24T08:03:20+00:00\" \/>\n<meta property=\"og:image\" content=\"http:\/\/www.funidelia.dk\/blog\/wp-content\/uploads\/2020\/07\/DIY-costumes.jpg\" \/>\n\t<meta property=\"og:image:width\" content=\"788\" \/>\n\t<meta property=\"og:image:height\" content=\"534\" \/>\n\t<meta property=\"og:image:type\" content=\"image\/jpeg\" \/>\n<meta name=\"twitter:card\" content=\"summary_large_image\" \/>\n<meta name=\"twitter:site\" content=\"@funidelia\" \/>\n<meta name=\"twitter:label1\" content=\"Tiempo de lectura\" \/>\n\t<meta name=\"twitter:data1\" content=\"3 minutos\" \/>\n<script type=\"application\/ld+json\" class=\"yoast-schema-graph\">{\"@context\":\"https:\/\/schema.org\",\"@graph\":[{\"@type\":\"WebPage\",\"@id\":\"http:\/\/www.funidelia.dk\/blog\/hjemmelavede-kostumer\/\",\"url\":\"http:\/\/www.funidelia.dk\/blog\/hjemmelavede-kostumer\/\",\"name\":\"De bedste hjemmelavede (DIY) kostumeideer til enhver fest.\",\"isPartOf\":{\"@id\":\"http:\/\/www.funidelia.dk\/blog\/#website\"},\"primaryImageOfPage\":{\"@id\":\"http:\/\/www.funidelia.dk\/blog\/hjemmelavede-kostumer\/#primaryimage\"},\"image\":{\"@id\":\"http:\/\/www.funidelia.dk\/blog\/hjemmelavede-kostumer\/#primaryimage\"},\"thumbnailUrl\":\"http:\/\/www.funidelia.dk\/blog\/wp-content\/uploads\/2020\/07\/DIY-costumes.jpg\",\"datePublished\":\"2020-07-14T08:08:14+00:00\",\"dateModified\":\"2024-06-24T08:03:20+00:00\",\"description\":\"Hvis du leder efter et billigt kostume til din n\u00e6ste fest, vil dette indl\u00e6g give dig et par ideer til utrolige hjemmelavede kostumer\",\"breadcrumb\":{\"@id\":\"http:\/\/www.funidelia.dk\/blog\/hjemmelavede-kostumer\/#breadcrumb\"},\"inLanguage\":\"es\",\"potentialAction\":[{\"@type\":\"ReadAction\",\"target\":[\"http:\/\/www.funidelia.dk\/blog\/hjemmelavede-kostumer\/\"]}]},{\"@type\":\"ImageObject\",\"inLanguage\":\"es\",\"@id\":\"http:\/\/www.funidelia.dk\/blog\/hjemmelavede-kostumer\/#primaryimage\",\"url\":\"http:\/\/www.funidelia.dk\/blog\/wp-content\/uploads\/2020\/07\/DIY-costumes.jpg\",\"contentUrl\":\"http:\/\/www.funidelia.dk\/blog\/wp-content\/uploads\/2020\/07\/DIY-costumes.jpg\",\"width\":788,\"height\":534},{\"@type\":\"BreadcrumbList\",\"@id\":\"http:\/\/www.funidelia.dk\/blog\/hjemmelavede-kostumer\/#breadcrumb\",\"itemListElement\":[{\"@type\":\"ListItem\",\"position\":1,\"name\":\"Portada\",\"item\":\"http:\/\/www.funidelia.dk\/blog\/\"},{\"@type\":\"ListItem\",\"position\":2,\"name\":\"Hjemmelavede kostumer (DIY)\"}]},{\"@type\":\"WebSite\",\"@id\":\"http:\/\/www.funidelia.dk\/blog\/#website\",\"url\":\"http:\/\/www.funidelia.dk\/blog\/\",\"name\":\"Funidelia Blog\",\"description\":\"\",\"publisher\":{\"@id\":\"http:\/\/www.funidelia.dk\/blog\/#organization\"},\"potentialAction\":[{\"@type\":\"SearchAction\",\"target\":{\"@type\":\"EntryPoint\",\"urlTemplate\":\"http:\/\/www.funidelia.dk\/blog\/?s={search_term_string}\"},\"query-input\":\"required name=search_term_string\"}],\"inLanguage\":\"es\"},{\"@type\":\"Organization\",\"@id\":\"http:\/\/www.funidelia.dk\/blog\/#organization\",\"name\":\"Funidelia\",\"url\":\"http:\/\/www.funidelia.dk\/blog\/\",\"logo\":{\"@type\":\"ImageObject\",\"inLanguage\":\"es\",\"@id\":\"http:\/\/www.funidelia.dk\/blog\/#\/schema\/logo\/image\/\",\"url\":\"\",\"contentUrl\":\"\",\"caption\":\"Funidelia\"},\"image\":{\"@id\":\"http:\/\/www.funidelia.dk\/blog\/#\/schema\/logo\/image\/\"},\"sameAs\":[\"https:\/\/www.facebook.com\/funidelia\",\"https:\/\/x.com\/funidelia\",\"https:\/\/www.instagram.com\/funidelia\/\",\"https:\/\/linkedin.com\/company\/funidelia\",\"https:\/\/es.pinterest.com\/funidelia\/\",\"https:\/\/www.youtube.com\/user\/FunideliaEs\/\"]}]}<\/script>\n<!-- \/ Yoast SEO plugin. -->","yoast_head_json":{"title":"De bedste hjemmelavede (DIY) kostumeideer til enhver fest.","description":"Hvis du leder efter et billigt kostume til din n\u00e6ste fest, vil dette indl\u00e6g give dig et par ideer til utrolige hjemmelavede kostumer","robots":{"index":"index","follow":"follow","max-snippet":"max-snippet:-1","max-image-preview":"max-image-preview:large","max-video-preview":"max-video-preview:-1"},"canonical":"http:\/\/www.funidelia.dk\/blog\/hjemmelavede-kostumer\/","og_locale":"es_ES","og_type":"article","og_title":"De bedste hjemmelavede (DIY) kostumeideer til enhver fest.","og_description":"Hvis du leder efter et billigt kostume til din n\u00e6ste fest, vil dette indl\u00e6g give dig et par ideer til utrolige hjemmelavede kostumer","og_url":"http:\/\/www.funidelia.dk\/blog\/hjemmelavede-kostumer\/","og_site_name":"Funidelia Blog","article_publisher":"https:\/\/www.facebook.com\/funidelia","article_modified_time":"2024-06-24T08:03:20+00:00","og_image":[{"width":788,"height":534,"url":"http:\/\/www.funidelia.dk\/blog\/wp-content\/uploads\/2020\/07\/DIY-costumes.jpg","type":"image\/jpeg"}],"twitter_card":"summary_large_image","twitter_site":"@funidelia","twitter_misc":{"Tiempo de lectura":"3 minutos"},"schema":{"@context":"https:\/\/schema.org","@graph":[{"@type":"WebPage","@id":"http:\/\/www.funidelia.dk\/blog\/hjemmelavede-kostumer\/","url":"http:\/\/www.funidelia.dk\/blog\/hjemmelavede-kostumer\/","name":"De bedste hjemmelavede (DIY) kostumeideer til enhver fest.","isPartOf":{"@id":"http:\/\/www.funidelia.dk\/blog\/#website"},"primaryImageOfPage":{"@id":"http:\/\/www.funidelia.dk\/blog\/hjemmelavede-kostumer\/#primaryimage"},"image":{"@id":"http:\/\/www.funidelia.dk\/blog\/hjemmelavede-kostumer\/#primaryimage"},"thumbnailUrl":"http:\/\/www.funidelia.dk\/blog\/wp-content\/uploads\/2020\/07\/DIY-costumes.jpg","datePublished":"2020-07-14T08:08:14+00:00","dateModified":"2024-06-24T08:03:20+00:00","description":"Hvis du leder efter et billigt kostume til din n\u00e6ste fest, vil dette indl\u00e6g give dig et par ideer til utrolige hjemmelavede kostumer","breadcrumb":{"@id":"http:\/\/www.funidelia.dk\/blog\/hjemmelavede-kostumer\/#breadcrumb"},"inLanguage":"es","potentialAction":[{"@type":"ReadAction","target":["http:\/\/www.funidelia.dk\/blog\/hjemmelavede-kostumer\/"]}]},{"@type":"ImageObject","inLanguage":"es","@id":"http:\/\/www.funidelia.dk\/blog\/hjemmelavede-kostumer\/#primaryimage","url":"http:\/\/www.funidelia.dk\/blog\/wp-content\/uploads\/2020\/07\/DIY-costumes.jpg","contentUrl":"http:\/\/www.funidelia.dk\/blog\/wp-content\/uploads\/2020\/07\/DIY-costumes.jpg","width":788,"height":534},{"@type":"BreadcrumbList","@id":"http:\/\/www.funidelia.dk\/blog\/hjemmelavede-kostumer\/#breadcrumb","itemListElement":[{"@type":"ListItem","position":1,"name":"Portada","item":"http:\/\/www.funidelia.dk\/blog\/"},{"@type":"ListItem","position":2,"name":"Hjemmelavede kostumer (DIY)"}]},{"@type":"WebSite","@id":"http:\/\/www.funidelia.dk\/blog\/#website","url":"http:\/\/www.funidelia.dk\/blog\/","name":"Funidelia Blog","description":"","publisher":{"@id":"http:\/\/www.funidelia.dk\/blog\/#organization"},"potentialAction":[{"@type":"SearchAction","target":{"@type":"EntryPoint","urlTemplate":"http:\/\/www.funidelia.dk\/blog\/?s={search_term_string}"},"query-input":"required name=search_term_string"}],"inLanguage":"es"},{"@type":"Organization","@id":"http:\/\/www.funidelia.dk\/blog\/#organization","name":"Funidelia","url":"http:\/\/www.funidelia.dk\/blog\/","logo":{"@type":"ImageObject","inLanguage":"es","@id":"http:\/\/www.funidelia.dk\/blog\/#\/schema\/logo\/image\/","url":"","contentUrl":"","caption":"Funidelia"},"image":{"@id":"http:\/\/www.funidelia.dk\/blog\/#\/schema\/logo\/image\/"},"sameAs":["https:\/\/www.facebook.com\/funidelia","https:\/\/x.com\/funidelia","https:\/\/www.instagram.com\/funidelia\/","https:\/\/linkedin.com\/company\/funidelia","https:\/\/es.pinterest.com\/funidelia\/","https:\/\/www.youtube.com\/user\/FunideliaEs\/"]}]}},"_links":{"self":[{"href":"http:\/\/www.funidelia.dk\/blog\/wp-json\/wp\/v2\/pages\/22165"}],"collection":[{"href":"http:\/\/www.funidelia.dk\/blog\/wp-json\/wp\/v2\/pages"}],"about":[{"href":"http:\/\/www.funidelia.dk\/blog\/wp-json\/wp\/v2\/types\/page"}],"author":[{"embeddable":true,"href":"http:\/\/www.funidelia.dk\/blog\/wp-json\/wp\/v2\/users\/21"}],"replies":[{"embeddable":true,"href":"http:\/\/www.funidelia.dk\/blog\/wp-json\/wp\/v2\/comments?post=22165"}],"version-history":[{"count":6,"href":"http:\/\/www.funidelia.dk\/blog\/wp-json\/wp\/v2\/pages\/22165\/revisions"}],"predecessor-version":[{"id":22689,"href":"http:\/\/www.funidelia.dk\/blog\/wp-json\/wp\/v2\/pages\/22165\/revisions\/22689"}],"wp:featuredmedia":[{"embeddable":true,"href":"http:\/\/www.funidelia.dk\/blog\/wp-json\/wp\/v2\/media\/22125"}],"wp:attachment":[{"href":"http:\/\/www.funidelia.dk\/blog\/wp-json\/wp\/v2\/media?parent=22165"}],"curies":[{"name":"wp","href":"https:\/\/api.w.org\/{rel}","templated":true}]}}
